{"id":943,"date":"2021-07-15T16:57:34","date_gmt":"2021-07-16T00:57:34","guid":{"rendered":"https:\/\/lidaglassware.com\/?post_type=product&#038;p=943"},"modified":"2021-07-19T00:10:45","modified_gmt":"2021-07-19T08:10:45","slug":"city-shot-glasses-1-4oz-40ml","status":"publish","type":"product","link":"https:\/\/lidaglassware.com\/es\/producto\/city-shot-glasses-1-4oz-40ml\/","title":{"rendered":"Vasos de chupito City 1,4 oz \/ 40 ml"},"content":{"rendered":"<p>Ideal para cualquier esp\u00edritu, esta Ciudad <a href=\"http:\/\/www.itsglassware.com\" target=\"_blank\" rel=\"noopener\">Vasos de chupito<\/a>\u00a0 son el comienzo perfecto de la fiesta. Este dise\u00f1o ofrece un vaso m\u00e1s elegante con una tapa ancha y una base gruesa y pesada, lo que ayuda a ofrecer una apariencia atrevida para acompa\u00f1ar sus bebidas.<\/p>","protected":false},"excerpt":{"rendered":"<p>Ideales para cualquier esp\u00edritu, estos vasos City Shot son el comienzo perfecto de la fiesta. Este dise\u00f1o ofrece un vaso m\u00e1s elegante con una tapa ancha y una base gruesa y pesada, lo que ayuda a ofrecer una apariencia atrevida para acompa\u00f1ar sus bebidas.<\/p>","protected":false},"featured_media":994,"comment_status":"closed","ping_status":"closed","template":"","meta":[],"class_list":["post-943","product","type-product","status-publish","has-post-thumbnail","hentry","product_cat-branded-glasses","product_cat-shot-glasses"],"_links":{"self":[{"href":"https:\/\/lidaglassware.com\/es\/wp-json\/wp\/v2\/product\/943","targetHints":{"allow":["GET"]}}],"collection":[{"href":"https:\/\/lidaglassware.com\/es\/wp-json\/wp\/v2\/product"}],"about":[{"href":"https:\/\/lidaglassware.com\/es\/wp-json\/wp\/v2\/types\/product"}],"replies":[{"embeddable":true,"href":"https:\/\/lidaglassware.com\/es\/wp-json\/wp\/v2\/comments?post=943"}],"wp:featuredmedia":[{"embeddable":true,"href":"https:\/\/lidaglassware.com\/es\/wp-json\/wp\/v2\/media\/994"}],"wp:attachment":[{"href":"https:\/\/lidaglassware.com\/es\/wp-json\/wp\/v2\/media?parent=943"}],"curies":[{"name":"wp","href":"https:\/\/api.w.org\/{rel}","templated":true}]}}