{"id":961,"date":"2021-07-15T16:57:36","date_gmt":"2021-07-16T00:57:36","guid":{"rendered":"https:\/\/lidaglassware.com\/?post_type=product&#038;p=961"},"modified":"2021-07-20T17:46:24","modified_gmt":"2021-07-21T01:46:24","slug":"glass-votive-candle-holders-square-cube","status":"publish","type":"product","link":"https:\/\/lidaglassware.com\/es\/producto\/candelabros-votivos-de-vidrio-cubo-cuadrado\/","title":{"rendered":"Portavelas votivas de vidrio (cubo cuadrado)"},"content":{"rendered":"<h2>Portavelas votivas de vidrio (cubo cuadrado)<\/h2>\n<p>El cristal transparente permite que la luz de las velas cree un brillo encantador para cualquier ocasi\u00f3n.<\/p>\n<p>Si quieres ganarle al mercado normal de velas, necesitas dise\u00f1ar la tuya propia para la competencia, para obtener ganancias. Estamos aqu\u00ed esper\u00e1ndote, para darnos cuenta de lo que piensas y lo que necesitas.<\/p>\n<p>Tenemos diferentes soluciones para ti. \u00a1Solo llama o env\u00eda un correo electr\u00f3nico!<\/p>","protected":false},"excerpt":{"rendered":"<p>Cree un incre\u00edble paisaje de mesa para bodas y cenas o haga brillar una hermosa luminiscencia que genere un ambiente elegante en sus dormitorios, ba\u00f1os o donde desee esa luna tranquila y relajante que solo brinda la luz de las velas.<\/p>","protected":false},"featured_media":1070,"comment_status":"closed","ping_status":"closed","template":"","meta":[],"class_list":["post-961","product","type-product","status-publish","has-post-thumbnail","hentry","product_cat-glass-candle-holders","product_tag-glass-candle-holder"],"_links":{"self":[{"href":"https:\/\/lidaglassware.com\/es\/wp-json\/wp\/v2\/product\/961","targetHints":{"allow":["GET"]}}],"collection":[{"href":"https:\/\/lidaglassware.com\/es\/wp-json\/wp\/v2\/product"}],"about":[{"href":"https:\/\/lidaglassware.com\/es\/wp-json\/wp\/v2\/types\/product"}],"replies":[{"embeddable":true,"href":"https:\/\/lidaglassware.com\/es\/wp-json\/wp\/v2\/comments?post=961"}],"wp:featuredmedia":[{"embeddable":true,"href":"https:\/\/lidaglassware.com\/es\/wp-json\/wp\/v2\/media\/1070"}],"wp:attachment":[{"href":"https:\/\/lidaglassware.com\/es\/wp-json\/wp\/v2\/media?parent=961"}],"curies":[{"name":"wp","href":"https:\/\/api.w.org\/{rel}","templated":true}]}}