{"id":962,"date":"2021-07-15T16:57:36","date_gmt":"2021-07-16T00:57:36","guid":{"rendered":"https:\/\/lidaglassware.com\/?post_type=product&#038;p=962"},"modified":"2021-07-19T00:13:56","modified_gmt":"2021-07-19T08:13:56","slug":"printed-shot-glasses-1-8oz-50ml","status":"publish","type":"product","link":"https:\/\/lidaglassware.com\/es\/producto\/vasos-de-chupito-impresos-1-8oz-50ml\/","title":{"rendered":"Vasos de chupito impresos 1,8 oz \/ 50 ml"},"content":{"rendered":"<h2>Vasos de chupito impresos 1,8 oz \/ 50 ml<\/h2>\n<ul>\n<li>Es un vaso de chupito divertido para agregar a tu colecci\u00f3n.<\/li>\n<li>Es un gran regalo para d\u00edas festivos, cumplea\u00f1os y m\u00e1s.<\/li>\n<li>Impreso con su propia marca o im\u00e1genes en este vaso de chupito de 1,8 oz.<\/li>\n<\/ul>\n<p>\u00bfCu\u00e1ndo fue la \u00faltima vez que una gran historia empez\u00f3 con alguien comiendo una ensalada? \u00a1Este vaso de chupito impreso es el punto perfecto para comenzar cualquier fiesta!<\/p>\n<p>\u00a1Te sugerimos que hagas tu propia marca! Abastecete ahora para tener gafas listas para satisfacer a tu cliente.<\/p>\n<p>&nbsp;<\/p>","protected":false},"excerpt":{"rendered":"<p>Printed Shot Glasses 1.8oz \/ 50ml It&#8217;s a fun shot glass to add to your collection Makes a great gift for holidays, birthdays and more Printed with your own brand or images on this 1.8oz Shot glass When was the last time a great story started with someone eating a salad? This printed shot glass [&hellip;]<\/p>","protected":false},"featured_media":1076,"comment_status":"closed","ping_status":"closed","template":"","meta":[],"class_list":["post-962","product","type-product","status-publish","has-post-thumbnail","hentry","product_cat-shot-glasses","product_tag-shot-glasses"],"_links":{"self":[{"href":"https:\/\/lidaglassware.com\/es\/wp-json\/wp\/v2\/product\/962","targetHints":{"allow":["GET"]}}],"collection":[{"href":"https:\/\/lidaglassware.com\/es\/wp-json\/wp\/v2\/product"}],"about":[{"href":"https:\/\/lidaglassware.com\/es\/wp-json\/wp\/v2\/types\/product"}],"replies":[{"embeddable":true,"href":"https:\/\/lidaglassware.com\/es\/wp-json\/wp\/v2\/comments?post=962"}],"wp:featuredmedia":[{"embeddable":true,"href":"https:\/\/lidaglassware.com\/es\/wp-json\/wp\/v2\/media\/1076"}],"wp:attachment":[{"href":"https:\/\/lidaglassware.com\/es\/wp-json\/wp\/v2\/media?parent=962"}],"curies":[{"name":"wp","href":"https:\/\/api.w.org\/{rel}","templated":true}]}}