{"id":964,"date":"2021-07-15T16:57:36","date_gmt":"2021-07-16T00:57:36","guid":{"rendered":"https:\/\/lidaglassware.com\/?post_type=product&#038;p=964"},"modified":"2022-09-27T01:34:45","modified_gmt":"2022-09-27T09:34:45","slug":"colored-printed-shot-glasses-2oz-62ml","status":"publish","type":"product","link":"https:\/\/lidaglassware.com\/es\/producto\/vasos-de-chupito-impresos-en-colores-2oz-62ml\/","title":{"rendered":"Vasos de chupito impresos en colores 2oz \/ 62ml"},"content":{"rendered":"<h2><span style=\"color: #333333;\">Impreso en colores. <a style=\"color: #333333;\" href=\"http:\/\/www.itsglassware.com\/product-category\/shot-glasses\/\" target=\"_blank\" rel=\"noopener\">Vasos de chupito<\/a> 2oz \/ 62ml<\/span><\/h2>\n<ul>\n<li><span style=\"color: #333333;\">Es un vaso de chupito divertido para agregar a tu colecci\u00f3n.<\/span><\/li>\n<li><span style=\"color: #333333;\">Es un gran regalo para d\u00edas festivos, cumplea\u00f1os y m\u00e1s.<\/span><\/li>\n<li><span style=\"color: #333333;\">Impreso con su propia marca o im\u00e1genes en este vaso de chupito de 1,8 oz.<\/span><\/li>\n<\/ul>\n<p><span style=\"color: #333333;\">\u00bfCu\u00e1ndo fue la \u00faltima vez que una gran historia empez\u00f3 con alguien comiendo una ensalada? \u00a1Este vaso de chupito impreso es el punto perfecto para comenzar cualquier fiesta!<\/span><\/p>\n<p><span style=\"color: #333333;\">\u00a1Te sugerimos que hagas tu propia marca! Abastecete ahora para tener gafas listas para satisfacer a tu cliente.<\/span><\/p>\n<p><span style=\"color: #333333;\">Tenemos muchos m\u00e1s <a style=\"color: #333333;\" href=\"http:\/\/www.itsglassware.com\/product-category\/shot-glasses\/\" target=\"_blank\" rel=\"noopener\">vasos de chupito<\/a> para tu selecci\u00f3n!<\/span><\/p>","protected":false},"excerpt":{"rendered":"<p>Colored Printed Shot Glasses 2oz \/ 62ml It&#8217;s a fun shot glass to add to your collection Makes a great gift for holidays, birthdays and more Printed with your own brand or images on this 1.8oz Shot glass When was the last time a great story started with someone eating a salad? This printed shot [&hellip;]<\/p>","protected":false},"featured_media":1085,"comment_status":"closed","ping_status":"closed","template":"","meta":[],"class_list":["post-964","product","type-product","status-publish","has-post-thumbnail","hentry","product_cat-colored-glasses","product_cat-shot-glasses","product_tag-shot-glasses"],"_links":{"self":[{"href":"https:\/\/lidaglassware.com\/es\/wp-json\/wp\/v2\/product\/964","targetHints":{"allow":["GET"]}}],"collection":[{"href":"https:\/\/lidaglassware.com\/es\/wp-json\/wp\/v2\/product"}],"about":[{"href":"https:\/\/lidaglassware.com\/es\/wp-json\/wp\/v2\/types\/product"}],"replies":[{"embeddable":true,"href":"https:\/\/lidaglassware.com\/es\/wp-json\/wp\/v2\/comments?post=964"}],"wp:featuredmedia":[{"embeddable":true,"href":"https:\/\/lidaglassware.com\/es\/wp-json\/wp\/v2\/media\/1085"}],"wp:attachment":[{"href":"https:\/\/lidaglassware.com\/es\/wp-json\/wp\/v2\/media?parent=964"}],"curies":[{"name":"wp","href":"https:\/\/api.w.org\/{rel}","templated":true}]}}