{"id":965,"date":"2021-07-15T16:57:36","date_gmt":"2021-07-16T00:57:36","guid":{"rendered":"https:\/\/lidaglassware.com\/?post_type=product&#038;p=965"},"modified":"2021-07-19T00:44:05","modified_gmt":"2021-07-19T08:44:05","slug":"mini-glass-coffee-cup-2-8oz-80ml","status":"publish","type":"product","link":"https:\/\/lidaglassware.com\/es\/producto\/mini-taza-de-cafe-de-vaso-2-8oz-80ml\/","title":{"rendered":"Mini Taza de Caf\u00e9 de Vidrio 2.8oz \/ 80ml"},"content":{"rendered":"<h2>Mini Taza de Caf\u00e9 de Vidrio 2.8oz \/ 80ml<\/h2>\n<p>El vaso de chupito mini taza tiene capacidad para aproximadamente 3 onzas de su licor favorito. Son adorables y divertidos para fotografiarlos. \u00a1Un gran tema de conversaci\u00f3n en cualquier c\u00f3ctel o como accesorio de bar! Miden 3 pulgadas de alto con un di\u00e1metro de boca de 2 pulgadas. El lindo asa peque\u00f1a de la taza y el dise\u00f1o creativo de este vaso de chupito tambi\u00e9n lo convierten en excelentes piezas decorativas.<\/p>\n<div class=\"mw-body-content\"><\/div>","protected":false},"excerpt":{"rendered":"<p>Mini Glass Coffee Cup 2.8oz \/ 80ml The mini mug glass shot glass holds approximately 3\u00a0ounce of your favorite liquor. They are adorable and fun to take shots out of. A great conversation piece at any cocktail party or to have as a bar accessory! They stand 3\u00a0inches tall with a 2\u00a0inch mouth diameter. The [&hellip;]<\/p>","protected":false},"featured_media":1089,"comment_status":"closed","ping_status":"closed","template":"","meta":[],"class_list":["post-965","product","type-product","status-publish","has-post-thumbnail","hentry","product_cat-coffee-glasses","product_tag-glass-coffee-mug"],"_links":{"self":[{"href":"https:\/\/lidaglassware.com\/es\/wp-json\/wp\/v2\/product\/965","targetHints":{"allow":["GET"]}}],"collection":[{"href":"https:\/\/lidaglassware.com\/es\/wp-json\/wp\/v2\/product"}],"about":[{"href":"https:\/\/lidaglassware.com\/es\/wp-json\/wp\/v2\/types\/product"}],"replies":[{"embeddable":true,"href":"https:\/\/lidaglassware.com\/es\/wp-json\/wp\/v2\/comments?post=965"}],"wp:featuredmedia":[{"embeddable":true,"href":"https:\/\/lidaglassware.com\/es\/wp-json\/wp\/v2\/media\/1089"}],"wp:attachment":[{"href":"https:\/\/lidaglassware.com\/es\/wp-json\/wp\/v2\/media?parent=965"}],"curies":[{"name":"wp","href":"https:\/\/api.w.org\/{rel}","templated":true}]}}