{"id":973,"date":"2021-07-15T16:58:57","date_gmt":"2021-07-16T00:58:57","guid":{"rendered":"https:\/\/lidaglassware.com\/?post_type=product&#038;p=973"},"modified":"2021-07-19T00:43:06","modified_gmt":"2021-07-19T08:43:06","slug":"printed-glass-coffee-cup-3-2oz-90ml","status":"publish","type":"product","link":"https:\/\/lidaglassware.com\/es\/producto\/taza-de-cafe-vidrio-impreso-3-2oz-90ml\/","title":{"rendered":"Taza de Caf\u00e9 de Vidrio Impreso 3.2oz \/ 90ml"},"content":{"rendered":"<h2>Taza de Caf\u00e9 de Vidrio Impreso 3.2oz \/ 90ml<\/h2>\n<p>El vaso de chupito mini taza tiene capacidad para aproximadamente 3 onzas de su licor favorito. Son adorables y divertidos para fotografiarlos. \u00a1Un gran tema de conversaci\u00f3n en cualquier c\u00f3ctel o como accesorio de bar! Miden 3 pulgadas de alto con un di\u00e1metro de boca de 2 pulgadas. El lindo asa peque\u00f1a de la taza y el dise\u00f1o creativo de este vaso de chupito tambi\u00e9n lo convierten en excelentes piezas decorativas.<\/p>\n<p>&nbsp;<\/p>\n<div class=\"mw-body-content\"><\/div>","protected":false},"excerpt":{"rendered":"<p>Printed Glass Coffee Cup 3.2oz \/ 90ml The mini mug glass shot glass holds approximately 3\u00a0ounce of your favorite liquor. They are adorable and fun to take shots out of. A great conversation piece at any cocktail party or to have as a bar accessory! They stand 3\u00a0inches tall with a 2\u00a0inch mouth diameter. The [&hellip;]<\/p>","protected":false},"featured_media":1098,"comment_status":"closed","ping_status":"closed","template":"","meta":[],"class_list":["post-973","product","type-product","status-publish","has-post-thumbnail","hentry","product_cat-coffee-glasses","product_tag-glass-coffee-mug"],"_links":{"self":[{"href":"https:\/\/lidaglassware.com\/es\/wp-json\/wp\/v2\/product\/973","targetHints":{"allow":["GET"]}}],"collection":[{"href":"https:\/\/lidaglassware.com\/es\/wp-json\/wp\/v2\/product"}],"about":[{"href":"https:\/\/lidaglassware.com\/es\/wp-json\/wp\/v2\/types\/product"}],"replies":[{"embeddable":true,"href":"https:\/\/lidaglassware.com\/es\/wp-json\/wp\/v2\/comments?post=973"}],"wp:featuredmedia":[{"embeddable":true,"href":"https:\/\/lidaglassware.com\/es\/wp-json\/wp\/v2\/media\/1098"}],"wp:attachment":[{"href":"https:\/\/lidaglassware.com\/es\/wp-json\/wp\/v2\/media?parent=973"}],"curies":[{"name":"wp","href":"https:\/\/api.w.org\/{rel}","templated":true}]}}