{"id":977,"date":"2021-07-15T16:59:39","date_gmt":"2021-07-16T00:59:39","guid":{"rendered":"https:\/\/lidaglassware.com\/?post_type=product&#038;p=977"},"modified":"2021-07-19T00:42:33","modified_gmt":"2021-07-19T08:42:33","slug":"glass-coffee-mug-7-8oz-220ml","status":"publish","type":"product","link":"https:\/\/lidaglassware.com\/es\/producto\/taza-de-cafe-de-vidrio-7-8oz-220ml\/","title":{"rendered":"Taza de caf\u00e9 de vidrio 7,8 oz \/ 220 ml"},"content":{"rendered":"<h2>Taza de caf\u00e9 de vidrio 7,8 oz \/ 220 ml<\/h2>\n<p>Como especialista en cristaler\u00eda, ofrecemos una amplia selecci\u00f3n de productos duraderos y elegantes que se adaptan a sus m\u00faltiples necesidades. Siguiendo esa gran tradici\u00f3n, la forma y el tacto de alta calidad de esta taza multiusos la convierten en un complemento perfecto para el desayuno buffet de cualquier cafeter\u00eda o hotel. Al ofrecer un brillo y una claridad incomparables, este vidrio deja claro al instante que sus clientes est\u00e1n recibiendo el mejor producto y servicio posible.<\/p>\n<p>\u00a1Te sugerimos que hagas tu propia marca! Abastecete ahora para tener gafas listas para satisfacer a tu cliente.<\/p>\n<p>\u00a1Tenemos muchos m\u00e1s vasos de caf\u00e9 para tu selecci\u00f3n!<\/p>\n<div class=\"mw-body-content\"><\/div>","protected":false},"excerpt":{"rendered":"<p>Glass Coffee Mug 7.8oz \/ 220ml As a specialist of glassware, providing a wide selection of durable and elegant products to suit your many needs. In that grand tradition, the high-quality form and feel of this all-purpose mug make it a perfect addition to any coffee shop or hotel breakfast buffet. Offering unparalleled brilliance and [&hellip;]<\/p>","protected":false},"featured_media":1102,"comment_status":"closed","ping_status":"closed","template":"","meta":[],"class_list":["post-977","product","type-product","status-publish","has-post-thumbnail","hentry","product_cat-coffee-glasses","product_tag-glass-coffee-mug"],"_links":{"self":[{"href":"https:\/\/lidaglassware.com\/es\/wp-json\/wp\/v2\/product\/977","targetHints":{"allow":["GET"]}}],"collection":[{"href":"https:\/\/lidaglassware.com\/es\/wp-json\/wp\/v2\/product"}],"about":[{"href":"https:\/\/lidaglassware.com\/es\/wp-json\/wp\/v2\/types\/product"}],"replies":[{"embeddable":true,"href":"https:\/\/lidaglassware.com\/es\/wp-json\/wp\/v2\/comments?post=977"}],"wp:featuredmedia":[{"embeddable":true,"href":"https:\/\/lidaglassware.com\/es\/wp-json\/wp\/v2\/media\/1102"}],"wp:attachment":[{"href":"https:\/\/lidaglassware.com\/es\/wp-json\/wp\/v2\/media?parent=977"}],"curies":[{"name":"wp","href":"https:\/\/api.w.org\/{rel}","templated":true}]}}