{"id":989,"date":"2021-07-15T17:01:46","date_gmt":"2021-07-16T01:01:46","guid":{"rendered":"https:\/\/lidaglassware.com\/?post_type=product&#038;p=989"},"modified":"2021-07-19T00:40:40","modified_gmt":"2021-07-19T08:40:40","slug":"printed-glass-coffee-mug-4oz-120ml","status":"publish","type":"product","link":"https:\/\/lidaglassware.com\/es\/producto\/taza-de-cafe-de-vidrio-impreso-4oz-120ml\/","title":{"rendered":"Taza de caf\u00e9 de vidrio impreso 4oz \/ 120ml"},"content":{"rendered":"<h2>Taza de caf\u00e9 de vidrio impreso 4oz \/ 120ml<\/h2>\n<p>El vaso de chupito mini taza tiene capacidad para aproximadamente 4 onzas de su licor favorito. Son adorables y divertidos para tomar caf\u00e9. \u00a1Un gran tema de conversaci\u00f3n en cualquier c\u00f3ctel o como accesorio para el caf\u00e9! Miden 3 pulgadas de alto con un di\u00e1metro de boca de 2,5 pulgadas.<\/p>\n<p>\u00bfCu\u00e1ndo fue la \u00faltima vez que una gran historia empez\u00f3 con alguien comiendo una ensalada? \u00a1Este mini vaso de caf\u00e9 es el punto perfecto para comenzar cualquier fiesta!<\/p>\n<p>\u00a1Te sugerimos que hagas tu propia marca! Abastecete ahora para tener gafas listas para satisfacer a tu cliente.<\/p>\n<p>\u00a1Tenemos muchos m\u00e1s vasos de caf\u00e9 para tu selecci\u00f3n!<\/p>\n<div class=\"mw-body-content\"><\/div>","protected":false},"excerpt":{"rendered":"<p>El lindo asa peque\u00f1a de la taza y el dise\u00f1o creativo de este vaso de chupito tambi\u00e9n lo convierten en excelentes piezas decorativas.<\/p>","protected":false},"featured_media":1115,"comment_status":"closed","ping_status":"closed","template":"","meta":[],"class_list":["post-989","product","type-product","status-publish","has-post-thumbnail","hentry","product_cat-coffee-glasses","product_tag-glass-coffee-mug"],"_links":{"self":[{"href":"https:\/\/lidaglassware.com\/es\/wp-json\/wp\/v2\/product\/989","targetHints":{"allow":["GET"]}}],"collection":[{"href":"https:\/\/lidaglassware.com\/es\/wp-json\/wp\/v2\/product"}],"about":[{"href":"https:\/\/lidaglassware.com\/es\/wp-json\/wp\/v2\/types\/product"}],"replies":[{"embeddable":true,"href":"https:\/\/lidaglassware.com\/es\/wp-json\/wp\/v2\/comments?post=989"}],"wp:featuredmedia":[{"embeddable":true,"href":"https:\/\/lidaglassware.com\/es\/wp-json\/wp\/v2\/media\/1115"}],"wp:attachment":[{"href":"https:\/\/lidaglassware.com\/es\/wp-json\/wp\/v2\/media?parent=989"}],"curies":[{"name":"wp","href":"https:\/\/api.w.org\/{rel}","templated":true}]}}