{"id":993,"date":"2021-07-15T17:02:22","date_gmt":"2021-07-16T01:02:22","guid":{"rendered":"https:\/\/lidaglassware.com\/?post_type=product&#038;p=993"},"modified":"2022-09-27T16:28:13","modified_gmt":"2022-09-28T00:28:13","slug":"hot-shot-glasses-1-2oz-35ml","status":"publish","type":"product","link":"https:\/\/lidaglassware.com\/es\/producto\/hot-shot-glasses-1-2oz-35ml\/","title":{"rendered":"Vasos de chupito calientes 1,2 oz \/ 35 ml"},"content":{"rendered":"<h2>Vasos de chupito calientes 1,2 oz \/ 35 ml<\/h2>\n<p>Estos vasos de chupito ofrecen una forma cl\u00e1sica de vaso estriado, perfecta para una medida legal de su bebida espirituosa favorita. No hay necesidad de jugar con varias medidas de dedal tratando de obtener un trago exacto, simplemente vierta directamente en este vaso de chupito de base pesada para servir un solo trago.<\/p>\n<p>Ideales para cualquier esp\u00edritu, estos vasos City Shot son el comienzo perfecto de la fiesta. Este dise\u00f1o ofrece un vaso m\u00e1s elegante con una tapa ancha y una base gruesa y pesada, lo que ayuda a ofrecer una apariencia atrevida para acompa\u00f1ar sus bebidas.<\/p>\n<p>&nbsp;<\/p>\n<h1 id=\"firstHeading\" class=\"firstHeading\" lang=\"en\"><span style=\"color: #000000;\">Chupito<\/span><\/h1>\n<div id=\"bodyContent\" class=\"mw-body-content\">\n<div id=\"siteSub\"><span style=\"color: #000000;\">De Wikipedia, la enciclopedia libre<\/span><\/div>\n<div id=\"contentSub\"><\/div>\n<div id=\"jump-to-nav\" class=\"mw-jump\"><\/div>\n<div id=\"mw-content-text\" class=\"mw-content-ltr\" dir=\"ltr\" lang=\"en\">\n<div class=\"thumb tright\">\n<div class=\"thumbinner\">\n<p><span style=\"color: #000000;\"><a class=\"image\" style=\"color: #000000;\" href=\"https:\/\/en.wikipedia.org\/wiki\/File:Three_shotglasses.jpg\" target=\"_blank\" rel=\"noopener\"><img decoding=\"async\" class=\"thumbimage\" src=\"https:\/\/upload.wikimedia.org\/wikipedia\/commons\/thumb\/f\/fb\/Three_shotglasses.jpg\/220px-Three_shotglasses.jpg\" srcset=\"\/\/upload.wikimedia.org\/wikipedia\/commons\/thumb\/f\/fb\/Three_shotglasses.jpg\/330px-Three_shotglasses.jpg 1.5x, \/\/upload.wikimedia.org\/wikipedia\/commons\/thumb\/f\/fb\/Three_shotglasses.jpg\/440px-Three_shotglasses.jpg 2x\" alt=\"\" width=\"220\" height=\"174\" data-file-width=\"3136\" data-file-height=\"2480\"><\/a><\/span><\/p>\n<div class=\"thumbcaption\">\n<div class=\"magnify\"><\/div>\n<p><span style=\"color: #000000;\">Tres vasos de chupito de diferentes formas y tama\u00f1os.<\/span><\/p>\n<\/div>\n<\/div>\n<\/div>\n<div class=\"thumb tright\">\n<div class=\"thumbinner\">\n<p><span style=\"color: #000000;\"><a class=\"image\" style=\"color: #000000;\" href=\"https:\/\/en.wikipedia.org\/wiki\/File:Novelty_Shot_Glasses.JPG\" target=\"_blank\" rel=\"noopener\"><img decoding=\"async\" class=\"thumbimage\" src=\"https:\/\/upload.wikimedia.org\/wikipedia\/commons\/thumb\/0\/0b\/Novelty_Shot_Glasses.JPG\/220px-Novelty_Shot_Glasses.JPG\" srcset=\"\/\/upload.wikimedia.org\/wikipedia\/commons\/thumb\/0\/0b\/Novelty_Shot_Glasses.JPG\/330px-Novelty_Shot_Glasses.JPG 1.5x, \/\/upload.wikimedia.org\/wikipedia\/commons\/thumb\/0\/0b\/Novelty_Shot_Glasses.JPG\/440px-Novelty_Shot_Glasses.JPG 2x\" alt=\"\" width=\"220\" height=\"121\" data-file-width=\"3048\" data-file-height=\"1683\"><\/a><\/span><\/p>\n<div class=\"thumbcaption\">\n<div class=\"magnify\"><\/div>\n<p><span style=\"color: #000000;\">Vasos de chupito con variedad de dise\u00f1os. Los vasos de chupito como estos suelen coleccionarse como art\u00edculos novedosos.<\/span><\/p>\n<\/div>\n<\/div>\n<\/div>\n<p><span style=\"color: #000000;\">A <b>Chupito<\/b> es una peque\u00f1a <a class=\"mw-redirect\" style=\"color: #000000;\" title=\"Vidrio (bebidas)\" href=\"https:\/\/en.wikipedia.org\/wiki\/Glass_(drinkware)\" target=\"_blank\" rel=\"noopener\">vaso<\/a> dise\u00f1ado para sostener o medir <a style=\"color: #000000;\" title=\"bebida destilada\" href=\"https:\/\/en.wikipedia.org\/wiki\/Distilled_beverage\" target=\"_blank\" rel=\"noopener\">bebidas espirituosas o licor<\/a>, que se bebe directamente del vaso (\u201cun trago\u201d) o se vierte en una <a style=\"color: #000000;\" title=\"C\u00f3ctel\" href=\"https:\/\/en.wikipedia.org\/wiki\/Cocktail\" target=\"_blank\" rel=\"noopener\">c\u00f3ctel<\/a>. No es lo mismo un \u201ctrago\u201d de licor que un \u201c<a style=\"color: #000000;\" title=\"Tirador (bebida)\" href=\"https:\/\/en.wikipedia.org\/wiki\/Shooter_(drink)\" target=\"_blank\" rel=\"noopener\">tirador<\/a>&#8220;.<\/span><\/p>\n<p><span style=\"color: #000000;\">Vasos de chupito decorados con una amplia variedad de <a style=\"color: #000000;\" title=\"Brindis (honor)\" href=\"https:\/\/en.wikipedia.org\/wiki\/Toast_(honor)\" target=\"_blank\" rel=\"noopener\">brindis<\/a>, los anuncios y las im\u00e1genes humor\u00edsticas son populares. <a style=\"color: #000000;\" title=\"Recuerdo\" href=\"https:\/\/en.wikipedia.org\/wiki\/Souvenir\" target=\"_blank\" rel=\"noopener\">recuerdos<\/a> y <a style=\"color: #000000;\" title=\"cervecera\" href=\"https:\/\/en.wikipedia.org\/wiki\/Breweriana\" target=\"_blank\" rel=\"noopener\">coleccionables<\/a>.<\/span><\/p>\n<\/div>\n<\/div>","protected":false},"excerpt":{"rendered":"<p>Hot Shot Glasses 1.2oz \/ 35ml This Shot Glasses offer a classic fluted shooter glass shape perfect for a legal measure of your favourite spirit. There&#8217;s no need to fiddle around with various thimble measures trying to get an exact shot, just pour straight in to this heavy-based shot glass to serve a single shot. [&hellip;]<\/p>","protected":false},"featured_media":1119,"comment_status":"closed","ping_status":"closed","template":"","meta":[],"class_list":["post-993","product","type-product","status-publish","has-post-thumbnail","hentry","product_cat-shot-glasses","product_tag-shot-glasses"],"_links":{"self":[{"href":"https:\/\/lidaglassware.com\/es\/wp-json\/wp\/v2\/product\/993","targetHints":{"allow":["GET"]}}],"collection":[{"href":"https:\/\/lidaglassware.com\/es\/wp-json\/wp\/v2\/product"}],"about":[{"href":"https:\/\/lidaglassware.com\/es\/wp-json\/wp\/v2\/types\/product"}],"replies":[{"embeddable":true,"href":"https:\/\/lidaglassware.com\/es\/wp-json\/wp\/v2\/comments?post=993"}],"wp:featuredmedia":[{"embeddable":true,"href":"https:\/\/lidaglassware.com\/es\/wp-json\/wp\/v2\/media\/1119"}],"wp:attachment":[{"href":"https:\/\/lidaglassware.com\/es\/wp-json\/wp\/v2\/media?parent=993"}],"curies":[{"name":"wp","href":"https:\/\/api.w.org\/{rel}","templated":true}]}}