{"id":2575,"date":"2023-09-01T01:39:39","date_gmt":"2023-09-01T09:39:39","guid":{"rendered":"https:\/\/lidaglassware.com\/?page_id=2575"},"modified":"2024-04-02T01:14:31","modified_gmt":"2024-04-02T09:14:31","slug":"quality-control","status":"publish","type":"page","link":"https:\/\/lidaglassware.com\/fr\/quality-control\/","title":{"rendered":"Contr\u00f4le de qualit\u00e9"},"content":{"rendered":"<div data-elementor-type=\"wp-page\" data-elementor-id=\"2575\" class=\"elementor elementor-2575\" data-elementor-post-type=\"page\">\n\t\t\t\t<div class=\"elementor-element elementor-element-3f19ff54 e-con-full e-flex e-con e-parent\" data-id=\"3f19ff54\" data-element_type=\"container\" data-settings=\"{&quot;background_background&quot;:&quot;classic&quot;}\">\n\t\t<div class=\"elementor-element elementor-element-1a609c8f e-flex e-con-boxed e-con e-child\" data-id=\"1a609c8f\" data-element_type=\"container\">\n\t\t\t\t\t<div class=\"e-con-inner\">\n\t\t\t\t<div class=\"elementor-element elementor-element-353ff6b0 elementor-widget elementor-widget-heading\" data-id=\"353ff6b0\" data-element_type=\"widget\" data-widget_type=\"heading.default\">\n\t\t\t\t<div class=\"elementor-widget-container\">\n\t\t\t<h1 class=\"elementor-heading-title elementor-size-default\">Contr\u00f4le qualit\u00e9 chez Lida Glassware<\/h1>\t\t<\/div>\n\t\t\t\t<\/div>\n\t\t\t\t\t<\/div>\n\t\t\t\t<\/div>\n\t\t\t\t<div class=\"elementor-element elementor-element-5c969e5c elementor-widget elementor-widget-text-editor\" data-id=\"5c969e5c\" data-element_type=\"widget\" data-widget_type=\"text-editor.default\">\n\t\t\t\t<div class=\"elementor-widget-container\">\n\t\t\t\t\t\t\t<p>Mettre en place un syst\u00e8me de contr\u00f4le qualit\u00e9 performant.<\/p>\t\t\t\t\t\t<\/div>\n\t\t\t\t<\/div>\n\t\t\t\t<div class=\"elementor-element elementor-element-dd3eca7 elementor-widget elementor-widget-woocommerce-breadcrumb\" data-id=\"dd3eca7\" data-element_type=\"widget\" data-widget_type=\"woocommerce-breadcrumb.default\">\n\t\t\t\t<div class=\"elementor-widget-container\">\n\t\t\t<nav class=\"woocommerce-breadcrumb\" data-no-translation=\"\" data-trp-gettext=\"\">Accueil<\/nav>\t\t<\/div>\n\t\t\t\t<\/div>\n\t\t\t\t<\/div>\n\t\t<div class=\"elementor-element elementor-element-6290723 e-flex e-con-boxed e-con e-parent\" data-id=\"6290723\" data-element_type=\"container\">\n\t\t\t\t\t<div class=\"e-con-inner\">\n\t\t<div class=\"elementor-element elementor-element-ef19482 e-con-full e-flex e-con e-child\" data-id=\"ef19482\" data-element_type=\"container\">\n\t\t\t\t<div class=\"elementor-element elementor-element-30ca2f6 elementor-widget elementor-widget-heading\" data-id=\"30ca2f6\" data-element_type=\"widget\" data-widget_type=\"heading.default\">\n\t\t\t\t<div class=\"elementor-widget-container\">\n\t\t\t<h2 class=\"elementor-heading-title elementor-size-default\">La perfection r\u00e9side dans les d\u00e9tails<\/h2>\t\t<\/div>\n\t\t\t\t<\/div>\n\t\t\t\t<\/div>\n\t\t<div class=\"elementor-element elementor-element-36d2cbb e-con-full e-flex e-con e-child\" data-id=\"36d2cbb\" data-element_type=\"container\">\n\t\t\t\t<div class=\"elementor-element elementor-element-d0fab3d elementor-widget elementor-widget-text-editor\" data-id=\"d0fab3d\" data-element_type=\"widget\" data-widget_type=\"text-editor.default\">\n\t\t\t\t<div class=\"elementor-widget-container\">\n\t\t\t\t\t\t\t<p>Lorsqu&#039;il s&#039;agit de produire de la verrerie exceptionnelle, ce sont les petits d\u00e9tails qui font la grande diff\u00e9rence. Chez Lida Glassware, nous ne nous contentons pas de fabriquer ; nous fabriquons. De l&#039;esquisse de conception initiale au traitement de surface final, notre contr\u00f4le qualit\u00e9 et <span style=\"text-decoration: underline;\"><strong><a href=\"https:\/\/lidaglassware.com\/fr\/glassware-manufacturing\/\" target=\"_blank\" rel=\"nofollow noopener\">d\u00e9partement de fabrication<\/a><\/strong><\/span> travailler strictement \u00e0 chaque \u00e9tape de notre engagement envers la qualit\u00e9 et <span style=\"text-decoration: underline;\"><strong><a href=\"https:\/\/lidaglassware.com\/fr\/customization\/\" target=\"_blank\" rel=\"nofollow noopener\">personnalisation<\/a><\/strong><\/span>.\u00a0<\/p>\t\t\t\t\t\t<\/div>\n\t\t\t\t<\/div>\n\t\t\t\t<\/div>\n\t\t\t\t\t<\/div>\n\t\t\t\t<\/div>\n\t\t<div class=\"elementor-element elementor-element-32c11a4 e-flex e-con-boxed e-con e-parent\" data-id=\"32c11a4\" data-element_type=\"container\" data-settings=\"{&quot;background_background&quot;:&quot;classic&quot;}\">\n\t\t\t\t\t<div class=\"e-con-inner\">\n\t\t<div class=\"elementor-element elementor-element-eddcf34 e-con-full e-flex e-con e-child\" data-id=\"eddcf34\" data-element_type=\"container\">\n\t\t\t\t<div class=\"elementor-element elementor-element-ee3fdb9 elementor-widget elementor-widget-image\" data-id=\"ee3fdb9\" data-element_type=\"widget\" data-widget_type=\"image.default\">\n\t\t\t\t<div class=\"elementor-widget-container\">\n\t\t\t\t\t\t\t\t\t\t\t\t\t<img fetchpriority=\"high\" decoding=\"async\" width=\"1920\" height=\"1283\" src=\"https:\/\/lidaglassware.com\/wp-content\/uploads\/2023\/08\/Changing-Moulds.jpg\" class=\"attachment-full size-full wp-image-2556\" alt=\"Moules\" srcset=\"https:\/\/lidaglassware.com\/wp-content\/uploads\/2023\/08\/Changing-Moulds.jpg 1920w, https:\/\/lidaglassware.com\/wp-content\/uploads\/2023\/08\/Changing-Moulds-300x200.jpg 300w, https:\/\/lidaglassware.com\/wp-content\/uploads\/2023\/08\/Changing-Moulds-1024x684.jpg 1024w, https:\/\/lidaglassware.com\/wp-content\/uploads\/2023\/08\/Changing-Moulds-768x513.jpg 768w, https:\/\/lidaglassware.com\/wp-content\/uploads\/2023\/08\/Changing-Moulds-1536x1026.jpg 1536w, https:\/\/lidaglassware.com\/wp-content\/uploads\/2023\/08\/Changing-Moulds-600x401.jpg 600w\" sizes=\"(max-width: 1920px) 100vw, 1920px\" \/>\t\t\t\t\t\t\t\t\t\t\t\t\t<\/div>\n\t\t\t\t<\/div>\n\t\t\t\t<\/div>\n\t\t<div class=\"elementor-element elementor-element-3bde7b8 e-con-full e-flex e-con e-child\" data-id=\"3bde7b8\" data-element_type=\"container\">\n\t\t\t\t<div class=\"elementor-element elementor-element-621df00 elementor-widget elementor-widget-text-editor\" data-id=\"621df00\" data-element_type=\"widget\" data-widget_type=\"text-editor.default\">\n\t\t\t\t<div class=\"elementor-widget-container\">\n\t\t\t\t\t\t\t<h2><strong>Inspection des moulages<\/strong><\/h2><p>L&#039;importance de l&#039;inspection des moulages dans le contr\u00f4le qualit\u00e9 ne peut \u00eatre surestim\u00e9e. C&#039;est l&#039;\u00e9tape fondamentale qui donne le ton \u00e0 l&#039;ensemble du processus de production. Dans cette phase cruciale, il convient de pr\u00eater attention \u00e0\u00a0:<\/p><ol><li><p>Int\u00e9grit\u00e9 du moule\u00a0: v\u00e9rifiez les fissures, les d\u00e9formations ou l&#039;usure qui pourraient affecter la qualit\u00e9 du produit final.<\/p><\/li><li><p>Pr\u00e9cision dimensionnelle\u00a0: mesurez les dimensions et les tol\u00e9rances pour vous assurer qu&#039;elles correspondent aux sp\u00e9cifications de conception.<\/p><\/li><li><p>Propri\u00e9t\u00e9s des mat\u00e9riaux\u00a0: validez les attributs thermiques et m\u00e9caniques pour vous assurer que le moule peut r\u00e9sister aux conditions de fabrication du verre.<\/p><\/li><\/ol>\t\t\t\t\t\t<\/div>\n\t\t\t\t<\/div>\n\t\t\t\t<\/div>\n\t\t\t\t\t<\/div>\n\t\t\t\t<\/div>\n\t\t<div class=\"elementor-element elementor-element-561a003 e-flex e-con-boxed e-con e-parent\" data-id=\"561a003\" data-element_type=\"container\" data-settings=\"{&quot;background_background&quot;:&quot;classic&quot;}\">\n\t\t\t\t\t<div class=\"e-con-inner\">\n\t\t<div class=\"elementor-element elementor-element-a0bd3b0 e-con-full e-flex e-con e-child\" data-id=\"a0bd3b0\" data-element_type=\"container\">\n\t\t\t\t<div class=\"elementor-element elementor-element-4dc5ed4 elementor-widget elementor-widget-image\" data-id=\"4dc5ed4\" data-element_type=\"widget\" data-widget_type=\"image.default\">\n\t\t\t\t<div class=\"elementor-widget-container\">\n\t\t\t\t\t\t\t\t\t\t\t\t\t<img decoding=\"async\" width=\"800\" height=\"534\" src=\"https:\/\/lidaglassware.com\/wp-content\/uploads\/2023\/08\/Glass-Cup-Sample-1024x684.jpg\" class=\"attachment-large size-large wp-image-2531\" alt=\"\u00c9chantillons gratuits de verrerie\" srcset=\"https:\/\/lidaglassware.com\/wp-content\/uploads\/2023\/08\/Glass-Cup-Sample-1024x684.jpg 1024w, https:\/\/lidaglassware.com\/wp-content\/uploads\/2023\/08\/Glass-Cup-Sample-300x200.jpg 300w, https:\/\/lidaglassware.com\/wp-content\/uploads\/2023\/08\/Glass-Cup-Sample-768x513.jpg 768w, https:\/\/lidaglassware.com\/wp-content\/uploads\/2023\/08\/Glass-Cup-Sample-1536x1026.jpg 1536w, https:\/\/lidaglassware.com\/wp-content\/uploads\/2023\/08\/Glass-Cup-Sample-600x401.jpg 600w, https:\/\/lidaglassware.com\/wp-content\/uploads\/2023\/08\/Glass-Cup-Sample.jpg 1920w\" sizes=\"(max-width: 800px) 100vw, 800px\" \/>\t\t\t\t\t\t\t\t\t\t\t\t\t<\/div>\n\t\t\t\t<\/div>\n\t\t\t\t<\/div>\n\t\t<div class=\"elementor-element elementor-element-f34d7a0 e-con-full e-flex e-con e-child\" data-id=\"f34d7a0\" data-element_type=\"container\">\n\t\t\t\t<div class=\"elementor-element elementor-element-0076fca elementor-widget elementor-widget-text-editor\" data-id=\"0076fca\" data-element_type=\"widget\" data-widget_type=\"text-editor.default\">\n\t\t\t\t<div class=\"elementor-widget-container\">\n\t\t\t\t\t\t\t<h2><strong>Inspection pendant la production<\/strong><\/h2><p>L\u2019inspection pendant la production est une \u00e9tape essentielle pour garantir la qualit\u00e9 et la coh\u00e9rence du produit. Les principaux objectifs de cette \u00e9tape sont les suivants\u00a0:<\/p><ol><li><p>V\u00e9rifications dimensionnelles\u00a0: confirmez que les dimensions du produit sont align\u00e9es sur les sp\u00e9cifications de conception.<\/p><\/li><li><p>Qualit\u00e9 de la surface\u00a0: Inspectez les d\u00e9fauts, fissures ou autres probl\u00e8mes de qualit\u00e9 sur la surface de la verrerie.<\/p><\/li><li><p>Propri\u00e9t\u00e9s des mat\u00e9riaux\u00a0: Valider la composition et les propri\u00e9t\u00e9s physiques du verre pour r\u00e9pondre aux normes de qualit\u00e9.<\/p><\/li><li><p>Param\u00e8tres de processus\u00a0: v\u00e9rifiez tous les \u00e9quipements de production et les param\u00e8tres de processus pour vous assurer qu\u2019ils sont optimis\u00e9s.<\/p><\/li><li><p>Inspection interm\u00e9diaire des produits\u00a0: des contr\u00f4les par \u00e9chantillons \u00e0 diff\u00e9rentes \u00e9tapes de la production permettent une identification et une correction pr\u00e9coces des probl\u00e8mes.<\/p><\/li><\/ol>\t\t\t\t\t\t<\/div>\n\t\t\t\t<\/div>\n\t\t\t\t<\/div>\n\t\t\t\t\t<\/div>\n\t\t\t\t<\/div>\n\t\t<div class=\"elementor-element elementor-element-6bd7394 e-flex e-con-boxed e-con e-parent\" data-id=\"6bd7394\" data-element_type=\"container\" data-settings=\"{&quot;background_background&quot;:&quot;classic&quot;}\">\n\t\t\t\t\t<div class=\"e-con-inner\">\n\t\t<div class=\"elementor-element elementor-element-150e727 e-con-full e-flex e-con e-child\" data-id=\"150e727\" data-element_type=\"container\">\n\t\t\t\t<div class=\"elementor-element elementor-element-e844073 elementor-widget elementor-widget-image\" data-id=\"e844073\" data-element_type=\"widget\" data-widget_type=\"image.default\">\n\t\t\t\t<div class=\"elementor-widget-container\">\n\t\t\t\t\t\t\t\t\t\t\t\t\t<img decoding=\"async\" width=\"800\" height=\"534\" src=\"https:\/\/lidaglassware.com\/wp-content\/uploads\/2023\/08\/Annealing-process-1024x684.jpg\" class=\"attachment-large size-large wp-image-2559\" alt=\"\" srcset=\"https:\/\/lidaglassware.com\/wp-content\/uploads\/2023\/08\/Annealing-process-1024x684.jpg 1024w, https:\/\/lidaglassware.com\/wp-content\/uploads\/2023\/08\/Annealing-process-300x200.jpg 300w, https:\/\/lidaglassware.com\/wp-content\/uploads\/2023\/08\/Annealing-process-768x513.jpg 768w, https:\/\/lidaglassware.com\/wp-content\/uploads\/2023\/08\/Annealing-process-1536x1026.jpg 1536w, https:\/\/lidaglassware.com\/wp-content\/uploads\/2023\/08\/Annealing-process-600x401.jpg 600w, https:\/\/lidaglassware.com\/wp-content\/uploads\/2023\/08\/Annealing-process.jpg 1920w\" sizes=\"(max-width: 800px) 100vw, 800px\">\t\t\t\t\t\t\t\t\t\t\t\t\t<\/div>\n\t\t\t\t<\/div>\n\t\t\t\t<\/div>\n\t\t<div class=\"elementor-element elementor-element-264510b e-con-full e-flex e-con e-child\" data-id=\"264510b\" data-element_type=\"container\">\n\t\t\t\t<div class=\"elementor-element elementor-element-4b66d6f elementor-widget elementor-widget-text-editor\" data-id=\"4b66d6f\" data-element_type=\"widget\" data-widget_type=\"text-editor.default\">\n\t\t\t\t<div class=\"elementor-widget-container\">\n\t\t\t\t\t\t\t<h2><strong>L&#039;inspection finale\u00a0<\/strong><\/h2><p>L&#039;inspection qualit\u00e9 finale est une phase critique pour garantir que la verrerie finie r\u00e9pond \u00e0 toutes les normes de qualit\u00e9 sp\u00e9cifi\u00e9es. A ce stade, l\u2019accent est mis sur :<\/p><ol><li><p>Inspection visuelle\u00a0:\u00a0examen de la verrerie pour d\u00e9tecter tout d\u00e9faut visuel tel que des fissures, des bulles ou des incoh\u00e9rences dans la conception.<\/p><\/li><li><p>Pr\u00e9cision dimensionnelle\u00a0: mesurer les dimensions pour garantir qu&#039;elles sont conformes aux sp\u00e9cifications fournies.<\/p><\/li><li><p>Tests fonctionnels\u00a0: v\u00e9rification de la verrerie pour d\u00e9tecter tout probl\u00e8me fonctionnel, comme la stabilit\u00e9 et la durabilit\u00e9.<\/p><\/li><li><p>\u00c9chantillonnage final\u00a0: s\u00e9lection al\u00e9atoire des pi\u00e8ces du lot fini pour des tests plus rigoureux afin de confirmer qu&#039;elles r\u00e9pondent \u00e0 tous les param\u00e8tres de qualit\u00e9.<\/p><\/li><li><p>Documentation\u00a0: v\u00e9rifier que tous les contr\u00f4les de qualit\u00e9 ont \u00e9t\u00e9 correctement document\u00e9s pour la tra\u00e7abilit\u00e9 et la conformit\u00e9.<\/p><\/li><\/ol>\t\t\t\t\t\t<\/div>\n\t\t\t\t<\/div>\n\t\t\t\t<\/div>\n\t\t\t\t\t<\/div>\n\t\t\t\t<\/div>\n\t\t<div class=\"elementor-element elementor-element-7e7de8d0 e-flex e-con-boxed e-con e-parent\" data-id=\"7e7de8d0\" data-element_type=\"container\" data-settings=\"{&quot;background_background&quot;:&quot;classic&quot;}\">\n\t\t\t\t\t<div class=\"e-con-inner\">\n\t\t<div class=\"elementor-element elementor-element-671f4219 e-flex e-con-boxed e-con e-child\" data-id=\"671f4219\" data-element_type=\"container\">\n\t\t\t\t\t<div class=\"e-con-inner\">\n\t\t\t\t<div class=\"elementor-element elementor-element-7fb21d26 elementor-widget elementor-widget-heading\" data-id=\"7fb21d26\" data-element_type=\"widget\" data-widget_type=\"heading.default\">\n\t\t\t\t<div class=\"elementor-widget-container\">\n\t\t\t<h1 class=\"elementor-heading-title elementor-size-default\">Consultez vos experts commerciaux en verrerie Lida<\/h1>\t\t<\/div>\n\t\t\t\t<\/div>\n\t\t\t\t\t<\/div>\n\t\t\t\t<\/div>\n\t\t\t\t<div class=\"elementor-element elementor-element-4b2ecd5b elementor-widget elementor-widget-text-editor\" data-id=\"4b2ecd5b\" data-element_type=\"widget\" data-widget_type=\"text-editor.default\">\n\t\t\t\t<div class=\"elementor-widget-container\">\n\t\t\t\t\t\t\t<p>Parcourons ensemble le monde de la verrerie, en gardant toujours la qualit\u00e9 et l\u2019innovation \u00e0 l\u2019avant-garde.<\/p>\t\t\t\t\t\t<\/div>\n\t\t\t\t<\/div>\n\t\t<div class=\"elementor-element elementor-element-6887c528 e-flex e-con-boxed e-con e-child\" data-id=\"6887c528\" data-element_type=\"container\" data-settings=\"{&quot;background_background&quot;:&quot;classic&quot;}\">\n\t\t\t\t\t<div class=\"e-con-inner\">\n\t\t<div class=\"elementor-element elementor-element-473988cb e-con-full e-flex e-con e-child\" data-id=\"473988cb\" data-element_type=\"container\">\n\t\t\t\t<div class=\"elementor-element elementor-element-58a59fba elementor-align-center elementor-widget elementor-widget-button\" data-id=\"58a59fba\" data-element_type=\"widget\" data-widget_type=\"button.default\">\n\t\t\t\t<div class=\"elementor-widget-container\">\n\t\t\t\t\t<div class=\"elementor-button-wrapper\">\n\t\t\t<a class=\"elementor-button elementor-button-link elementor-size-md\" href=\"#elementor-action:action=popup:open&settings=eyJpZCI6IjQ2NiIsInRvZ2dsZSI6ZmFsc2V9\">\n\t\t\t\t\t\t<span class=\"elementor-button-content-wrapper\">\n\t\t\t\t\t\t<span class=\"elementor-button-icon\">\n\t\t\t\t\t\t\t<\/span>\n\t\t\t\t\t\t\t\t\t<span class=\"elementor-button-text\">DEMANDEZ UN DEVIS RAPIDE<\/span>\n\t\t\t\t\t<\/span>\n\t\t\t\t\t<\/a>\n\t\t<\/div>\n\t\t\t\t<\/div>\n\t\t\t\t<\/div>\n\t\t\t\t<\/div>\n\t\t<div class=\"elementor-element elementor-element-526f783c e-con-full e-flex e-con e-child\" data-id=\"526f783c\" data-element_type=\"container\">\n\t\t\t\t<div class=\"elementor-element elementor-element-1cc14265 elementor-align-center elementor-widget elementor-widget-button\" data-id=\"1cc14265\" data-element_type=\"widget\" data-widget_type=\"button.default\">\n\t\t\t\t<div class=\"elementor-widget-container\">\n\t\t\t\t\t<div class=\"elementor-button-wrapper\">\n\t\t\t<a class=\"elementor-button elementor-button-link elementor-size-md\" href=\"https:\/\/lidaglassware.com\/fr\/products\/\">\n\t\t\t\t\t\t<span class=\"elementor-button-content-wrapper\">\n\t\t\t\t\t\t<span class=\"elementor-button-icon\">\n\t\t\t\t\t\t\t<\/span>\n\t\t\t\t\t\t\t\t\t<span class=\"elementor-button-text\">EXPLORER TOUS LES PRODUITS<\/span>\n\t\t\t\t\t<\/span>\n\t\t\t\t\t<\/a>\n\t\t<\/div>\n\t\t\t\t<\/div>\n\t\t\t\t<\/div>\n\t\t\t\t<\/div>\n\t\t\t\t\t<\/div>\n\t\t\t\t<\/div>\n\t\t\t\t\t<\/div>\n\t\t\t\t<\/div>\n\t\t\t\t<\/div>","protected":false},"excerpt":{"rendered":"<p>Quality Control At Lida Glassware Etablishing a fulfilled quality control system. Perfection Lies In The Details When it comes to producing exceptional glassware, it&#8217;s the small details that make a big difference. At Lida Glassware, we don&#8217;t just manufacture; we craft. From the initial design sketch to the final surface treatment, our quality control and [&hellip;]<\/p>","protected":false},"author":1,"featured_media":0,"parent":0,"menu_order":0,"comment_status":"closed","ping_status":"closed","template":"","meta":{"footnotes":""},"class_list":["post-2575","page","type-page","status-publish","hentry"],"_links":{"self":[{"href":"https:\/\/lidaglassware.com\/fr\/wp-json\/wp\/v2\/pages\/2575","targetHints":{"allow":["GET"]}}],"collection":[{"href":"https:\/\/lidaglassware.com\/fr\/wp-json\/wp\/v2\/pages"}],"about":[{"href":"https:\/\/lidaglassware.com\/fr\/wp-json\/wp\/v2\/types\/page"}],"author":[{"embeddable":true,"href":"https:\/\/lidaglassware.com\/fr\/wp-json\/wp\/v2\/users\/1"}],"replies":[{"embeddable":true,"href":"https:\/\/lidaglassware.com\/fr\/wp-json\/wp\/v2\/comments?post=2575"}],"version-history":[{"count":0,"href":"https:\/\/lidaglassware.com\/fr\/wp-json\/wp\/v2\/pages\/2575\/revisions"}],"wp:attachment":[{"href":"https:\/\/lidaglassware.com\/fr\/wp-json\/wp\/v2\/media?parent=2575"}],"curies":[{"name":"wp","href":"https:\/\/api.w.org\/{rel}","templated":true}]}}