{"id":3,"date":"2020-12-16T03:04:45","date_gmt":"2020-12-16T03:04:45","guid":{"rendered":"http:\/\/lidaglassware.com\/?page_id=3"},"modified":"2026-05-02T00:10:24","modified_gmt":"2026-05-02T08:10:24","slug":"privacy-policy","status":"publish","type":"page","link":"https:\/\/lidaglassware.com\/fr\/privacy-policy\/","title":{"rendered":"politique de confidentialit\u00e9"},"content":{"rendered":"<div data-elementor-type=\"wp-page\" data-elementor-id=\"3\" class=\"elementor elementor-3\" data-elementor-post-type=\"page\">\n\t\t\t\t<div class=\"elementor-element elementor-element-75b715d e-flex e-con-boxed e-con e-parent\" data-id=\"75b715d\" data-element_type=\"container\">\n\t\t\t\t\t<div class=\"e-con-inner\">\n\t\t\t\t<div class=\"elementor-element elementor-element-b6475a4 elementor-widget elementor-widget-text-editor\" data-id=\"b6475a4\" data-element_type=\"widget\" data-widget_type=\"text-editor.default\">\n\t\t\t\t<div class=\"elementor-widget-container\">\n\t\t\t\t\t\t\t<h1 data-path-to-node=\"3\">Politique de confidentialit\u00e9 de Lida Glassware<\/h1><p data-path-to-node=\"4\"><b data-path-to-node=\"4\" data-index-in-node=\"0\">Derni\u00e8re mise \u00e0 jour : 2 mai 2026<\/b><\/p><h3 data-path-to-node=\"5\">1. Introduction<\/h3><p data-path-to-node=\"6\">Bienvenue sur <b data-path-to-node=\"6\" data-index-in-node=\"11\">lidaglassware.com<\/b> (le \u00ab\u00a0Site\u00a0\u00bb). Nous nous engageons \u00e0 prot\u00e9ger la vie priv\u00e9e et la propri\u00e9t\u00e9 intellectuelle de nos partenaires commerciaux et des visiteurs de notre site web. La pr\u00e9sente politique d\u00e9crit la mani\u00e8re dont nous traitons les informations recueillies dans le cadre de nos activit\u00e9s de fabrication et d\u2019exportation de verrerie.<\/p><h3 data-path-to-node=\"7\">2. Informations que nous recueillons<\/h3><p data-path-to-node=\"8\">Nous collectons les informations n\u00e9cessaires pour faciliter les transactions B2B professionnelles et la fabrication sur mesure\u00a0:<\/p><ul data-path-to-node=\"9\"><li><p data-path-to-node=\"9,0,0\"><b data-path-to-node=\"9,0,0\" data-index-in-node=\"0\">Coordonn\u00e9es:<\/b> Nom, adresse e-mail, num\u00e9ro de t\u00e9l\u00e9phone et informations sur l&#039;entreprise fournis via les formulaires de demande.<\/p><\/li><li><p data-path-to-node=\"9,1,0\"><b data-path-to-node=\"9,1,0\" data-index-in-node=\"0\">Donn\u00e9es techniques et de conception\u00a0:<\/b> Plans de conception, fichiers 3D et sp\u00e9cifications des moules fournis pour la production sur mesure.<\/p><\/li><li><p data-path-to-node=\"9,2,0\"><b data-path-to-node=\"9,2,0\" data-index-in-node=\"0\">Donn\u00e9es de marketing num\u00e9rique\u00a0:<\/b> Informations collect\u00e9es via nos outils Facebook Pixel et Meta Business pour optimiser nos campagnes marketing \u00ab Lida Glassware Official \u00bb.<\/p><\/li><\/ul><h3 data-path-to-node=\"10\">3. Fabrication sur mesure et propri\u00e9t\u00e9 intellectuelle (PI)<\/h3><p data-path-to-node=\"11\">En tant que sp\u00e9cialiste en <b data-path-to-node=\"11\" data-index-in-node=\"19\">Production personnalis\u00e9e bas\u00e9e sur les \u00e9bauches de conception du client<\/b>, nous accordons la priorit\u00e9 \u00e0 la protection de vos informations confidentielles\u00a0:<\/p><ul data-path-to-node=\"12\"><li><p data-path-to-node=\"12,0,0\">Tous les fichiers de conception ou dessins techniques qui nous sont communiqu\u00e9s sont trait\u00e9s de mani\u00e8re strictement confidentielle.<\/p><\/li><li><p data-path-to-node=\"12,1,0\">Les moules d\u00e9velopp\u00e9s \u00e0 partir de vos dessins sont utilis\u00e9s exclusivement pour vos commandes autoris\u00e9es.<\/p><\/li><li><p data-path-to-node=\"12,2,0\">Nous traitons les demandes de licences de propri\u00e9t\u00e9 intellectuelle avec un professionnalisme rigoureux afin de garantir la s\u00e9curit\u00e9 de votre marque.<\/p><\/li><\/ul><h3 data-path-to-node=\"13\">4. Comment nous utilisons vos informations<\/h3><p data-path-to-node=\"14\">Nous utilisons les donn\u00e9es collect\u00e9es aux fins suivantes\u00a0:<\/p><ul data-path-to-node=\"15\"><li><p data-path-to-node=\"15,0,0\"><b data-path-to-node=\"15,0,0\" data-index-in-node=\"0\">Ex\u00e9cution des commandes :<\/b> \u00c9tablir les devis, d\u00e9velopper les moules et g\u00e9rer la production des produits en verre.<\/p><\/li><li><p data-path-to-node=\"15,1,0\"><b data-path-to-node=\"15,1,0\" data-index-in-node=\"0\">Communication professionnelle :<\/b> R\u00e9pondre aux demandes commerciales et g\u00e9rer les relations avec les clients.<\/p><\/li><li><p data-path-to-node=\"15,2,0\"><b data-path-to-node=\"15,2,0\" data-index-in-node=\"0\">Marketing num\u00e9rique\u00a0:<\/b> Diffuser des mises \u00e0 jour et des publicit\u00e9s pertinentes sur les produits via Facebook et d&#039;autres canaux professionnels.<\/p><\/li><\/ul><h3 data-path-to-node=\"16\">5. Partage des donn\u00e9es et personnel<\/h3><p data-path-to-node=\"17\">Nous ne vendons pas vos donn\u00e9es personnelles ni professionnelles. Les informations sont partag\u00e9es uniquement avec\u00a0:<\/p><ul data-path-to-node=\"18\"><li><p data-path-to-node=\"18,0,0\"><b data-path-to-node=\"18,0,0\" data-index-in-node=\"0\">Personnel autoris\u00e9\u00a0:<\/b> Membres de l&#039;\u00e9quipe interne charg\u00e9s de la gestion des demandes commerciales et des comptes num\u00e9riques.<\/p><\/li><li><p data-path-to-node=\"18,1,0\"><b data-path-to-node=\"18,1,0\" data-index-in-node=\"0\">Partenaires logistiques :<\/b> Prestataires de transport et de d\u00e9douanement tiers essentiels pour la livraison de vos commandes.<\/p><\/li><li><p data-path-to-node=\"18,2,0\"><b data-path-to-node=\"18,2,0\" data-index-in-node=\"0\">Prestataires de services\u00a0:<\/b> Des outils comme Meta Business Suite sont utilis\u00e9s pour analyser nos performances en marketing digital.<\/p><\/li><\/ul><h3 data-path-to-node=\"19\">6. Conformit\u00e9 internationale<\/h3><p data-path-to-node=\"20\">Bas\u00e9s \u00e0 Bengbu, dans la province d&#039;Anhui en Chine, nous servons une client\u00e8le internationale. Nous nous effor\u00e7ons de maintenir des normes de protection des donn\u00e9es qui respectent les exigences de confidentialit\u00e9 de nos partenaires internationaux.<\/p><h3 data-path-to-node=\"21\">7. Cookies<\/h3><p data-path-to-node=\"22\">Notre site web utilise des cookies pour analyser le trafic et am\u00e9liorer l&#039;exp\u00e9rience utilisateur. Vous pouvez d\u00e9sactiver les cookies dans les param\u00e8tres de votre navigateur.<\/p><h3 data-path-to-node=\"23\">8. Contactez-nous<\/h3><p data-path-to-node=\"24\">Pour toute question concernant cette politique de confidentialit\u00e9 ou vos donn\u00e9es, veuillez nous contacter via\u00a0:<\/p><ul data-path-to-node=\"25\"><li><p data-path-to-node=\"25,0,0\"><b data-path-to-node=\"25,0,0\" data-index-in-node=\"0\">Site web:<\/b> lidaglassware.com<\/p><\/li><li><p data-path-to-node=\"25,1,0\"><b data-path-to-node=\"25,1,0\" data-index-in-node=\"0\">Objectif commercial :<\/b> Fabrication de verrerie et de moules sur mesure<\/p><\/li><\/ul>\t\t\t\t\t\t<\/div>\n\t\t\t\t<\/div>\n\t\t\t\t\t<\/div>\n\t\t\t\t<\/div>\n\t\t<div class=\"elementor-element elementor-element-7d00251 e-flex e-con-boxed e-con e-parent\" data-id=\"7d00251\" data-element_type=\"container\" data-settings=\"{&quot;background_background&quot;:&quot;classic&quot;}\">\n\t\t\t\t\t<div class=\"e-con-inner\">\n\t\t<div class=\"elementor-element elementor-element-e10276e e-flex e-con-boxed e-con e-child\" data-id=\"e10276e\" data-element_type=\"container\">\n\t\t\t\t\t<div class=\"e-con-inner\">\n\t\t\t\t<div class=\"elementor-element elementor-element-1735549 elementor-widget elementor-widget-heading\" data-id=\"1735549\" data-element_type=\"widget\" data-widget_type=\"heading.default\">\n\t\t\t\t<div class=\"elementor-widget-container\">\n\t\t\t<h1 class=\"elementor-heading-title elementor-size-default\">Consultez vos experts commerciaux en verrerie Lida<\/h1>\t\t<\/div>\n\t\t\t\t<\/div>\n\t\t\t\t\t<\/div>\n\t\t\t\t<\/div>\n\t\t\t\t<div class=\"elementor-element elementor-element-1eed05c elementor-widget elementor-widget-text-editor\" data-id=\"1eed05c\" data-element_type=\"widget\" data-widget_type=\"text-editor.default\">\n\t\t\t\t<div class=\"elementor-widget-container\">\n\t\t\t\t\t\t\t<p>Parcourons ensemble le monde de la verrerie, en gardant toujours la qualit\u00e9 et l\u2019innovation \u00e0 l\u2019avant-garde.<\/p>\t\t\t\t\t\t<\/div>\n\t\t\t\t<\/div>\n\t\t\t\t<div class=\"elementor-element elementor-element-f5e0aea elementor-align-center elementor-widget elementor-widget-button\" data-id=\"f5e0aea\" data-element_type=\"widget\" data-widget_type=\"button.default\">\n\t\t\t\t<div class=\"elementor-widget-container\">\n\t\t\t\t\t<div class=\"elementor-button-wrapper\">\n\t\t\t<a class=\"elementor-button elementor-button-link elementor-size-md\" href=\"#elementor-action:action=popup:open&settings=eyJpZCI6IjQ2NiIsInRvZ2dsZSI6ZmFsc2V9\">\n\t\t\t\t\t\t<span class=\"elementor-button-content-wrapper\">\n\t\t\t\t\t\t<span class=\"elementor-button-icon\">\n\t\t\t\t\t\t\t<\/span>\n\t\t\t\t\t\t\t\t\t<span class=\"elementor-button-text\">DEMANDEZ UN DEVIS RAPIDE<\/span>\n\t\t\t\t\t<\/span>\n\t\t\t\t\t<\/a>\n\t\t<\/div>\n\t\t\t\t<\/div>\n\t\t\t\t<\/div>\n\t\t\t\t<div class=\"elementor-element elementor-element-6f84ac5 elementor-align-center elementor-widget elementor-widget-button\" data-id=\"6f84ac5\" data-element_type=\"widget\" data-widget_type=\"button.default\">\n\t\t\t\t<div class=\"elementor-widget-container\">\n\t\t\t\t\t<div class=\"elementor-button-wrapper\">\n\t\t\t<a class=\"elementor-button elementor-button-link elementor-size-md\" href=\"https:\/\/lidaglassware.com\/fr\/products\/\">\n\t\t\t\t\t\t<span class=\"elementor-button-content-wrapper\">\n\t\t\t\t\t\t<span class=\"elementor-button-icon\">\n\t\t\t\t\t\t\t<\/span>\n\t\t\t\t\t\t\t\t\t<span class=\"elementor-button-text\">EXPLORER TOUS LES PRODUITS<\/span>\n\t\t\t\t\t<\/span>\n\t\t\t\t\t<\/a>\n\t\t<\/div>\n\t\t\t\t<\/div>\n\t\t\t\t<\/div>\n\t\t\t\t\t<\/div>\n\t\t\t\t<\/div>\n\t\t\t\t<\/div>","protected":false},"excerpt":{"rendered":"<p>Privacy Policy for Lida Glassware Last Updated: May 2, 2026 1. Introduction Welcome to lidaglassware.com (the &#8220;Site&#8221;). We are committed to protecting the privacy and intellectual property of our business partners and website visitors. This policy outlines how we handle information collected through our glassware manufacturing and export operations. 2. Information We Collect We collect [&hellip;]<\/p>","protected":false},"author":1,"featured_media":0,"parent":0,"menu_order":0,"comment_status":"closed","ping_status":"open","template":"","meta":{"footnotes":""},"class_list":["post-3","page","type-page","status-publish","hentry"],"_links":{"self":[{"href":"https:\/\/lidaglassware.com\/fr\/wp-json\/wp\/v2\/pages\/3","targetHints":{"allow":["GET"]}}],"collection":[{"href":"https:\/\/lidaglassware.com\/fr\/wp-json\/wp\/v2\/pages"}],"about":[{"href":"https:\/\/lidaglassware.com\/fr\/wp-json\/wp\/v2\/types\/page"}],"author":[{"embeddable":true,"href":"https:\/\/lidaglassware.com\/fr\/wp-json\/wp\/v2\/users\/1"}],"replies":[{"embeddable":true,"href":"https:\/\/lidaglassware.com\/fr\/wp-json\/wp\/v2\/comments?post=3"}],"version-history":[{"count":9,"href":"https:\/\/lidaglassware.com\/fr\/wp-json\/wp\/v2\/pages\/3\/revisions"}],"predecessor-version":[{"id":4858,"href":"https:\/\/lidaglassware.com\/fr\/wp-json\/wp\/v2\/pages\/3\/revisions\/4858"}],"wp:attachment":[{"href":"https:\/\/lidaglassware.com\/fr\/wp-json\/wp\/v2\/media?parent=3"}],"curies":[{"name":"wp","href":"https:\/\/api.w.org\/{rel}","templated":true}]}}