{"id":1026,"date":"2021-07-15T17:07:34","date_gmt":"2021-07-16T01:07:34","guid":{"rendered":"https:\/\/lidaglassware.com\/?post_type=product&#038;p=1026"},"modified":"2021-07-18T23:47:01","modified_gmt":"2021-07-19T07:47:01","slug":"colored-mason-jar-mug-16oz-453ml","status":"publish","type":"product","link":"https:\/\/lidaglassware.com\/fr\/produit\/mug-pot-mason-colore-16oz-453ml\/","title":{"rendered":"Tasse en pot Mason color\u00e9e 16oz \/ 453ml"},"content":{"rendered":"","protected":false},"excerpt":{"rendered":"<p>Un joli rappel des chaudes journ\u00e9es d\u2019\u00e9t\u00e9, cette tasse en pot Mason rappelle le bon vieux temps. Il est id\u00e9al pour un usage quotidien et constitue la base id\u00e9ale pour des cadeaux et des travaux manuels saisonniers.<\/p>","protected":false},"featured_media":1152,"comment_status":"closed","ping_status":"closed","template":"","meta":[],"class_list":["post-1026","product","type-product","status-publish","has-post-thumbnail","hentry","product_cat-bottles-and-jars","product_cat-colored-glasses","product_tag-colored-glass","product_tag-mason-jar-mug","product_tag-pint-glass","product_tag-sprayed-glass"],"_links":{"self":[{"href":"https:\/\/lidaglassware.com\/fr\/wp-json\/wp\/v2\/product\/1026","targetHints":{"allow":["GET"]}}],"collection":[{"href":"https:\/\/lidaglassware.com\/fr\/wp-json\/wp\/v2\/product"}],"about":[{"href":"https:\/\/lidaglassware.com\/fr\/wp-json\/wp\/v2\/types\/product"}],"replies":[{"embeddable":true,"href":"https:\/\/lidaglassware.com\/fr\/wp-json\/wp\/v2\/comments?post=1026"}],"wp:featuredmedia":[{"embeddable":true,"href":"https:\/\/lidaglassware.com\/fr\/wp-json\/wp\/v2\/media\/1152"}],"wp:attachment":[{"href":"https:\/\/lidaglassware.com\/fr\/wp-json\/wp\/v2\/media?parent=1026"}],"curies":[{"name":"wp","href":"https:\/\/api.w.org\/{rel}","templated":true}]}}