{"id":1030,"date":"2021-07-15T17:08:16","date_gmt":"2021-07-16T01:08:16","guid":{"rendered":"https:\/\/lidaglassware.com\/?post_type=product&#038;p=1030"},"modified":"2021-07-18T23:42:24","modified_gmt":"2021-07-19T07:42:24","slug":"blue-colored-mason-jar-mug-16oz-453ml","status":"publish","type":"product","link":"https:\/\/lidaglassware.com\/fr\/produit\/blue-colored-mason-jar-mug-16oz-453ml\/","title":{"rendered":"Tasse en pot Mason de couleur bleue 16oz \/ 453ml"},"content":{"rendered":"<h4><span style=\"color: #333333;\"><strong>Caract\u00e9ristiques:<\/strong><\/span><\/h4>\n<ul>\n<li>Tasse de pot Mason color\u00e9e<\/li>\n<li>Mat\u00e9riau : Verre sodocalcique<\/li>\n<li>Couleur : Selon Pantone<\/li>\n<li>Accessoire\u00a0: Couvercle de tasse Mason Jar et paille<\/li>\n<li>Logo en relief modifiable<\/li>\n<li>Lave-vaisselle<\/li>\n<li>Coffret cadeau disponible<\/li>\n<\/ul>","protected":false},"excerpt":{"rendered":"<p>Un joli rappel des chaudes journ\u00e9es d\u2019\u00e9t\u00e9, cette tasse en pot Mason rappelle le bon vieux temps. Il est id\u00e9al pour un usage quotidien et constitue la base id\u00e9ale pour des cadeaux et des travaux manuels saisonniers.<\/p>","protected":false},"featured_media":1158,"comment_status":"closed","ping_status":"closed","template":"","meta":[],"class_list":["post-1030","product","type-product","status-publish","has-post-thumbnail","hentry","product_cat-bottles-and-jars","product_cat-colored-glasses","product_tag-colored-glass","product_tag-mason-jar-mug","product_tag-pint-glass","product_tag-sprayed-glass"],"_links":{"self":[{"href":"https:\/\/lidaglassware.com\/fr\/wp-json\/wp\/v2\/product\/1030","targetHints":{"allow":["GET"]}}],"collection":[{"href":"https:\/\/lidaglassware.com\/fr\/wp-json\/wp\/v2\/product"}],"about":[{"href":"https:\/\/lidaglassware.com\/fr\/wp-json\/wp\/v2\/types\/product"}],"replies":[{"embeddable":true,"href":"https:\/\/lidaglassware.com\/fr\/wp-json\/wp\/v2\/comments?post=1030"}],"wp:featuredmedia":[{"embeddable":true,"href":"https:\/\/lidaglassware.com\/fr\/wp-json\/wp\/v2\/media\/1158"}],"wp:attachment":[{"href":"https:\/\/lidaglassware.com\/fr\/wp-json\/wp\/v2\/media?parent=1030"}],"curies":[{"name":"wp","href":"https:\/\/api.w.org\/{rel}","templated":true}]}}