{"id":1084,"date":"2021-07-15T17:17:37","date_gmt":"2021-07-16T01:17:37","guid":{"rendered":"https:\/\/lidaglassware.com\/?post_type=product&#038;p=1084"},"modified":"2021-07-15T22:59:51","modified_gmt":"2021-07-16T06:59:51","slug":"clear-glass-tumbler-table-glass-7oz-200ml","status":"publish","type":"product","link":"https:\/\/lidaglassware.com\/fr\/produit\/clear-glass-tumbler-table-glass-7oz-200ml\/","title":{"rendered":"Gobelet en verre transparent, verre de table 7oz \/ 200ml"},"content":{"rendered":"<h2>Gobelet en verre transparent, verre de table 7oz \/ 200ml<\/h2>\n<p>Ces verres de table conviennent aussi bien aux environnements commerciaux qu&#039;\u00e0 la maison, ces gobelets ont \u00e9t\u00e9 fabriqu\u00e9s \u00e0 partir de verre sodocalcique. Et ils peuvent r\u00e9sister \u00e0 une utilisation intensive au quotidien.<\/p>\n<p>Ils sont produits par pressage machine. Il montre une clart\u00e9 sup\u00e9rieure et un bord fin. Vous pouvez avoir votre propre pr\u00e9sentation de boisson.<\/p>\n<p>&nbsp;<\/p>\n<div class=\"fusion-li-item-content\">\n<blockquote><p>Gobelet en verre de table<\/p><\/blockquote>\n<\/div>\n<blockquote>\n<div class=\"fusion-li-item-content\">\n<p>Mat\u00e9riau : Verre sodocalcique<\/p>\n<\/div>\n<div class=\"fusion-li-item-content\">\n<p>Conception classique<\/p>\n<\/div>\n<div class=\"fusion-li-item-content\">\n<p>Coffret cadeau disponible<\/p>\n<\/div>\n<div class=\"fusion-li-item-content\">\n<p>Lave-vaisselle<\/p>\n<\/div>\n<div class=\"fusion-li-item-content\">\n<p>Id\u00e9al pour servir des cocktails courts et des spiritueux purs ou sur glace<\/p>\n<\/div>\n<\/blockquote>\n<div class=\"fusion-li-item-content\">\n<blockquote><p>Convient pour un usage commercial<\/p><\/blockquote>\n<\/div>\n<p>&nbsp;<\/p>","protected":false},"excerpt":{"rendered":"<p>Convient pour une utilisation dans des environnements commerciaux comme les restaurants, les pubs, les f\u00eates, etc. J&#039;esp\u00e8re que vous vous amuserez avec ces gobelets.<\/p>","protected":false},"featured_media":1201,"comment_status":"closed","ping_status":"closed","template":"","meta":[],"class_list":["post-1084","product","type-product","status-publish","has-post-thumbnail","hentry","product_cat-tumbler-glasses","product_tag-custom-glasses","product_tag-decorated-glasses","product_tag-glass-tumbler","product_tag-table-glass"],"_links":{"self":[{"href":"https:\/\/lidaglassware.com\/fr\/wp-json\/wp\/v2\/product\/1084","targetHints":{"allow":["GET"]}}],"collection":[{"href":"https:\/\/lidaglassware.com\/fr\/wp-json\/wp\/v2\/product"}],"about":[{"href":"https:\/\/lidaglassware.com\/fr\/wp-json\/wp\/v2\/types\/product"}],"replies":[{"embeddable":true,"href":"https:\/\/lidaglassware.com\/fr\/wp-json\/wp\/v2\/comments?post=1084"}],"wp:featuredmedia":[{"embeddable":true,"href":"https:\/\/lidaglassware.com\/fr\/wp-json\/wp\/v2\/media\/1201"}],"wp:attachment":[{"href":"https:\/\/lidaglassware.com\/fr\/wp-json\/wp\/v2\/media?parent=1084"}],"curies":[{"name":"wp","href":"https:\/\/api.w.org\/{rel}","templated":true}]}}