{"id":1145,"date":"2021-07-15T17:27:43","date_gmt":"2021-07-16T01:27:43","guid":{"rendered":"https:\/\/lidaglassware.com\/?post_type=product&#038;p=1145"},"modified":"2021-07-18T23:31:26","modified_gmt":"2021-07-19T07:31:26","slug":"colored-pint-glass-with-inside-pattern-16oz-453ml","status":"publish","type":"product","link":"https:\/\/lidaglassware.com\/fr\/produit\/verre-pinte-colore-avec-motif-interieur-16oz-453ml\/","title":{"rendered":"Verre \u00e0 pinte color\u00e9 avec motif int\u00e9rieur 16oz \/ 453ml"},"content":{"rendered":"<h1><span style=\"color: #000000;\">Verre \u00e0 pinte color\u00e9 avec motif int\u00e9rieur 16oz \/ 453ml<\/span><\/h1>\n<div class=\"fusion-li-item-content\">\n<ul>\n<li>Verre \u00e0 pinte color\u00e9 avec motif int\u00e9rieur<\/li>\n<\/ul>\n<\/div>\n<div class=\"fusion-li-item-content\">\n<ul>\n<li>Mat\u00e9riau : Verre sodocalcique<\/li>\n<\/ul>\n<\/div>\n<div class=\"fusion-li-item-content\">\n<ul>\n<li>Base lourde<\/li>\n<\/ul>\n<\/div>\n<div class=\"fusion-li-item-content\">\n<ul>\n<li>Forme en V<\/li>\n<\/ul>\n<\/div>\n<div class=\"fusion-li-item-content\">\n<ul>\n<li>Lave-vaisselle<\/li>\n<\/ul>\n<\/div>\n<div class=\"fusion-li-item-content\">\n<ul>\n<li>Coffret cadeau disponible<\/li>\n<\/ul>\n<\/div>\n<div class=\"fusion-li-item-content\">\n<ul>\n<li>Le logo est le bienvenu<\/li>\n<\/ul>\n<p>&nbsp;<\/p>\n<\/div>\n<p>Ces verres \u00e0 pinte color\u00e9s servent \u00e0 la bi\u00e8re et aux verres \u00e0 m\u00e9langer pour les cocktails et autres boissons m\u00e9lang\u00e9es.<\/p>\n<p>Les couleurs Pantone sont r\u00e9alisables pour votre choix personnalis\u00e9. Ils utilisent des colorants EP et passent au lave-vaisselle.<\/p>\n<p>Les verres \u00e0 pinte personnalis\u00e9s montrent une entreprise sensible au rayonnement et ayant une vision unique des affaires.<\/p>\n<p>Pour faire ressortir votre marque, votre logo personnalis\u00e9 est indispensable.<\/p>","protected":false},"excerpt":{"rendered":"<p>C&#039;est plus personnel que leurs concurrents. Ils fonctionnent bien comme articles promotionnels pour les mariages, les \u00e9v\u00e9nements d&#039;entreprise ou pour toute occasion festive.<\/p>","protected":false},"featured_media":1251,"comment_status":"closed","ping_status":"closed","template":"","meta":[],"class_list":["post-1145","product","type-product","status-publish","has-post-thumbnail","hentry","product_cat-beer-glasses","product_cat-colored-glasses","product_tag-colored-glass","product_tag-decorated-glasses","product_tag-glass-tumbler","product_tag-pint-glass","product_tag-sprayed-glass","product_tag-table-glass","product_tag-wine-glass"],"_links":{"self":[{"href":"https:\/\/lidaglassware.com\/fr\/wp-json\/wp\/v2\/product\/1145","targetHints":{"allow":["GET"]}}],"collection":[{"href":"https:\/\/lidaglassware.com\/fr\/wp-json\/wp\/v2\/product"}],"about":[{"href":"https:\/\/lidaglassware.com\/fr\/wp-json\/wp\/v2\/types\/product"}],"replies":[{"embeddable":true,"href":"https:\/\/lidaglassware.com\/fr\/wp-json\/wp\/v2\/comments?post=1145"}],"wp:featuredmedia":[{"embeddable":true,"href":"https:\/\/lidaglassware.com\/fr\/wp-json\/wp\/v2\/media\/1251"}],"wp:attachment":[{"href":"https:\/\/lidaglassware.com\/fr\/wp-json\/wp\/v2\/media?parent=1145"}],"curies":[{"name":"wp","href":"https:\/\/api.w.org\/{rel}","templated":true}]}}