{"id":1156,"date":"2021-07-15T17:29:25","date_gmt":"2021-07-16T01:29:25","guid":{"rendered":"https:\/\/lidaglassware.com\/?post_type=product&#038;p=1156"},"modified":"2021-07-18T23:35:33","modified_gmt":"2021-07-19T07:35:33","slug":"gradient-colored-pint-glass-with-inside-pattern-16oz-453ml","status":"publish","type":"product","link":"https:\/\/lidaglassware.com\/fr\/produit\/verre-a-pinte-de-couleur-degrade-avec-motif-interieur-16oz-453ml\/","title":{"rendered":"Verre \u00e0 pinte de couleur d\u00e9grad\u00e9 avec motif int\u00e9rieur 16oz \/ 453ml"},"content":{"rendered":"<h1><span style=\"color: #000000;\">Verre \u00e0 pinte \u00e0 base de couleur d\u00e9grad\u00e9e avec motif int\u00e9rieur 16oz \/ 453ml<\/span><\/h1>\n<p>Les couleurs Pantone sont r\u00e9alisables pour votre choix personnalis\u00e9. Ils utilisent des colorants EP et passent au lave-vaisselle.<\/p>\n<p>Les verres \u00e0 pinte personnalis\u00e9s montrent une entreprise sensible au rayonnement et ayant une vision unique des affaires. C&#039;est plus personnel que leurs concurrents. Ils fonctionnent bien comme articles promotionnels pour les mariages, les \u00e9v\u00e9nements d&#039;entreprise ou pour toute occasion festive.<\/p>\n<p>Pour faire ressortir votre marque, votre logo personnalis\u00e9 est indispensable.<\/p>","protected":false},"excerpt":{"rendered":"<p>Ces verres \u00e0 pinte color\u00e9s servent \u00e0 la bi\u00e8re et aux verres \u00e0 m\u00e9langer pour les cocktails et autres boissons m\u00e9lang\u00e9es.<\/p>","protected":false},"featured_media":1258,"comment_status":"closed","ping_status":"closed","template":"","meta":[],"class_list":["post-1156","product","type-product","status-publish","has-post-thumbnail","hentry","product_cat-beer-glasses","product_cat-colored-glasses","product_tag-colored-glass","product_tag-decorated-glasses","product_tag-glass-tumbler","product_tag-pint-glass","product_tag-sprayed-glass","product_tag-table-glass","product_tag-wine-glass"],"_links":{"self":[{"href":"https:\/\/lidaglassware.com\/fr\/wp-json\/wp\/v2\/product\/1156","targetHints":{"allow":["GET"]}}],"collection":[{"href":"https:\/\/lidaglassware.com\/fr\/wp-json\/wp\/v2\/product"}],"about":[{"href":"https:\/\/lidaglassware.com\/fr\/wp-json\/wp\/v2\/types\/product"}],"replies":[{"embeddable":true,"href":"https:\/\/lidaglassware.com\/fr\/wp-json\/wp\/v2\/comments?post=1156"}],"wp:featuredmedia":[{"embeddable":true,"href":"https:\/\/lidaglassware.com\/fr\/wp-json\/wp\/v2\/media\/1258"}],"wp:attachment":[{"href":"https:\/\/lidaglassware.com\/fr\/wp-json\/wp\/v2\/media?parent=1156"}],"curies":[{"name":"wp","href":"https:\/\/api.w.org\/{rel}","templated":true}]}}