{"id":1171,"date":"2021-07-15T17:30:49","date_gmt":"2021-07-16T01:30:49","guid":{"rendered":"https:\/\/lidaglassware.com\/?post_type=product&#038;p=1171"},"modified":"2024-01-16T18:08:02","modified_gmt":"2024-01-17T02:08:02","slug":"decorated-bullet-shot-glasses-1-5oz-40ml","status":"publish","type":"product","link":"https:\/\/lidaglassware.com\/fr\/produit\/verres-a-shot-balles-decores-1-5oz-40ml\/","title":{"rendered":"Verres \u00e0 shot Bullet d\u00e9cor\u00e9s 1,5 oz \/ 40 ml"},"content":{"rendered":"<h2>Verres \u00e0 shot Bullet d\u00e9cor\u00e9s<\/h2>\n<p>Ce petit verre \u00e0 shot en forme de balle est parfait pour se balancer en arri\u00e8re et claquer ces tireurs qui font pleurer les yeux.<\/p>\n<p>La base \u00e9paisse conf\u00e8re \u00e0 ce verre une r\u00e9sistance et une robustesse suppl\u00e9mentaires, vous offrant ainsi une tranquillit\u00e9 d&#039;esprit lorsque vous distribuez des photos dangereuses entre amis.<\/p>\n<p><strong>Caract\u00e9ristiques du produit des verres \u00e0 shot Bullet\u00a0:<\/strong><\/p>\n<ul>\n<li><strong>Conception distinctive\u00a0:<\/strong> Les verres \u00e0 shot Bullet pr\u00e9sentent un design unique avec une balle int\u00e9gr\u00e9e dans le c\u00f4t\u00e9 du verre, donnant l&#039;impression que le verre a \u00e9t\u00e9 tir\u00e9. Ce design distinctif fait ressortir ces verres et ajoute une touche de charme robuste \u00e0 votre collection d&#039;ustensiles de bar. Mais parfois, nous appelons aussi un petit verre \u00e0 shot de forme ronde un verre \u00e0 shot en forme de balle.<\/li>\n<\/ul>\n<p><img fetchpriority=\"high\" decoding=\"async\" class=\"aligncenter size-full wp-image-4105\" src=\"https:\/\/lidaglassware.com\/wp-content\/uploads\/2021\/07\/Bullet-Shot-Glasses.jpg\" alt=\"Verres \u00e0 shot Bullet\" width=\"900\" height=\"622\" srcset=\"https:\/\/lidaglassware.com\/wp-content\/uploads\/2021\/07\/Bullet-Shot-Glasses.jpg 900w, https:\/\/lidaglassware.com\/wp-content\/uploads\/2021\/07\/Bullet-Shot-Glasses-300x207.jpg 300w, https:\/\/lidaglassware.com\/wp-content\/uploads\/2021\/07\/Bullet-Shot-Glasses-768x531.jpg 768w, https:\/\/lidaglassware.com\/wp-content\/uploads\/2021\/07\/Bullet-Shot-Glasses-18x12.jpg 18w, https:\/\/lidaglassware.com\/wp-content\/uploads\/2021\/07\/Bullet-Shot-Glasses-600x415.jpg 600w\" sizes=\"(max-width: 900px) 100vw, 900px\" \/><\/p>\n<ul>\n<li><strong>Mat\u00e9riau de haute qualit\u00e9 :<\/strong> Fabriqu\u00e9s \u00e0 partir de verre durable de haute qualit\u00e9, ces verres \u00e0 shot sont con\u00e7us pour durer et r\u00e9sister \u00e0 une utilisation r\u00e9guli\u00e8re.<\/li>\n<li><strong>Capacit\u00e9 standard\u00a0:<\/strong> G\u00e9n\u00e9ralement con\u00e7u pour contenir le volume de shot standard (environ 1,5 \u00e0 2 onces), parfait pour servir des spiritueux et des liqueurs.<\/li>\n<li><strong>Base stable\u00a0:<\/strong> Malgr\u00e9 leur conception unique, ces verres conservent une base stable pour garantir que votre boisson reste bien en place sur la table.<\/li>\n<li><strong>Phrase d&#039;accroche:<\/strong> Le design de la puce int\u00e9gr\u00e9e attirera certainement l&#039;attention et suscitera la conversation entre vos invit\u00e9s.<\/li>\n<li><strong>Cadeau id\u00e9al\u00a0:<\/strong> Les verres \u00e0 shot Bullet constituent un cadeau unique et m\u00e9morable, en particulier pour ceux qui appr\u00e9cient les ustensiles de bar novateurs et th\u00e9matiques.<\/li>\n<li><strong>Facile \u00e0 nettoyer:<\/strong> Ces verres sont faciles \u00e0 nettoyer et \u00e0 entretenir, bien que le lavage \u00e0 la main soit recommand\u00e9 pour pr\u00e9server les d\u00e9tails complexes du design de la balle.<\/li>\n<\/ul>\n<p><strong>Utilisation des verres \u00e0 shot Bullet\u00a0:<\/strong><\/p>\n<p>Les verres Bullet Shot sont parfaits pour une vari\u00e9t\u00e9 d\u2019occasions, ajoutant une touche unique et th\u00e9matique \u00e0 votre exp\u00e9rience de consommation. Ils peuvent \u00eatre utilis\u00e9s pour servir des shots de whisky, de tequila, de vodka ou tout autre spiritueux de votre choix. Ces verres sont particuli\u00e8rement populaires pour les soir\u00e9es \u00e0 th\u00e8me, les \u00e9v\u00e9nements sp\u00e9ciaux ou comme ajout unique \u00e0 n&#039;importe quel bar \u00e0 domicile. Ils peuvent \u00e9galement servir de pi\u00e8ce d\u2019exposition int\u00e9ressante ou faire partie d\u2019un ensemble de collection.<\/p>","protected":false},"excerpt":{"rendered":"<p>Contenant 40 ml du shot de votre choix, le verre \u00e0 shot Bullet est id\u00e9al pour tout, du slammer de tequila au verre de whisky.<\/p>\n<p>Les verres \u00e0 shot Bullet sont la quintessence des ustensiles de bar audacieux et avant-gardistes, avec un design saisissant avec une fausse balle int\u00e9gr\u00e9e sur le c\u00f4t\u00e9, cr\u00e9ant l&#039;illusion d&#039;un verre \u00e0 mi-coup. Fabriqu\u00e9s \u00e0 partir de verre de haute qualit\u00e9 pour plus de durabilit\u00e9 et un affichage clair de vos spiritueux pr\u00e9f\u00e9r\u00e9s, ces verres contiennent le volume de shot standard, ce qui les rend parfaits pour d\u00e9guster du whisky, de la tequila ou de la vodka. Id\u00e9als pour les soir\u00e9es \u00e0 th\u00e8me, comme objets de collection ou comme cadeau unique, les verres \u00e0 shot Bullet promettent d&#039;\u00eatre un sujet de conversation et un ajout remarquable \u00e0 toute collection de bar \u00e0 domicile.<\/p>","protected":false},"featured_media":1265,"comment_status":"closed","ping_status":"closed","template":"","meta":[],"class_list":["post-1171","product","type-product","status-publish","has-post-thumbnail","hentry","product_cat-colored-glasses","product_cat-shot-glasses","product_tag-colored-glass","product_tag-decorated-glasses","product_tag-liquor-promoting","product_tag-shot-glasses"],"_links":{"self":[{"href":"https:\/\/lidaglassware.com\/fr\/wp-json\/wp\/v2\/product\/1171","targetHints":{"allow":["GET"]}}],"collection":[{"href":"https:\/\/lidaglassware.com\/fr\/wp-json\/wp\/v2\/product"}],"about":[{"href":"https:\/\/lidaglassware.com\/fr\/wp-json\/wp\/v2\/types\/product"}],"replies":[{"embeddable":true,"href":"https:\/\/lidaglassware.com\/fr\/wp-json\/wp\/v2\/comments?post=1171"}],"wp:featuredmedia":[{"embeddable":true,"href":"https:\/\/lidaglassware.com\/fr\/wp-json\/wp\/v2\/media\/1265"}],"wp:attachment":[{"href":"https:\/\/lidaglassware.com\/fr\/wp-json\/wp\/v2\/media?parent=1171"}],"curies":[{"name":"wp","href":"https:\/\/api.w.org\/{rel}","templated":true}]}}