{"id":2068,"date":"2023-08-02T23:12:50","date_gmt":"2023-08-03T07:12:50","guid":{"rendered":"https:\/\/lidaglassware.com\/?post_type=product&#038;p=2068"},"modified":"2023-08-02T23:18:08","modified_gmt":"2023-08-03T07:18:08","slug":"quality-crystal-whiskey-glass-390ml","status":"publish","type":"product","link":"https:\/\/lidaglassware.com\/fr\/produit\/verre-a-whisky-en-cristal-de-qualite-390ml\/","title":{"rendered":"Verre \u00e0 whisky en cristal de qualit\u00e9 390ml"},"content":{"rendered":"<p><em><strong>Section 1\u00a0: \u00ab Sirotez la sophistication \u00bb<\/strong><\/em><\/p>\n<p>Am\u00e9liorez votre exp\u00e9rience du whisky avec nos superbes verres \u00e0 whisky en cristal. Magnifiquement con\u00e7us pour capturer l&#039;essence de l&#039;\u00e9l\u00e9gance, ces verres apportent une touche luxueuse \u00e0 votre bar. Le savoir-faire raffin\u00e9 assure une prise en main confortable et une exp\u00e9rience de d\u00e9gustation sensationnelle, laissant une impression \u00e9ternelle sur vos papilles gustatives et vos invit\u00e9s.<\/p>\n<p><em><strong>Section 2\u00a0: \u00ab L\u2019art dans les moindres d\u00e9tails \u00bb<\/strong><\/em><\/p>\n<p>Fabriqu\u00e9s avec le plus grand soin et pr\u00e9cision, nos verres \u00e0 whisky en cristal mettent en valeur l&#039;art de la haute verrerie. L&#039;\u00e9clat \u00e9blouissant, l&#039;\u00e9quilibre harmonieux entre poids et esth\u00e9tique et les d\u00e9tails complexes font de chaque verre un chef-d&#039;\u0153uvre. Ces verres ne sont pas seulement des verres ; ils sont un sujet de conversation, un symbole de prestige et une \u0153uvre d&#039;art.<\/p>\n<p><em><strong>Section 3 : \u00ab\u00a0C\u00e9l\u00e9brer avec qualit\u00e9\u00a0\u00bb<\/strong><\/em><\/p>\n<p>La qualit\u00e9 compte lorsqu&#039;il s&#039;agit de d\u00e9guster vos spiritueux pr\u00e9f\u00e9r\u00e9s, et nos verres \u00e0 whisky en cristal r\u00e9pondent \u00e0 vos attentes. Fabriqu\u00e9s \u00e0 partir des meilleurs mat\u00e9riaux, ces verres offrent une clart\u00e9 impeccable qui rehausse l&#039;attrait visuel de votre whisky. Robustes mais sophistiqu\u00e9es, elles sont con\u00e7ues pour durer et destin\u00e9es \u00e0 devenir vos lunettes de pr\u00e9dilection pour les c\u00e9l\u00e9brations et les soir\u00e9es tranquilles.<\/p>\n<div class=\"mw-body-content\">\n<div id=\"bodyContent\" class=\"mw-body-content\">\n<div id=\"mw-content-text\" class=\"mw-content-ltr\" dir=\"ltr\" lang=\"en\">\n<header class=\"content-header\"><\/header>\n<section class=\"content-body text incontent-ads-area\" data-track-section=\"Body\" data-track-ranker=\"*\">\u00a0<\/section>\n<\/div>\n<\/div>\n<\/div>","protected":false},"excerpt":{"rendered":"<p>Savourez la v\u00e9ritable essence du whisky avec nos \u00e9l\u00e9gants verres en cristal. L&#039;artisanat, la qualit\u00e9 et le talent artistique se combinent pour une exp\u00e9rience ultime. Acheter aujourd&#039;hui!<\/p>","protected":false},"featured_media":2056,"comment_status":"closed","ping_status":"closed","template":"","meta":[],"class_list":["post-2068","product","type-product","status-publish","has-post-thumbnail","hentry","product_cat-whiskey-glasses","product_tag-branded-glasses","product_tag-decal-process","product_tag-decorated-glasses","product_tag-whiskey-glass","product_tag-wine-glass"],"_links":{"self":[{"href":"https:\/\/lidaglassware.com\/fr\/wp-json\/wp\/v2\/product\/2068","targetHints":{"allow":["GET"]}}],"collection":[{"href":"https:\/\/lidaglassware.com\/fr\/wp-json\/wp\/v2\/product"}],"about":[{"href":"https:\/\/lidaglassware.com\/fr\/wp-json\/wp\/v2\/types\/product"}],"replies":[{"embeddable":true,"href":"https:\/\/lidaglassware.com\/fr\/wp-json\/wp\/v2\/comments?post=2068"}],"wp:featuredmedia":[{"embeddable":true,"href":"https:\/\/lidaglassware.com\/fr\/wp-json\/wp\/v2\/media\/2056"}],"wp:attachment":[{"href":"https:\/\/lidaglassware.com\/fr\/wp-json\/wp\/v2\/media?parent=2068"}],"curies":[{"name":"wp","href":"https:\/\/api.w.org\/{rel}","templated":true}]}}