{"id":2962,"date":"2023-09-07T00:24:55","date_gmt":"2023-09-07T08:24:55","guid":{"rendered":"https:\/\/lidaglassware.com\/?post_type=product&#038;p=2962"},"modified":"2023-09-07T00:24:55","modified_gmt":"2023-09-07T08:24:55","slug":"vintage-martini-glass-9oz","status":"publish","type":"product","link":"https:\/\/lidaglassware.com\/fr\/produit\/verre-a-martini-vintage-9oz\/","title":{"rendered":"Verre \u00e0 Martini Vintage 9oz"},"content":{"rendered":"<p>Lorsque vous imaginez des cocktails embl\u00e9matiques, le verre \u00e0 Martini Vintage se d\u00e9marque sans aucun doute. Et \u00e0 juste titre. Comme beaucoup de verres \u00e0 cocktail, son design n\u2019est pas seulement destin\u00e9 au spectacle.<\/p>\n<p>\u00ab Choisir le bon verre pour chaque cocktail est crucial. Cela rehausse toute l\u2019exp\u00e9rience de consommation \u00bb, note le mixologue Adam Way. \u00ab Le verre que vous choisissez influence l&#039;apparence et la sensation de la boisson. Des verres sp\u00e9cifiques amplifient des caract\u00e9ristiques particuli\u00e8res des cocktails, et choisir le bon d\u00e9montre votre souci du d\u00e9tail.<\/p>\n<p>&nbsp;<\/p>","protected":false},"excerpt":{"rendered":"<p>Chaque bar a besoin d&#039;un verre \u00e0 Martini vintage. Ils sont id\u00e9aux pour les boissons servies sans glace. La tige allong\u00e9e et la conception conique aident \u00e0 maintenir la temp\u00e9rature de la boisson, tandis que sa large ouverture intensifie l&#039;ar\u00f4me. Bien qu&#039;il soit le choix id\u00e9al pour les martinis secou\u00e9s et brass\u00e9s, il convient \u00e9galement aux cosmopolites, aux gouttes de citron et aux martinis expresso au chocolat gourmands.<\/p>","protected":false},"featured_media":2921,"comment_status":"open","ping_status":"closed","template":"","meta":[],"class_list":["post-2962","product","type-product","status-publish","has-post-thumbnail","hentry","product_cat-cocktail-glasses","product_tag-cocktail-glasses"],"_links":{"self":[{"href":"https:\/\/lidaglassware.com\/fr\/wp-json\/wp\/v2\/product\/2962","targetHints":{"allow":["GET"]}}],"collection":[{"href":"https:\/\/lidaglassware.com\/fr\/wp-json\/wp\/v2\/product"}],"about":[{"href":"https:\/\/lidaglassware.com\/fr\/wp-json\/wp\/v2\/types\/product"}],"replies":[{"embeddable":true,"href":"https:\/\/lidaglassware.com\/fr\/wp-json\/wp\/v2\/comments?post=2962"}],"wp:featuredmedia":[{"embeddable":true,"href":"https:\/\/lidaglassware.com\/fr\/wp-json\/wp\/v2\/media\/2921"}],"wp:attachment":[{"href":"https:\/\/lidaglassware.com\/fr\/wp-json\/wp\/v2\/media?parent=2962"}],"curies":[{"name":"wp","href":"https:\/\/api.w.org\/{rel}","templated":true}]}}