{"id":2963,"date":"2023-09-07T00:28:13","date_gmt":"2023-09-07T08:28:13","guid":{"rendered":"https:\/\/lidaglassware.com\/?post_type=product&#038;p=2963"},"modified":"2023-09-07T00:38:42","modified_gmt":"2023-09-07T08:38:42","slug":"cocktail-glasses-coupe-350ml","status":"publish","type":"product","link":"https:\/\/lidaglassware.com\/fr\/produit\/verres-a-cocktail-coupe-350ml\/","title":{"rendered":"Verres \u00e0 Cocktail Coup\u00e9 350ml"},"content":{"rendered":"<p>Verres \u00e0 cocktail Coupe\u00a0: Plongez dans le monde de la boisson sophistiqu\u00e9e avec nos verres \u00e0 cocktail Coupe m\u00e9ticuleusement con\u00e7us.<\/p>\n<p>Tout amateur de cocktails sait que le bon verre peut faire toute la diff\u00e9rence, et nos verres Coupe sont con\u00e7us pour faire exactement cela. Avec leur \u00e9l\u00e9gant bol large, ils pr\u00e9sentent non seulement magnifiquement votre boisson, mais concentrent \u00e9galement les ar\u00f4mes, garantissant que chaque gorg\u00e9e soit un d\u00e9lice sensoriel. La longue tige, en plus d&#039;ajouter \u00e0 son attrait classique, garantit que votre boisson reste fra\u00eeche, sans \u00eatre touch\u00e9e par la chaleur des mains. Que vous serviez un martini intemporel, un cosmopolite ou que vous exp\u00e9rimentiez de nouvelles cr\u00e9ations de mixologie, ces verres sont le compagnon id\u00e9al. Con\u00e7us \u00e0 la fois pour les mixologues professionnels et les barmen \u00e0 domicile, nos verres Coupe allient harmonieusement forme et fonctionnalit\u00e9. Am\u00e9liorez votre collection de bar, impressionnez vos invit\u00e9s et rehaussez chaque heure de cocktail. Parcourez notre collection et investissez dans une pi\u00e8ce intemporelle qui est autant une question d&#039;exp\u00e9rience que de pr\u00e9sentation.<\/p>","protected":false},"excerpt":{"rendered":"<p>\u00ab Verres \u00e0 cocktail Coupe : Am\u00e9liorez votre exp\u00e9rience de cocktail avec nos verres Coupe haut de gamme. Con\u00e7us pour l&#039;\u00e9l\u00e9gance et la fonctionnalit\u00e9, ces verres sont parfaits pour pr\u00e9senter vos boissons pr\u00e9f\u00e9r\u00e9es. Le large bol capture les ar\u00f4mes, am\u00e9liorant le profil aromatique de votre cocktail, tandis que la longue tige garantit une gorg\u00e9e fra\u00eeche \u00e0 chaque fois. Id\u00e9als pour les mixologues et les amateurs de cocktails, nos verres Coupe sont un incontournable pour toute collection de bar sophistiqu\u00e9e. Achetez maintenant et servez avec style\u00a0!\u00a0\u00bb<\/p>","protected":false},"featured_media":2952,"comment_status":"open","ping_status":"closed","template":"","meta":[],"class_list":["post-2963","product","type-product","status-publish","has-post-thumbnail","hentry","product_cat-cocktail-glasses","product_tag-cocktail-glasses"],"_links":{"self":[{"href":"https:\/\/lidaglassware.com\/fr\/wp-json\/wp\/v2\/product\/2963","targetHints":{"allow":["GET"]}}],"collection":[{"href":"https:\/\/lidaglassware.com\/fr\/wp-json\/wp\/v2\/product"}],"about":[{"href":"https:\/\/lidaglassware.com\/fr\/wp-json\/wp\/v2\/types\/product"}],"replies":[{"embeddable":true,"href":"https:\/\/lidaglassware.com\/fr\/wp-json\/wp\/v2\/comments?post=2963"}],"wp:featuredmedia":[{"embeddable":true,"href":"https:\/\/lidaglassware.com\/fr\/wp-json\/wp\/v2\/media\/2952"}],"wp:attachment":[{"href":"https:\/\/lidaglassware.com\/fr\/wp-json\/wp\/v2\/media?parent=2963"}],"curies":[{"name":"wp","href":"https:\/\/api.w.org\/{rel}","templated":true}]}}