{"id":2969,"date":"2023-09-07T01:20:01","date_gmt":"2023-09-07T09:20:01","guid":{"rendered":"https:\/\/lidaglassware.com\/?post_type=product&#038;p=2969"},"modified":"2024-01-15T18:02:29","modified_gmt":"2024-01-16T02:02:29","slug":"wine-glass-goblet-530ml","status":"publish","type":"product","link":"https:\/\/lidaglassware.com\/fr\/produit\/verre-a-vin-gobelet-530ml\/","title":{"rendered":"Verre \u00e0 vin Gobelet 530ml"},"content":{"rendered":"<p>Gobelet en verre \u00e0 vin : plongez dans le monde riche de la viniculture avec notre gobelet en verre \u00e0 vin au design exquis.<\/p>\n<p>Chaque vin raconte une histoire, et notre gobelet veille \u00e0 ce que cette histoire soit racont\u00e9e de la mani\u00e8re la plus \u00e9loquente. Fabriqu\u00e9e avec pr\u00e9cision, sa forme est m\u00e9ticuleusement con\u00e7ue pour capturer et concentrer les ar\u00f4mes et saveurs complexes de chaque c\u00e9page. Que vous vous livriez \u00e0 un rouge robuste, un blanc croquant ou un ros\u00e9 p\u00e9tillant, notre gobelet promet une exp\u00e9rience de d\u00e9gustation in\u00e9gal\u00e9e.<\/p>\n<p>La tige allong\u00e9e garantit que votre vin reste \u00e0 la temp\u00e9rature id\u00e9ale, tandis que le bol g\u00e9n\u00e9reux permet une a\u00e9ration optimale. Au-del\u00e0 de sa fonctionnalit\u00e9, l&#039;ensemble de gobelets \u00e0 vin est un symbole d&#039;\u00e9l\u00e9gance et de luxe, ce qui en fait un incontournable pour tout amateur de vin, collectionneur et occasion de c\u00e9l\u00e9bration. En outre, nous pourrions fournir un type de verre \u00e0 vin \u00e0 bord dor\u00e9.<\/p>\n<p>Am\u00e9liorez votre exp\u00e9rience de d\u00e9gustation de vin, appr\u00e9ciez les nuances de chaque mill\u00e9sime et c\u00e9l\u00e9brez l&#039;art de la vinification. Parcourez notre collection et versez, tourbillonnez et sirotez avec grandeur.<\/p>","protected":false},"excerpt":{"rendered":"<p>Gobelet en verre \u00e0 vin : savourez les meilleurs vins avec notre \u00e9l\u00e9gant gobelet en verre \u00e0 vin. Con\u00e7u pour les connaisseurs, son design garantit un ar\u00f4me et une saveur optimaux \u00e0 chaque gorg\u00e9e. Parfait pour les soir\u00e9es d\u00e9contract\u00e9es et les grandes c\u00e9l\u00e9brations, ce gobelet est un ajout intemporel \u00e0 la collection de tout amateur de vin. Explorez l&#039;essence du vin avec style.<\/p>","protected":false},"featured_media":2904,"comment_status":"open","ping_status":"closed","template":"","meta":[],"class_list":["post-2969","product","type-product","status-publish","has-post-thumbnail","hentry","product_cat-cocktail-glasses","product_tag-cocktail-glasses"],"_links":{"self":[{"href":"https:\/\/lidaglassware.com\/fr\/wp-json\/wp\/v2\/product\/2969","targetHints":{"allow":["GET"]}}],"collection":[{"href":"https:\/\/lidaglassware.com\/fr\/wp-json\/wp\/v2\/product"}],"about":[{"href":"https:\/\/lidaglassware.com\/fr\/wp-json\/wp\/v2\/types\/product"}],"replies":[{"embeddable":true,"href":"https:\/\/lidaglassware.com\/fr\/wp-json\/wp\/v2\/comments?post=2969"}],"wp:featuredmedia":[{"embeddable":true,"href":"https:\/\/lidaglassware.com\/fr\/wp-json\/wp\/v2\/media\/2904"}],"wp:attachment":[{"href":"https:\/\/lidaglassware.com\/fr\/wp-json\/wp\/v2\/media?parent=2969"}],"curies":[{"name":"wp","href":"https:\/\/api.w.org\/{rel}","templated":true}]}}