{"id":4147,"date":"2024-01-22T19:11:24","date_gmt":"2024-01-23T03:11:24","guid":{"rendered":"https:\/\/lidaglassware.com\/?post_type=product&#038;p=4147"},"modified":"2024-01-22T19:11:26","modified_gmt":"2024-01-23T03:11:26","slug":"classic-charm-retro-cocktail-glasses","status":"publish","type":"product","link":"https:\/\/lidaglassware.com\/fr\/produit\/classic-charm-retro-cocktail-glasses\/","title":{"rendered":"Verres \u00e0 cocktail r\u00e9tro au charme classique | Collection d&#039;ustensiles de bar d&#039;inspiration vintage"},"content":{"rendered":"<h2><strong>caract\u00e9ristiques du produit<\/strong><\/h2>\n<ul>\n<li><strong>D\u00e9tails grav\u00e9s complexes<\/strong>: Les verres \u00e0 cocktail r\u00e9tro pr\u00e9sentent un motif grav\u00e9 d\u00e9licat autour du bord, ajoutant un \u00e9l\u00e9ment de sophistication vintage \u00e0 votre pr\u00e9sentation de boisson.<\/li>\n<li><strong>Forme \u00e9vas\u00e9e classique<\/strong>: Le verre a une forme \u00e9vas\u00e9e qui contribue non seulement \u00e0 son attrait esth\u00e9tique mais rehausse \u00e9galement l&#039;ar\u00f4me et la saveur du cocktail.<\/li>\n<li><strong>Tige \u00e9l\u00e9gante<\/strong>: Une tige soigneusement \u00e9quilibr\u00e9e offre \u00e0 la fois beaut\u00e9 et fonctionnalit\u00e9, vous permettant de tenir votre boisson sans affecter sa temp\u00e9rature.<\/li>\n<li><strong>Base robuste<\/strong>: Con\u00e7ue dans un souci de stabilit\u00e9, la base solide emp\u00eache le basculement et est parfaite pour reposer sur les surfaces de bar modernes et traditionnelles.<\/li>\n<li><strong>Verre cristallin<\/strong>: Fabriqu\u00e9 \u00e0 partir de verre transparent de haute qualit\u00e9, ce verre \u00e0 cocktail garantit que l&#039;attrait visuel de vos cocktails est toujours au premier plan.<\/li>\n<li><strong>Utilisation polyvalente<\/strong>: Bien que parfait pour les cocktails r\u00e9tro et classiques, le design intemporel du verre le rend adapt\u00e9 \u00e0 une grande vari\u00e9t\u00e9 de boissons.<\/li>\n<li><strong>Facile \u00e0 nettoyer<\/strong>: Le verre est con\u00e7u pour un entretien facile, permettant un nettoyage sans tracas sans compromettre les d\u00e9tails complexes.<\/li>\n<li><strong>Capacit\u00e9 id\u00e9ale<\/strong>: Avec un volume g\u00e9n\u00e9reux, ce verre \u00e0 cocktail r\u00e9tro est dimensionn\u00e9 pour accueillir une large gamme de cocktails, parfait pour un usage domestique et professionnel.<\/li>\n<\/ul>\n<p>&nbsp;<\/p>\n<h2><strong>L&#039;utilisation de verres \u00e0 cocktail r\u00e9tro<\/strong><\/h2>\n<div class=\"w-full text-token-text-primary\" data-testid=\"conversation-turn-92\">\n<div class=\"px-4 py-2 justify-center text-base md:gap-6 m-auto\">\n<div class=\"flex flex-1 text-base mx-auto gap-3 md:px-5 lg:px-1 xl:px-5 md:max-w-3xl lg:max-w-[40rem] xl:max-w-[48rem] group\">\n<div class=\"relative flex w-full flex-col lg:w-[calc(100%-115px)] agent-turn\">\n<div class=\"flex-col gap-1 md:gap-3\">\n<div class=\"flex flex-grow flex-col max-w-full\">\n<div class=\"min-h-[20px] text-message flex flex-col items-start gap-3 whitespace-pre-wrap break-words [.text-message+&amp;]:mt-5 overflow-x-auto\" data-message-author-role=\"assistant\" data-message-id=\"f29ae0ba-d3a9-4208-ac12-514fe0a6b9de\">\n<div class=\"markdown prose w-full break-words dark:prose-invert light\">\n<div class=\"flex-1 overflow-hidden\">\n<div class=\"react-scroll-to-bottom--css-koznw-79elbk h-full\">\n<div class=\"react-scroll-to-bottom--css-koznw-1n7m0yu\">\n<div class=\"flex flex-col pb-9 text-sm\">\n<div class=\"w-full text-token-text-primary\" data-testid=\"conversation-turn-94\">\n<div class=\"px-4 py-2 justify-center text-base md:gap-6 m-auto\">\n<div class=\"flex flex-1 text-base mx-auto gap-3 md:px-5 lg:px-1 xl:px-5 md:max-w-3xl lg:max-w-[40rem] xl:max-w-[48rem] group final-completion\">\n<div class=\"relative flex w-full flex-col lg:w-[calc(100%-115px)] agent-turn\">\n<div class=\"flex-col gap-1 md:gap-3\">\n<div class=\"flex flex-grow flex-col max-w-full\">\n<div class=\"min-h-[20px] text-message flex flex-col items-start gap-3 whitespace-pre-wrap break-words [.text-message+&amp;]:mt-5 overflow-x-auto\" data-message-author-role=\"assistant\" data-message-id=\"17d65db4-313f-4153-a057-815b0ade2107\">\n<div class=\"markdown prose w-full break-words dark:prose-invert light\">\n<ul>\n<li><strong>Fabrication de cocktails<\/strong>: Ces verres \u00e0 cocktail r\u00e9tro sont parfaits pour cr\u00e9er et servir une vari\u00e9t\u00e9 de cocktails, des classiques intemporels aux concoctions modernes.<\/li>\n<li><strong>\u00c9v\u00e9nements th\u00e9matiques<\/strong>: Leur design vintage en fait un choix id\u00e9al pour les \u00e9v\u00e9nements \u00e0 th\u00e8me, notamment ceux visant une ambiance r\u00e9tro ou clandestine.<\/li>\n<li><strong>Affichage et d\u00e9coration<\/strong>: En plus de servir des boissons, ils peuvent \u00eatre utilis\u00e9s dans le cadre de votre d\u00e9coration int\u00e9rieure, ajoutant une touche d&#039;\u00e9l\u00e9gance r\u00e9tro \u00e0 n&#039;importe quel espace.<\/li>\n<li><strong>D\u00e9guster et Savourer<\/strong>: La forme des verres est con\u00e7ue pour am\u00e9liorer le profil aromatique et gustatif des spiritueux et des boissons m\u00e9lang\u00e9es, offrant ainsi une exp\u00e9rience gustative sup\u00e9rieure.<\/li>\n<li><strong>Donner en cadeau<\/strong>: Un ensemble de verres \u00e0 cocktail r\u00e9tro constitue un cadeau r\u00e9fl\u00e9chi et \u00e9l\u00e9gant pour les amis, la famille ou toute personne qui appr\u00e9cie l&#039;art de la mixologie.<\/li>\n<li><strong>Collections de bars<\/strong>: Pour les propri\u00e9taires de bar et les amateurs de bar \u00e0 domicile, ces verres sont un ajout indispensable \u00e0 toute collection de verrerie, offrant \u00e0 la fois style et fonctionnalit\u00e9.<\/li>\n<li><strong>La photographie<\/strong>: Ce sont des pi\u00e8ces photog\u00e9niques qui peuvent am\u00e9liorer l&#039;esth\u00e9tique de la photographie de boissons, parfaites pour les professionnels ou les passionn\u00e9s de m\u00e9dias sociaux.<\/li>\n<li><strong>Occasions sp\u00e9ciales<\/strong>: Utilisez ces verres pour ajouter une touche sophistiqu\u00e9e aux c\u00e9l\u00e9brations telles que les anniversaires, les anniversaires marquants ou toute occasion qui appelle un toast.<\/li>\n<\/ul>\n<\/div>\n<\/div>\n<\/div>\n<div class=\"mt-1 flex justify-start gap-3 empty:hidden\"><\/div>\n<\/div>\n<\/div>\n<\/div>\n<\/div>\n<\/div>\n<\/div>\n<\/div>\n<\/div>\n<\/div>\n<p>&nbsp;<\/p>\n<\/div>\n<\/div>\n<\/div>\n<\/div>\n<\/div>\n<\/div>\n<\/div>\n<\/div>\n<h2><strong>FAQ pour les verres \u00e0 cocktail r\u00e9tro<\/strong><\/h2>\n<div class=\"w-full text-token-text-primary\" data-testid=\"conversation-turn-92\">\n<div class=\"px-4 py-2 justify-center text-base md:gap-6 m-auto\">\n<div class=\"flex flex-1 text-base mx-auto gap-3 md:px-5 lg:px-1 xl:px-5 md:max-w-3xl lg:max-w-[40rem] xl:max-w-[48rem] group\">\n<div class=\"relative flex w-full flex-col lg:w-[calc(100%-115px)] agent-turn\">\n<div class=\"flex-col gap-1 md:gap-3\">\n<div class=\"flex flex-grow flex-col max-w-full\">\n<div class=\"min-h-[20px] text-message flex flex-col items-start gap-3 whitespace-pre-wrap break-words [.text-message+&amp;]:mt-5 overflow-x-auto\" data-message-author-role=\"assistant\" data-message-id=\"f29ae0ba-d3a9-4208-ac12-514fe0a6b9de\">\n<div class=\"markdown prose w-full break-words dark:prose-invert light\">\n<p><strong>Q : Qu&#039;est-ce qui d\u00e9finit le style de ces verres \u00e0 cocktail r\u00e9tro ?<\/strong> R : Ces lunettes se caract\u00e9risent par leur design vintage, avec des formes classiques et des motifs complexes rappelant les \u00e9poques pass\u00e9es, parfaits pour ceux qui appr\u00e9cient la nostalgie et la sophistication de l&#039;esth\u00e9tique r\u00e9tro.<\/p>\n<p><strong>Q : Ces verres \u00e0 cocktail r\u00e9tro peuvent-ils \u00eatre utilis\u00e9s pour n&#039;importe quel type de boisson ?<\/strong> R : Oui, bien qu&#039;ils soient id\u00e9aux pour les cocktails, leur conception polyvalente les rend adapt\u00e9s au service d&#039;une vari\u00e9t\u00e9 de boissons, notamment des spiritueux, des ap\u00e9ritifs et des m\u00e9langes sans alcool.<\/p>\n<p><strong>Q : Les verres \u00e0 cocktail r\u00e9tro vont-ils au lave-vaisselle ?<\/strong> R : Pour pr\u00e9server l\u2019int\u00e9grit\u00e9 des motifs complexes, nous vous recommandons de laver ces verres \u00e0 la main.<\/p>\n<p><strong>Q : Quelle est la capacit\u00e9 de ces verres ?<\/strong> R : La capacit\u00e9 peut varier selon la conception, mais nos verres \u00e0 cocktail r\u00e9tro contiennent g\u00e9n\u00e9ralement entre 4 et 6 onces, ce qui permet de pr\u00e9parer des recettes de cocktails standard.<\/p>\n<p><strong>Q : Les lunettes sont-elles durables pour un usage r\u00e9gulier ?<\/strong> R : Absolument, nos verres \u00e0 cocktail r\u00e9tro sont fabriqu\u00e9s avec des mat\u00e9riaux de haute qualit\u00e9 con\u00e7us pour r\u00e9sister \u00e0 une utilisation r\u00e9guli\u00e8re tout en conservant leur aspect \u00e9l\u00e9gant.<\/p>\n<p><strong>Q : Les lunettes sont-elles couvertes par une garantie ?<\/strong> R : Nous offrons une garantie standard qui couvre tout d\u00e9faut de fabrication. Veuillez vous r\u00e9f\u00e9rer \u00e0 notre politique de garantie pour plus de d\u00e9tails.<\/p>\n<p><strong>Q\u00a0: Comment dois-je entretenir mes verres \u00e0 cocktail r\u00e9tro pour qu&#039;ils conservent leur meilleur aspect\u00a0?<\/strong> R : Un lavage doux des mains avec une \u00e9ponge non abrasive et un d\u00e9tergent doux est recommand\u00e9. S\u00e9chez-les avec un chiffon doux pour \u00e9viter les taches d&#039;eau et conserver leur \u00e9clat.<\/p>\n<p><strong>Q : Le verre est-il sans plomb ?<\/strong> R : Oui, nos verres \u00e0 cocktail r\u00e9tro sont fabriqu\u00e9s \u00e0 partir de verre sans plomb, ce qui garantit leur s\u00e9curit\u00e9 pour un usage quotidien.<\/p>\n<p><strong>Q : Les motifs grav\u00e9s sur les verres s&#039;estomperont-ils avec le temps ?<\/strong> R : Les gravures sont grav\u00e9es dans le verre et conserveront leurs d\u00e9tails avec le soin appropri\u00e9.<\/p>\n<p><strong>Q\u00a0: Ces lunettes sont-elles disponibles en achat en gros ou en gros\u00a0?<\/strong> R : Oui, nous proposons des options d&#039;achat en gros pour les \u00e9v\u00e9nements, les restaurants ou les d\u00e9taillants. Veuillez nous contacter pour les prix de gros et les informations.<\/p>\n<\/div>\n<\/div>\n<\/div>\n<\/div>\n<\/div>\n<\/div>\n<\/div>\n<\/div>","protected":false},"excerpt":{"rendered":"<p>Verre \u00e0 cocktail r\u00e9tro, une pi\u00e8ce magnifiquement con\u00e7ue qui apporte une touche de sophistication \u00e0 n&#039;importe quel bar \u00e0 domicile.<\/p>\n<p>Ce verre pr\u00e9sente un motif grav\u00e9 unique qui entoure le bord, offrant une sensation vintage avec une touche artistique moderne. Le verre repose \u00e9l\u00e9gamment sur une tige \u00e9l\u00e9gante avec une base stable, ce qui garantit qu&#039;il est non seulement un plaisir \u00e0 voir mais aussi \u00e0 utiliser.<\/p>\n<p>Son mat\u00e9riau transparent met en valeur le cocktail qu&#039;il contient, ce qui en fait un choix parfait pour ceux qui appr\u00e9cient l&#039;attrait visuel de leurs boissons. Id\u00e9al pour siroter vos boissons m\u00e9lang\u00e9es pr\u00e9f\u00e9r\u00e9es, ce verre \u00e0 cocktail allie design intemporel et \u00e9l\u00e9gance contemporaine.<\/p>","protected":false},"featured_media":4150,"comment_status":"closed","ping_status":"closed","template":"","meta":[],"class_list":["post-4147","product","type-product","status-publish","has-post-thumbnail","hentry","product_cat-cocktail-glasses","product_tag-cocktail-glasses"],"_links":{"self":[{"href":"https:\/\/lidaglassware.com\/fr\/wp-json\/wp\/v2\/product\/4147","targetHints":{"allow":["GET"]}}],"collection":[{"href":"https:\/\/lidaglassware.com\/fr\/wp-json\/wp\/v2\/product"}],"about":[{"href":"https:\/\/lidaglassware.com\/fr\/wp-json\/wp\/v2\/types\/product"}],"replies":[{"embeddable":true,"href":"https:\/\/lidaglassware.com\/fr\/wp-json\/wp\/v2\/comments?post=4147"}],"wp:featuredmedia":[{"embeddable":true,"href":"https:\/\/lidaglassware.com\/fr\/wp-json\/wp\/v2\/media\/4150"}],"wp:attachment":[{"href":"https:\/\/lidaglassware.com\/fr\/wp-json\/wp\/v2\/media?parent=4147"}],"curies":[{"name":"wp","href":"https:\/\/api.w.org\/{rel}","templated":true}]}}