{"id":4451,"date":"2024-01-28T23:09:10","date_gmt":"2024-01-29T07:09:10","guid":{"rendered":"https:\/\/lidaglassware.com\/?post_type=product&#038;p=4451"},"modified":"2024-01-28T23:09:11","modified_gmt":"2024-01-29T07:09:11","slug":"elegance-christmas-cocktail-glasses","status":"publish","type":"product","link":"https:\/\/lidaglassware.com\/fr\/produit\/elegance-christmas-cocktail-glasses\/","title":{"rendered":"Verres \u00e0 cocktail de No\u00ebl Spiraling Elegance"},"content":{"rendered":"<h2><strong>Caract\u00e9ristiques du produit pour les verres \u00e0 cocktail de No\u00ebl Spiraling Elegance\u00a0:<\/strong><\/h2>\n<ol>\n<li><strong>Conception unique de tige en spirale<\/strong>: Une tige h\u00e9lico\u00efdale teint\u00e9e verte offre une prise en main visuellement \u00e9poustouflante et ergonomique.<\/li>\n<li><strong>Appel festif<\/strong>: L&#039;accent vert sur la tige ajoute une touche festive, parfaite pour les r\u00e9ceptions des f\u00eates.<\/li>\n<li><strong>Capacit\u00e9 polyvalente<\/strong>: Avec un volume de 170 ml, il est id\u00e9al pour une vari\u00e9t\u00e9 de cocktails et de boissons de No\u00ebl.<\/li>\n<li><strong>Construction en verre durable<\/strong>: Con\u00e7u pour une utilisation durable, il r\u00e9siste aux tintements et aux toasts d&#039;innombrables c\u00e9l\u00e9brations.<\/li>\n<li><strong>Forme de bol \u00e9l\u00e9gante<\/strong>: Le bol en verre \u00e0 martini classique est con\u00e7u pour pr\u00e9senter et rehausser parfaitement les saveurs de votre cocktail.<\/li>\n<li><strong>Cadeau id\u00e9al<\/strong>: Un cadeau de vacances parfait pour les amateurs de cocktails ou un ajout novateur \u00e0 la verrerie d&#039;un collectionneur.<\/li>\n<li><strong>Facile \u00e0 nettoyer<\/strong>: Bien que le lavage des mains soit recommand\u00e9 pour maintenir l&#039;int\u00e9grit\u00e9 de la tige, elle est con\u00e7ue pour un nettoyage facile.<\/li>\n<li><strong>Utilisation polyvalente<\/strong>: Au-del\u00e0 des cocktails, il convient \u00e9galement pour servir des desserts ou comme pi\u00e8ce d\u00e9corative pour les f\u00eates.<\/li>\n<\/ol>\n<p>&nbsp;<\/p>\n<div class=\"flex-1 overflow-hidden\">\n<div class=\"react-scroll-to-bottom--css-mibgk-79elbk h-full\">\n<div class=\"react-scroll-to-bottom--css-mibgk-1n7m0yu\">\n<div class=\"flex flex-col pb-9 text-sm\">\n<div class=\"w-full text-token-text-primary\" data-testid=\"conversation-turn-47\">\n<div class=\"px-4 py-2 justify-center text-base md:gap-6 m-auto\">\n<div class=\"flex flex-1 text-base mx-auto gap-3 md:px-5 lg:px-1 xl:px-5 md:max-w-3xl lg:max-w-[40rem] xl:max-w-[48rem] group final-completion\">\n<div class=\"relative flex w-full flex-col lg:w-[calc(100%-115px)] agent-turn\">\n<div class=\"flex-col gap-1 md:gap-3\">\n<div class=\"flex flex-grow flex-col max-w-full\">\n<div class=\"min-h-[20px] text-message flex flex-col items-start gap-3 whitespace-pre-wrap break-words [.text-message+&amp;]:mt-5 overflow-x-auto\" data-message-author-role=\"assistant\" data-message-id=\"556c83ef-9967-4a91-9282-9930f03e0281\">\n<div class=\"markdown prose w-full break-words dark:prose-invert light\">\n<h2><strong>Les verres \u00e0 cocktail de No\u00ebl Spiraling Elegance peuvent \u00eatre utilis\u00e9s pour une vari\u00e9t\u00e9 d&#039;occasions et de fins festives :<\/strong><\/h2>\n<ol>\n<li><strong>Servir des cocktails sp\u00e9ciaux<\/strong>: Cr\u00e9ez et servez vos cocktails de vacances signature, tels que des martinis de No\u00ebl ou des concoctions de canneberges \u00e9pic\u00e9es, ajoutant une touche d&#039;\u00e9l\u00e9gance \u00e0 votre pr\u00e9sentation de boissons.<\/li>\n<li><strong>D\u00e9cor de vacances<\/strong>: Utilisez le verre dans le cadre de votre table de No\u00ebl ou de votre bar, rehaussant le d\u00e9cor festif avec son design unique et ses accents verts.<\/li>\n<li><strong>Pr\u00e9sentations de desserts<\/strong>: Au-del\u00e0 des boissons, ce verre convient \u00e0 la pr\u00e9sentation de desserts \u00e9tag\u00e9s ou d\u00e9construits, comme les mousses ou les sorbets, pour une fin sophistiqu\u00e9e d&#039;un repas de f\u00eates.<\/li>\n<li><strong>Donner en cadeau<\/strong>: En tant que cadeau \u00e9l\u00e9gant et unique, le verre est parfait pour les amateurs de cocktails ou tous ceux qui appr\u00e9cient les ustensiles de bar festifs.<\/li>\n<li><strong>Trinquer lors d&#039;\u00e9v\u00e9nements sp\u00e9ciaux<\/strong>: \u00c9levez vos toasts de No\u00ebl et du Nouvel An avec cet \u00e9l\u00e9gant verre, rendant le moment encore plus m\u00e9morable.<\/li>\n<li><strong>Objet de collection<\/strong>: Pour ceux qui collectionnent des ustensiles de bar uniques ou saisonniers, ce verre constitue un excellent ajout \u00e0 toute collection.<\/li>\n<\/ol>\n<\/div>\n<\/div>\n<\/div>\n<\/div>\n<\/div>\n<\/div>\n<\/div>\n<\/div>\n<\/div>\n<\/div>\n<\/div>\n<\/div>\n<p>&nbsp;<\/p>\n<h2><strong>FAQ pour les verres \u00e0 cocktail de No\u00ebl Spiraling Elegance<\/strong><\/h2>\n<div class=\"flex-1 overflow-hidden\">\n<div class=\"react-scroll-to-bottom--css-mibgk-79elbk h-full\">\n<div class=\"react-scroll-to-bottom--css-mibgk-1n7m0yu\">\n<div class=\"flex flex-col pb-9 text-sm\">\n<div class=\"w-full text-token-text-primary\" data-testid=\"conversation-turn-47\">\n<div class=\"px-4 py-2 justify-center text-base md:gap-6 m-auto\">\n<div class=\"flex flex-1 text-base mx-auto gap-3 md:px-5 lg:px-1 xl:px-5 md:max-w-3xl lg:max-w-[40rem] xl:max-w-[48rem] group final-completion\">\n<div class=\"relative flex w-full flex-col lg:w-[calc(100%-115px)] agent-turn\">\n<div class=\"flex-col gap-1 md:gap-3\">\n<div class=\"flex flex-grow flex-col max-w-full\">\n<div class=\"min-h-[20px] text-message flex flex-col items-start gap-3 whitespace-pre-wrap break-words [.text-message+&amp;]:mt-5 overflow-x-auto\" data-message-author-role=\"assistant\" data-message-id=\"556c83ef-9967-4a91-9282-9930f03e0281\">\n<ol>\n<li><strong>Qu&#039;est-ce qui rend les verres \u00e0 cocktail de No\u00ebl Spiraling Elegance uniques ?<\/strong>\n<ul>\n<li>Ce verre se distingue par son pied en spirale distinctif et son design festif, id\u00e9al pour les c\u00e9l\u00e9brations des f\u00eates et ajoutant une touche d&#039;\u00e9l\u00e9gance \u00e0 toute exp\u00e9rience cocktail.<\/li>\n<\/ul>\n<\/li>\n<li><strong>Quels types de boissons sont les mieux servis dans ce verre ?<\/strong>\n<ul>\n<li>Le verre est parfait pour une vari\u00e9t\u00e9 de cocktails de No\u00ebl, en particulier ceux servis \u00ab\u00a0up\u00a0\u00bb comme les martinis ou les cosmopolites, o\u00f9 l&#039;ar\u00f4me et la saveur sont rehauss\u00e9s par le design du verre.<\/li>\n<\/ul>\n<\/li>\n<li><strong>Comment dois-je entretenir mon verre \u00e0 cocktail pour le conserver dans les meilleures conditions ?<\/strong>\n<ul>\n<li>Le lavage des mains est recommand\u00e9 pour maintenir l\u2019int\u00e9grit\u00e9 du verre et ses caract\u00e9ristiques de conception uniques. \u00c9vitez d&#039;utiliser des \u00e9ponges abrasives et des produits chimiques agressifs.<\/li>\n<\/ul>\n<\/li>\n<li><strong>Ce verre peut-il \u00eatre personnalis\u00e9 ?<\/strong>\n<ul>\n<li>Pour des conceptions personnalis\u00e9es, y compris des gravures ou des <a href=\"https:\/\/lidaglassware.com\/fr\/glassware-decoration\/\" target=\"_blank\" rel=\"noopener sponsored\">d\u00e9corations<\/a>, vous pouvez vous renseigner aupr\u00e8s de Lida Glassware pour conna\u00eetre les options de personnalisation disponibles.<\/li>\n<\/ul>\n<\/li>\n<li><strong>Le verre est-il adapt\u00e9 \u00e0 d&#039;autres usages que le service de cocktails ?<\/strong>\n<ul>\n<li>Absolument, cela peut \u00eatre une option \u00e9l\u00e9gante pour servir des desserts ou m\u00eame comme une pi\u00e8ce d\u00e9corative \u00e9l\u00e9gante pour votre table de vacances.<\/li>\n<\/ul>\n<\/li>\n<li><strong>Pourquoi diff\u00e9rents types de verres sont-ils utilis\u00e9s pour les cocktails ?<\/strong>\n<ul>\n<li>Diff\u00e9rents types de verres am\u00e9liorent divers aspects d&#039;un cocktail, comme la couleur, la saveur, la temp\u00e9rature et l&#039;ar\u00f4me. Le bon verre peut rehausser l\u2019exp\u00e9rience globale du cocktail.<\/li>\n<\/ul>\n<\/li>\n<li><strong>Quelle est la contenance de ce verre ?<\/strong>\n<ul>\n<li>Le verre \u00e0 cocktail de No\u00ebl Spiraling Elegance contient g\u00e9n\u00e9ralement un volume de cocktail standard, ce qui le rend id\u00e9al pour une gamme de boissons.<\/li>\n<\/ul>\n<\/li>\n<li><strong>Comment ce verre am\u00e9liore-t-il l&#039;exp\u00e9rience du cocktail ?<\/strong>\n<ul>\n<li>Le design unique ajoute non seulement \u00e0 l&#039;attrait visuel, mais contribue \u00e9galement au profil d&#039;ar\u00f4me et de saveur du cocktail, enrichissant ainsi l&#039;exp\u00e9rience de d\u00e9gustation.<\/li>\n<\/ul>\n<\/li>\n<li><strong>Le verre peut-il \u00eatre utilis\u00e9 aussi bien pour des occasions formelles que d\u00e9contract\u00e9es ?<\/strong>\n<ul>\n<li>Oui, son design polyvalent le rend adapt\u00e9 aussi bien aux f\u00eates de fin d\u2019ann\u00e9e \u00e9l\u00e9gantes qu\u2019aux r\u00e9unions festives d\u00e9contract\u00e9es.<\/li>\n<\/ul>\n<\/li>\n<li><strong>O\u00f9 puis-je acheter les verres \u00e0 cocktail de No\u00ebl Spiraling Elegance\u00a0?<\/strong>\n<ul>\n<li>Vous pouvez visiter le site Web de Lida Glassware ou <a href=\"https:\/\/lidaglassware.com\/fr\/contact\/\" target=\"_blank\" rel=\"noopener sponsored\">Contactez-nous<\/a> pour plus de d\u00e9tails sur l&#039;achat et pour explorer toute la vaste gamme de verrerie \u00e9l\u00e9gante.<\/li>\n<\/ul>\n<\/li>\n<\/ol>\n<\/div>\n<\/div>\n<div class=\"mt-1 flex justify-start gap-3 empty:hidden\"><\/div>\n<\/div>\n<\/div>\n<\/div>\n<\/div>\n<\/div>\n<\/div>\n<\/div>\n<\/div>\n<\/div>","protected":false},"excerpt":{"rendered":"<p>Les verres \u00e0 cocktail de No\u00ebl Spiraling Elegance sont l&#039;incarnation de la sophistication festive. Sa conception \u00e0 tige torsad\u00e9e sert non seulement de pi\u00e8ce ma\u00eetresse esth\u00e9tique, mais offre \u00e9galement une prise confortable, garantissant que vos toasts des f\u00eates soient aussi joyeux qu&#039;\u00e9l\u00e9gants. La clart\u00e9 du verre compl\u00e8te les couleurs vives de vos cocktails saisonniers, tandis que l&#039;accent vert de la spirale refl\u00e8te la palette traditionnelle de No\u00ebl. Ce verre est con\u00e7u pour apporter une touche d&#039;\u00e9l\u00e9gance \u00e0 vos r\u00e9unions de vacances, faisant de chaque gorg\u00e9e de vos cocktails artisanaux une exp\u00e9rience festive.<\/p>","protected":false},"featured_media":4454,"comment_status":"closed","ping_status":"closed","template":"","meta":[],"class_list":["post-4451","product","type-product","status-publish","has-post-thumbnail","hentry","product_cat-cocktail-glasses","product_tag-cocktail-glasses"],"_links":{"self":[{"href":"https:\/\/lidaglassware.com\/fr\/wp-json\/wp\/v2\/product\/4451","targetHints":{"allow":["GET"]}}],"collection":[{"href":"https:\/\/lidaglassware.com\/fr\/wp-json\/wp\/v2\/product"}],"about":[{"href":"https:\/\/lidaglassware.com\/fr\/wp-json\/wp\/v2\/types\/product"}],"replies":[{"embeddable":true,"href":"https:\/\/lidaglassware.com\/fr\/wp-json\/wp\/v2\/comments?post=4451"}],"wp:featuredmedia":[{"embeddable":true,"href":"https:\/\/lidaglassware.com\/fr\/wp-json\/wp\/v2\/media\/4454"}],"wp:attachment":[{"href":"https:\/\/lidaglassware.com\/fr\/wp-json\/wp\/v2\/media?parent=4451"}],"curies":[{"name":"wp","href":"https:\/\/api.w.org\/{rel}","templated":true}]}}