{"id":4621,"date":"2024-03-11T23:41:23","date_gmt":"2024-03-12T07:41:23","guid":{"rendered":"https:\/\/lidaglassware.com\/?post_type=product&#038;p=4621"},"modified":"2024-03-11T23:59:53","modified_gmt":"2024-03-12T07:59:53","slug":"elegant-crystal-whiskey-tumbler-glasses","status":"publish","type":"product","link":"https:\/\/lidaglassware.com\/fr\/produit\/elegant-crystal-whiskey-tumbler-glasses\/","title":{"rendered":"Verres \u00e0 whisky \u00e9l\u00e9gants en cristal \u2013 Design sophistiqu\u00e9 en verre taill\u00e9 pour spiritueux haut de gamme"},"content":{"rendered":"<div class=\"w-full text-token-text-primary\" data-testid=\"conversation-turn-7\">\n<div class=\"px-4 py-2 justify-center text-base md:gap-6 m-auto\">\n<div class=\"flex flex-1 text-base mx-auto gap-3 md:px-5 lg:px-1 xl:px-5 md:max-w-3xl lg:max-w-[40rem] xl:max-w-[48rem] group final-completion\">\n<div class=\"relative flex w-full flex-col agent-turn\">\n<div class=\"flex-col gap-1 md:gap-3\">\n<div class=\"flex flex-grow flex-col max-w-full\">\n<div class=\"min-h-[20px] text-message flex flex-col items-start gap-3 whitespace-pre-wrap break-words [.text-message+&amp;]:mt-5 overflow-x-auto\" data-message-author-role=\"assistant\" data-message-id=\"9e7dfef1-73df-4be7-952f-24ba7d0f0568\">\n<div class=\"markdown prose w-full break-words dark:prose-invert light\">\n<div class=\"flex-1 overflow-hidden\">\n<div class=\"react-scroll-to-bottom--css-giasf-79elbk h-full\">\n<div class=\"react-scroll-to-bottom--css-giasf-1n7m0yu\">\n<div class=\"flex flex-col text-sm pb-9\">\n<div class=\"w-full text-token-text-primary\" data-testid=\"conversation-turn-13\">\n<div class=\"px-4 py-2 justify-center text-base md:gap-6 m-auto\">\n<div class=\"flex flex-1 text-base mx-auto gap-3 md:px-5 lg:px-1 xl:px-5 md:max-w-3xl lg:max-w-[40rem] xl:max-w-[48rem] group final-completion\">\n<div class=\"relative flex w-full flex-col agent-turn\">\n<div class=\"flex-col gap-1 md:gap-3\">\n<div class=\"flex flex-grow flex-col max-w-full\">\n<div class=\"min-h-[20px] text-message flex flex-col items-start gap-3 whitespace-pre-wrap break-words [.text-message+&amp;]:mt-5 overflow-x-auto\" data-message-author-role=\"assistant\" data-message-id=\"c830d6ad-ea0a-469a-83c1-902f8ce9498f\">\n<div class=\"markdown prose w-full break-words dark:prose-invert light\">\n<p><strong>Caract\u00e9ristiques du produit:<\/strong><\/p>\n<ol>\n<li><strong>Design \u00e9l\u00e9gant en cristal :<\/strong> Ce verre \u00e0 whisky pr\u00e9sente un motif en verre taill\u00e9 \u00e9l\u00e9gant et sophistiqu\u00e9, ajoutant une touche de luxe et de raffinement \u00e0 votre exp\u00e9rience de consommation. Parfait pour savourer vos spiritueux premium pr\u00e9f\u00e9r\u00e9s.<\/li>\n<li><strong>Cristal de qualit\u00e9 sup\u00e9rieure\u00a0:<\/strong> Fabriqu\u00e9 \u00e0 partir de cristal de haute qualit\u00e9, ce gobelet en verre offre une clart\u00e9 et une brillance exceptionnelles, mettant en valeur la vraie couleur et la texture de votre whisky, bourbon ou scotch.<\/li>\n<li><strong>Durable et robuste :<\/strong> Avec un fond \u00e9pais et lest\u00e9, le verre offre une prise stable et confortable, r\u00e9duisant le risque de d\u00e9versement et ajoutant au plaisir g\u00e9n\u00e9ral de votre boisson.<\/li>\n<li><strong>Utilisation polyvalente\u00a0:<\/strong> Id\u00e9al pour servir du whisky, du scotch, du bourbon ou tout autre spiritueux raffin\u00e9, ce gobelet est un ajout polyvalent \u00e0 votre collection d&#039;ustensiles de bar, adapt\u00e9 aux occasions d\u00e9contract\u00e9es et formelles.<\/li>\n<li><strong>Id\u00e9e cadeau parfaite :<\/strong> Un excellent cadeau pour les amateurs de whisky, les amis, la famille ou les coll\u00e8gues. Parfait pour les anniversaires, les mariages, les anniversaires ou toute occasion sp\u00e9ciale.<\/li>\n<li><strong>Taille optimale\u00a0:<\/strong> Con\u00e7u pour contenir la quantit\u00e9 parfaite de l&#039;alcool de votre choix, avec ou sans glace, rehaussant la saveur et l&#039;ar\u00f4me de votre boisson pour une exp\u00e9rience de d\u00e9gustation in\u00e9gal\u00e9e.<\/li>\n<li><strong>Facile \u00e0 nettoyer:<\/strong> Ce gobelet en verre est facile \u00e0 entretenir et \u00e0 nettoyer, ce qui lui permet de continuer \u00e0 briller et \u00e0 impressionner pendant des ann\u00e9es. Le lavage \u00e0 la main est recommand\u00e9 pour pr\u00e9server sa qualit\u00e9 et son \u00e9clat.<\/li>\n<li><strong>Appel esth\u00e9tique unique\u00a0:<\/strong> Le design complexe et le cristal \u00e9tincelant cr\u00e9ent un effet visuel \u00e9poustouflant, ajoutant \u00e9l\u00e9gance et style \u00e0 votre bar ou \u00e0 votre boisson.<\/li>\n<li><strong>Emballage s\u00e9curis\u00e9\u00a0:<\/strong> Livr\u00e9 dans un emballage s\u00e9curis\u00e9 et protecteur pour garantir qu&#039;il arrive \u00e0 votre porte intact et pr\u00eat \u00e0 l&#039;emploi.<\/li>\n<li><strong>Garantie de satisfaction client\u00a0:<\/strong> Nous nous engageons \u00e0 votre satisfaction et garantissons la qualit\u00e9 de nos produits. Si vous n&#039;\u00eates pas enti\u00e8rement satisfait, nous offrons une garantie de satisfaction client pour une tranquillit\u00e9 d&#039;esprit.<\/li>\n<\/ol>\n<\/div>\n<\/div>\n<\/div>\n<\/div>\n<\/div>\n<\/div>\n<\/div>\n<\/div>\n<\/div>\n<\/div>\n<\/div>\n<\/div>\n<p>&nbsp;<\/p>\n<\/div>\n<p><strong>Quels whiskies conviennent \u00e0 l&#039;utilisation d&#039;un verre \u00e0 whisky \/ h<\/strong><strong>Un verre \u00e0 whisky ?<\/strong><\/p>\n<p>Whisky m\u00e9lang\u00e9<\/p>\n<p><strong>Pourquoi?<\/strong><\/p>\n<p>Le verre Highball est haut et droit, ce qui le rend parfait pour les boissons m\u00e9lang\u00e9es, qui sont g\u00e9n\u00e9ralement pr\u00e9par\u00e9es avec du whisky m\u00e9lang\u00e9. La hauteur du verre permet un m\u00e9lange \u00e9quilibr\u00e9 de whisky, de glace et de m\u00e9langeurs, permettant aux saveurs subtiles du whisky m\u00e9lang\u00e9 de s&#039;int\u00e9grer en douceur aux autres ingr\u00e9dients, cr\u00e9ant une boisson rafra\u00eechissante sans dominer le caract\u00e8re du whisky.<\/p>\n<p>Ce verre \u00e0 whisky vintage est orn\u00e9 de motifs grav\u00e9s, ce qui rend chaque boisson \u00e9l\u00e9gante et agr\u00e9able.<\/p>\n<\/div>\n<\/div>\n<div class=\"mt-1 flex justify-start gap-3 empty:hidden\"><img fetchpriority=\"high\" decoding=\"async\" class=\"aligncenter wp-image-4624\" src=\"https:\/\/lidaglassware.com\/wp-content\/uploads\/2024\/03\/Elegant-Crystal-Whiskey-Tumbler-Glasses-3.jpg\" alt=\"Verres \u00e0 whisky \u00e9l\u00e9gants en cristal\" width=\"459\" height=\"400\" srcset=\"https:\/\/lidaglassware.com\/wp-content\/uploads\/2024\/03\/Elegant-Crystal-Whiskey-Tumbler-Glasses-3.jpg 750w, https:\/\/lidaglassware.com\/wp-content\/uploads\/2024\/03\/Elegant-Crystal-Whiskey-Tumbler-Glasses-3-300x262.jpg 300w, https:\/\/lidaglassware.com\/wp-content\/uploads\/2024\/03\/Elegant-Crystal-Whiskey-Tumbler-Glasses-3-14x12.jpg 14w, https:\/\/lidaglassware.com\/wp-content\/uploads\/2024\/03\/Elegant-Crystal-Whiskey-Tumbler-Glasses-3-600x523.jpg 600w\" sizes=\"(max-width: 459px) 100vw, 459px\" \/><\/div>\n<\/div>\n<div class=\"absolute\">\n<div class=\"flex w-full gap-2 items-center justify-center\"><\/div>\n<\/div>\n<\/div>\n<\/div>\n<\/div>\n<\/div>\n<div class=\"mx-auto\">\n<div>\n<div class=\"mx-auto mt-2 inline-flex rounded-xl border border-gray-100 dark:border-gray-700\"><\/div>\n<\/div>\n<\/div>","protected":false},"excerpt":{"rendered":"<div class=\"w-full text-token-text-primary\" data-testid=\"conversation-turn-9\">\n<div class=\"px-4 py-2 justify-center text-base md:gap-6 m-auto\">\n<div class=\"flex flex-1 text-base mx-auto gap-3 md:px-5 lg:px-1 xl:px-5 md:max-w-3xl lg:max-w-[40rem] xl:max-w-[48rem] group\">\n<div class=\"relative flex w-full flex-col agent-turn\">\n<div class=\"flex-col gap-1 md:gap-3\">\n<div class=\"flex flex-grow flex-col max-w-full\">\n<div class=\"min-h-[20px] text-message flex flex-col items-start gap-3 whitespace-pre-wrap break-words [.text-message+&amp;]:mt-5 overflow-x-auto\" data-message-author-role=\"assistant\" data-message-id=\"d47d6b18-1cbe-4b1f-9f5e-99593617b313\">\n<div class=\"markdown prose w-full break-words dark:prose-invert light\">\n<p>Ce gobelet en verre de cristal, sp\u00e9cialement con\u00e7u pour d\u00e9guster des spiritueux, comme le whisky. Ce type de verre est connu pour son fond \u00e9pais et sa conception robuste, ce qui le rend id\u00e9al pour siroter du whisky pur ou sur glace.<\/p>\n<p>Le motif complexe du verre taill\u00e9 sur la moiti\u00e9 inf\u00e9rieure ajoute une touche de sophistication et d&#039;\u00e9l\u00e9gance, am\u00e9liorant l&#039;exp\u00e9rience globale de consommation en r\u00e9fl\u00e9chissant la lumi\u00e8re et en mettant en valeur les riches couleurs de l&#039;alcool. Le cristal clair et de haute qualit\u00e9 permet \u00e9galement au buveur d&#039;appr\u00e9cier la vraie couleur et la viscosit\u00e9 du whisky.<\/p>\n<p>Ce verre est couramment utilis\u00e9 dans une vari\u00e9t\u00e9 de contextes, des r\u00e9unions d\u00e9contract\u00e9es aux occasions plus formelles, en raison de son design classique et polyvalent.<\/p>\n<\/div>\n<\/div>\n<\/div>\n<\/div>\n<\/div>\n<\/div>\n<\/div>\n<\/div>","protected":false},"featured_media":4625,"comment_status":"closed","ping_status":"closed","template":"","meta":[],"class_list":["post-4621","product","type-product","status-publish","has-post-thumbnail","hentry","product_cat-tumbler-glasses","product_tag-glass-tumbler","product_tag-whiskey-glass"],"_links":{"self":[{"href":"https:\/\/lidaglassware.com\/fr\/wp-json\/wp\/v2\/product\/4621","targetHints":{"allow":["GET"]}}],"collection":[{"href":"https:\/\/lidaglassware.com\/fr\/wp-json\/wp\/v2\/product"}],"about":[{"href":"https:\/\/lidaglassware.com\/fr\/wp-json\/wp\/v2\/types\/product"}],"replies":[{"embeddable":true,"href":"https:\/\/lidaglassware.com\/fr\/wp-json\/wp\/v2\/comments?post=4621"}],"wp:featuredmedia":[{"embeddable":true,"href":"https:\/\/lidaglassware.com\/fr\/wp-json\/wp\/v2\/media\/4625"}],"wp:attachment":[{"href":"https:\/\/lidaglassware.com\/fr\/wp-json\/wp\/v2\/media?parent=4621"}],"curies":[{"name":"wp","href":"https:\/\/api.w.org\/{rel}","templated":true}]}}