{"id":678,"date":"2021-01-10T18:26:12","date_gmt":"2021-01-11T02:26:12","guid":{"rendered":"https:\/\/lidaglassware.com\/?post_type=product&#038;p=678"},"modified":"2021-01-10T18:26:13","modified_gmt":"2021-01-11T02:26:13","slug":"pilsner-glass-350ml","status":"publish","type":"product","link":"https:\/\/lidaglassware.com\/fr\/produit\/pilsner-glass-350ml\/","title":{"rendered":"Verre \u00e0 Pilsner 350ml"},"content":{"rendered":"<p>\u2022 Verre Pilsner<br \/>\n\u2022 Capacit\u00e9\u00a0: 350\u00a0ml<br \/>\n\u2022 Mat\u00e9riau\u00a0: verre sodocalcique<br \/>\n\u2022 Parfait pour servir des bi\u00e8res et des bi\u00e8res blondes<br \/>\n\u2022 Conception classique<br \/>\n\u2022 Parfait pour un usage commercial<br \/>\n\u2022 Lave-vaisselle<\/p>","protected":false},"excerpt":{"rendered":"<p><span class=\"text-dst hl\">Ce design est un verre de haute qualit\u00e9, tr\u00e8s appropri\u00e9 pour servir des bi\u00e8res blondes et des bi\u00e8res.\u00a0<\/span><span class=\"text-dst\">Ils sont s\u00fbrs de donner de la fra\u00eecheur aux buveurs de bi\u00e8re. <\/span><span class=\"text-dst\">La forme et la courbe seront du meilleur go\u00fbt pour la bi\u00e8re.<\/span><\/p>","protected":false},"featured_media":621,"comment_status":"open","ping_status":"closed","template":"","meta":[],"class_list":["post-678","product","type-product","status-publish","has-post-thumbnail","hentry","product_cat-beer-glasses","product_tag-beer-glass","product_tag-pilsner-glass"],"_links":{"self":[{"href":"https:\/\/lidaglassware.com\/fr\/wp-json\/wp\/v2\/product\/678","targetHints":{"allow":["GET"]}}],"collection":[{"href":"https:\/\/lidaglassware.com\/fr\/wp-json\/wp\/v2\/product"}],"about":[{"href":"https:\/\/lidaglassware.com\/fr\/wp-json\/wp\/v2\/types\/product"}],"replies":[{"embeddable":true,"href":"https:\/\/lidaglassware.com\/fr\/wp-json\/wp\/v2\/comments?post=678"}],"wp:featuredmedia":[{"embeddable":true,"href":"https:\/\/lidaglassware.com\/fr\/wp-json\/wp\/v2\/media\/621"}],"wp:attachment":[{"href":"https:\/\/lidaglassware.com\/fr\/wp-json\/wp\/v2\/media?parent=678"}],"curies":[{"name":"wp","href":"https:\/\/api.w.org\/{rel}","templated":true}]}}