{"id":71,"date":"2020-12-16T00:12:08","date_gmt":"2020-12-16T08:12:08","guid":{"rendered":"http:\/\/lidaglassware.com\/?post_type=product&#038;p=71"},"modified":"2021-07-19T00:03:08","modified_gmt":"2021-07-19T08:03:08","slug":"hiball-tumbler-glass-250ml","status":"publish","type":"product","link":"https:\/\/lidaglassware.com\/fr\/produit\/hiball-tumbler-glass-250ml\/","title":{"rendered":"Verre \u00e0 gobelet Hiball 250 ml \/ 9 oz"},"content":{"rendered":"<p>\u2022 Gobelet Hiball<br \/>\n\u2022 Conception classique<br \/>\n\u2022 Grande r\u00e9sistance<br \/>\n\u2022 R\u00e9sistant aux chocs thermiques de -20\u00b0C \u00e0 +100\u00b0C<br \/>\n\u2022 Le verre se brise en fragments contondants s&#039;il est bris\u00e9.<br \/>\n\u2022 Id\u00e9al pour servir des boissons gazeuses, de l&#039;eau, des jus ou des boissons chaudes<br \/>\n\u2022 Sans danger pour les enfants<br \/>\n\u2022 Passe au micro-ondes<br \/>\n\u2022 Lave-vaisselle<\/p>\n<p>\u2022 Emballage\u00a0: 298 x 372 x 422\u00a0mm, 72\u00a0pi\u00e8ces<\/p>","protected":false},"excerpt":{"rendered":"<p>Pour un ajout classique \u00e0 votre verrerie, ces gobelets offrent un style fort. Avec un design \u00e9pur\u00e9 et carr\u00e9, ces verres sont parfaits pour n&#039;importe quelle boisson. Terminez simplement avec une g\u00e9n\u00e9reuse portion de glace, une paille et un quartier de citron.<\/p>","protected":false},"featured_media":73,"comment_status":"open","ping_status":"closed","template":"","meta":[],"class_list":["post-71","product","type-product","status-publish","has-post-thumbnail","hentry","product_cat-tumbler-glasses","product_tag-tumbler"],"_links":{"self":[{"href":"https:\/\/lidaglassware.com\/fr\/wp-json\/wp\/v2\/product\/71","targetHints":{"allow":["GET"]}}],"collection":[{"href":"https:\/\/lidaglassware.com\/fr\/wp-json\/wp\/v2\/product"}],"about":[{"href":"https:\/\/lidaglassware.com\/fr\/wp-json\/wp\/v2\/types\/product"}],"replies":[{"embeddable":true,"href":"https:\/\/lidaglassware.com\/fr\/wp-json\/wp\/v2\/comments?post=71"}],"wp:featuredmedia":[{"embeddable":true,"href":"https:\/\/lidaglassware.com\/fr\/wp-json\/wp\/v2\/media\/73"}],"wp:attachment":[{"href":"https:\/\/lidaglassware.com\/fr\/wp-json\/wp\/v2\/media?parent=71"}],"curies":[{"name":"wp","href":"https:\/\/api.w.org\/{rel}","templated":true}]}}