{"id":756,"date":"2021-05-31T01:29:55","date_gmt":"2021-05-31T09:29:55","guid":{"rendered":"https:\/\/lidaglassware.com\/?post_type=product&#038;p=756"},"modified":"2021-05-31T01:29:56","modified_gmt":"2021-05-31T09:29:56","slug":"coca-cola-can-glass-12oz-and-16oz","status":"publish","type":"product","link":"https:\/\/lidaglassware.com\/fr\/produit\/coca-cola-can-glass-12oz-and-16oz\/","title":{"rendered":"Verre de canette de Coca-Cola 12oz et 16oz"},"content":{"rendered":"<p>Il y a deux volumes, un petit de 12 oz et un grand de 16 oz. Et avec la forme la plus similaire, vous pouvez choisir parmi deux mat\u00e9riaux diff\u00e9rents : Verre sodocalcique Ou verre borosilicat\u00e9. Les deux options peuvent \u00eatre choisies en fonction de diff\u00e9rents besoins en quantit\u00e9.<\/p>\n<p>Ce verre \u00e0 boire est moul\u00e9 dans la forme unique de la \u00ab canette de Coca-Cola \u00bb, produite en Chine. Ils comportent le logo personnalis\u00e9 et d\u2019autres d\u00e9corations comme diff\u00e9rentes couleurs.<\/p>\n<p>Plus d&#039;options de d\u00e9coration pour votre r\u00e9f\u00e9rence.<\/p>","protected":false},"excerpt":{"rendered":"<p>Verre \u00ab Coca-Cola Can \u00bb \u2013 Le meilleur choix pour la promotion de la marque de l\u2019entreprise.<\/p>","protected":false},"featured_media":762,"comment_status":"open","ping_status":"closed","template":"","meta":[],"class_list":["post-756","product","type-product","status-publish","has-post-thumbnail","hentry","product_cat-tumbler-glasses","product_tag-coca-cola-can-glass","product_tag-glassware"],"_links":{"self":[{"href":"https:\/\/lidaglassware.com\/fr\/wp-json\/wp\/v2\/product\/756","targetHints":{"allow":["GET"]}}],"collection":[{"href":"https:\/\/lidaglassware.com\/fr\/wp-json\/wp\/v2\/product"}],"about":[{"href":"https:\/\/lidaglassware.com\/fr\/wp-json\/wp\/v2\/types\/product"}],"replies":[{"embeddable":true,"href":"https:\/\/lidaglassware.com\/fr\/wp-json\/wp\/v2\/comments?post=756"}],"wp:featuredmedia":[{"embeddable":true,"href":"https:\/\/lidaglassware.com\/fr\/wp-json\/wp\/v2\/media\/762"}],"wp:attachment":[{"href":"https:\/\/lidaglassware.com\/fr\/wp-json\/wp\/v2\/media?parent=756"}],"curies":[{"name":"wp","href":"https:\/\/api.w.org\/{rel}","templated":true}]}}