{"id":766,"date":"2021-05-31T01:38:50","date_gmt":"2021-05-31T09:38:50","guid":{"rendered":"https:\/\/lidaglassware.com\/?post_type=product&#038;p=766"},"modified":"2021-05-31T01:38:51","modified_gmt":"2021-05-31T09:38:51","slug":"spinning-top-crystal-whiskey-glass","status":"publish","type":"product","link":"https:\/\/lidaglassware.com\/fr\/produit\/spinning-top-crystal-whiskey-glass\/","title":{"rendered":"Verre \u00e0 whisky en cristal \u00e0 toupie"},"content":{"rendered":"<p><span data-spm-anchor-id=\"a2g0o.detail.1000023.i0.7793fcadkBbIGu\">1. Conception de toupie\/gobelet, verre int\u00e9ressant de roman cr\u00e9atif<\/span><\/p>\n<p>2. Verre \u00e0 whisky de style r\u00e9tro nordique<\/p>\n<p><span data-spm-anchor-id=\"a2g0o.detail.1000023.i2.7793fcadkBbIGu\">3. Marteau \u00e9paississant\/motif \u00e0 rayures verticales, excellente adh\u00e9rence<\/span><\/p>\n<p>4. Appliquer au whisky, au XO, au brandy, au vin rouge, aux liqueurs et spiritueux, etc.<\/p>\n<p>5. C&#039;est le meilleur choix comme cadeau. Cadeau pour papa, a\u00een\u00e9s, amis<\/p>","protected":false},"excerpt":{"rendered":"<p>Avec ce verre \u00e0 whisky cr\u00e9atif \u00e0 toupie, vous devez vous amuser davantage !<\/p>","protected":false},"featured_media":774,"comment_status":"open","ping_status":"closed","template":"","meta":[],"class_list":["post-766","product","type-product","status-publish","has-post-thumbnail","hentry","product_cat-whiskey-glasses","product_tag-glassware","product_tag-whiskey","product_tag-whiskey-glass"],"_links":{"self":[{"href":"https:\/\/lidaglassware.com\/fr\/wp-json\/wp\/v2\/product\/766","targetHints":{"allow":["GET"]}}],"collection":[{"href":"https:\/\/lidaglassware.com\/fr\/wp-json\/wp\/v2\/product"}],"about":[{"href":"https:\/\/lidaglassware.com\/fr\/wp-json\/wp\/v2\/types\/product"}],"replies":[{"embeddable":true,"href":"https:\/\/lidaglassware.com\/fr\/wp-json\/wp\/v2\/comments?post=766"}],"wp:featuredmedia":[{"embeddable":true,"href":"https:\/\/lidaglassware.com\/fr\/wp-json\/wp\/v2\/media\/774"}],"wp:attachment":[{"href":"https:\/\/lidaglassware.com\/fr\/wp-json\/wp\/v2\/media?parent=766"}],"curies":[{"name":"wp","href":"https:\/\/api.w.org\/{rel}","templated":true}]}}