{"id":843,"date":"2021-07-12T17:37:28","date_gmt":"2021-07-13T01:37:28","guid":{"rendered":"https:\/\/lidaglassware.com\/?post_type=product&#038;p=843"},"modified":"2024-01-15T20:50:10","modified_gmt":"2024-01-16T04:50:10","slug":"stemless-wine-glasses-17-ounce","status":"publish","type":"product","link":"https:\/\/lidaglassware.com\/fr\/produit\/stemless-wine-glasses-17-ounce\/","title":{"rendered":"Verres \u00e0 vin sans pied \u2013 17 onces"},"content":{"rendered":"<p><strong>Verres \u00e0 vin sans pied<\/strong> ont r\u00e9volutionn\u00e9 le monde de <strong>verrerie<\/strong>. Ces r\u00e9cipients avant-gardistes, d\u00e9pourvus de la tige traditionnelle, offrent une esth\u00e9tique contemporaine qui s&#039;int\u00e8gre parfaitement aux tables modernes. Alors que certains puristes affirment que le pied a un objectif fonctionnel, permettant au buveur de tenir le verre sans r\u00e9chauffer le vin, d&#039;autres appr\u00e9cient la stabilit\u00e9 et la conception ergonomique de la variante sans pied.<\/p>\n<p>De plus, l\u2019absence de tige se traduit par une durabilit\u00e9 accrue. Ces verres sont moins sujets \u00e0 la casse, garantissant ainsi leur long\u00e9vit\u00e9. Dans un monde o\u00f9 l&#039;unicit\u00e9 est convoit\u00e9e, le design non conventionnel de <strong>verres \u00e0 vin sans pied<\/strong> offre une nouvelle perspective sur la tradition <strong>verrerie<\/strong>. Leur \u00e9l\u00e9gance minimaliste, combin\u00e9e \u00e0 leurs avantages pratiques, en fait un compl\u00e9ment indispensable \u00e0 toute exp\u00e9rience culinaire sophistiqu\u00e9e.<\/p>\n<p>Caract\u00e9ristiques<\/p>\n<div class=\"product-point-box\">\n<ul class=\"product-point\">\n<li>Le logo personnalisable est le bienvenu<\/li>\n<li>Mani\u00e8re d&#039;emballage sp\u00e9ciale pour votre choix<\/li>\n<li>Taille : diam\u00e8tre sup\u00e9rieur 70 mm, hauteur 115 mm.<\/li>\n<li><em>Les verres sont souffl\u00e9s \u00e0 la machine<\/em><\/li>\n<li>Verre \u00e0 vin sans pied de haute qualit\u00e9<\/li>\n<li>Diff\u00e9rentes couleurs sont personnalis\u00e9es<\/li>\n<li>La conception du logo est r\u00e9alisable<\/li>\n<\/ul>\n<p>&nbsp;<\/p>\n<\/div>","protected":false},"excerpt":{"rendered":"<p>Le verre \u00e0 vin sans pied est l&#039;un de nos best-sellers. Il a une capacit\u00e9 de 17oz. Nous avons \u00e9galement une s\u00e9rie compl\u00e8te d&#039;autres capacit\u00e9s. Cela semble fantastique avec votre propre processus de s\u00e9rigraphie personnalis\u00e9.<\/p>\n<p>L&#039;attrait de <strong>verres \u00e0 vin sans pied<\/strong> ne se limite pas \u00e0 leur conception. Leur polyvalence s&#039;\u00e9tend au-del\u00e0 du vin, ce qui les rend adapt\u00e9s \u00e0 une myriade de boissons. Cette adaptabilit\u00e9 a solidifi\u00e9 leur position au panth\u00e9on des services essentiels. <strong>verrerie<\/strong> pour les buveurs occasionnels et les connaisseurs.<\/p>","protected":false},"featured_media":4048,"comment_status":"open","ping_status":"closed","template":"","meta":[],"class_list":["post-843","product","type-product","status-publish","has-post-thumbnail","hentry","product_cat-whiskey-glasses","product_cat-wine-glasses","product_tag-glassware","product_tag-whiskey","product_tag-whiskey-glass","product_tag-wine-glasses"],"_links":{"self":[{"href":"https:\/\/lidaglassware.com\/fr\/wp-json\/wp\/v2\/product\/843","targetHints":{"allow":["GET"]}}],"collection":[{"href":"https:\/\/lidaglassware.com\/fr\/wp-json\/wp\/v2\/product"}],"about":[{"href":"https:\/\/lidaglassware.com\/fr\/wp-json\/wp\/v2\/types\/product"}],"replies":[{"embeddable":true,"href":"https:\/\/lidaglassware.com\/fr\/wp-json\/wp\/v2\/comments?post=843"}],"wp:featuredmedia":[{"embeddable":true,"href":"https:\/\/lidaglassware.com\/fr\/wp-json\/wp\/v2\/media\/4048"}],"wp:attachment":[{"href":"https:\/\/lidaglassware.com\/fr\/wp-json\/wp\/v2\/media?parent=843"}],"curies":[{"name":"wp","href":"https:\/\/api.w.org\/{rel}","templated":true}]}}