{"id":849,"date":"2021-07-12T18:31:34","date_gmt":"2021-07-13T02:31:34","guid":{"rendered":"https:\/\/lidaglassware.com\/?post_type=product&#038;p=849"},"modified":"2021-07-12T18:38:26","modified_gmt":"2021-07-13T02:38:26","slug":"cafe-glass-300ml","status":"publish","type":"product","link":"https:\/\/lidaglassware.com\/fr\/produit\/cafe-glass-300ml\/","title":{"rendered":"Verre \u00e0 caf\u00e9 \u2013 300ML"},"content":{"rendered":"<p>Caract\u00e9ristiques<\/p>\n<div class=\"product-point-box\">\n<ul class=\"product-point\">\n<li style=\"list-style-type: none;\">\n<ul class=\"product-point\">\n<li>Conception haute et en forme de V<\/li>\n<li>Verre propre<\/li>\n<li>Marquage du logo<\/li>\n<li>Parfait pour servir des caf\u00e9s irlandais et plus encore !<\/li>\n<\/ul>\n<\/li>\n<\/ul>\n<div class=\"product-point-title\">Dimensions<\/div>\n<ul class=\"product-point\">\n<li style=\"list-style-type: none;\">\n<ul class=\"product-point\">\n<li>Capacit\u00e9 : 300 ml<\/li>\n<li>Taille: 80x70x150mm<\/li>\n<li>Mat\u00e9riau : Verre sodocalcique<\/li>\n<li>Type : Press\u00e9 \u00e0 la machine<\/li>\n<\/ul>\n<\/li>\n<\/ul>\n<\/div>","protected":false},"excerpt":{"rendered":"<p>Ce verre unique est destin\u00e9 aux caf\u00e9s irlandais et autres boissons chaudes \u00e0 chaudes. Ils sont id\u00e9aux pour servir de d\u00e9licieux cocktails au caf\u00e9, du caf\u00e9 chaud, du th\u00e9, du chocolat chaud et bien plus encore !<\/p>","protected":false},"featured_media":852,"comment_status":"open","ping_status":"closed","template":"","meta":[],"class_list":["post-849","product","type-product","status-publish","has-post-thumbnail","hentry","product_cat-coffee-glasses","product_tag-coffee-glass","product_tag-promotional-glassware"],"_links":{"self":[{"href":"https:\/\/lidaglassware.com\/fr\/wp-json\/wp\/v2\/product\/849","targetHints":{"allow":["GET"]}}],"collection":[{"href":"https:\/\/lidaglassware.com\/fr\/wp-json\/wp\/v2\/product"}],"about":[{"href":"https:\/\/lidaglassware.com\/fr\/wp-json\/wp\/v2\/types\/product"}],"replies":[{"embeddable":true,"href":"https:\/\/lidaglassware.com\/fr\/wp-json\/wp\/v2\/comments?post=849"}],"wp:featuredmedia":[{"embeddable":true,"href":"https:\/\/lidaglassware.com\/fr\/wp-json\/wp\/v2\/media\/852"}],"wp:attachment":[{"href":"https:\/\/lidaglassware.com\/fr\/wp-json\/wp\/v2\/media?parent=849"}],"curies":[{"name":"wp","href":"https:\/\/api.w.org\/{rel}","templated":true}]}}