{"id":86,"date":"2020-12-16T01:22:41","date_gmt":"2020-12-16T09:22:41","guid":{"rendered":"http:\/\/lidaglassware.com\/?post_type=product&#038;p=86"},"modified":"2020-12-16T01:36:20","modified_gmt":"2020-12-16T09:36:20","slug":"rocks-glasses-370ml-13oz","status":"publish","type":"product","link":"https:\/\/lidaglassware.com\/fr\/produit\/rocks-glasses-370ml-13oz\/","title":{"rendered":"Verres \u00e0 roches 370ml \/ 13oz"},"content":{"rendered":"<p>\u2022 Verres \u00e0 whisky \u00e0 l&#039;ancienne<br \/>\n\u2022 Mat\u00e9riau\u00a0: verre sodocalcique<br \/>\n\u2022 Parfait pour servir des cocktails courts, des liqueurs et des spiritueux sur glace<br \/>\n\u2022 Id\u00e9al pour les pubs, bars et restaurants<br \/>\n\u2022 Lave-vaisselle<br \/>\n\u2022 Le bord perl\u00e9 assure la solidit\u00e9 des bords vuln\u00e9rables<br \/>\n\u2022 Conception angulaire<\/p>\n<p>\u2022 Emballage\u00a0: 192 x 565 x 377\u00a0mm, 48\u00a0pi\u00e8ces<\/p>","protected":false},"excerpt":{"rendered":"<p>Indispensable pour votre collection d&#039;ustensiles de bar, ce gobelet Lal Rocks est parfait pour d\u00e9guster du whisky onctueux sur glace ! Avec une base angulaire unique et un design \u00e9l\u00e9gant, ils sont id\u00e9aux pour servir des cocktails courts, des spiritueux sur glace ou des desserts en couches.<\/p>","protected":false},"featured_media":90,"comment_status":"open","ping_status":"closed","template":"","meta":[],"class_list":["post-86","product","type-product","status-publish","has-post-thumbnail","hentry","product_cat-whiskey-glasses","product_tag-whiskey"],"_links":{"self":[{"href":"https:\/\/lidaglassware.com\/fr\/wp-json\/wp\/v2\/product\/86","targetHints":{"allow":["GET"]}}],"collection":[{"href":"https:\/\/lidaglassware.com\/fr\/wp-json\/wp\/v2\/product"}],"about":[{"href":"https:\/\/lidaglassware.com\/fr\/wp-json\/wp\/v2\/types\/product"}],"replies":[{"embeddable":true,"href":"https:\/\/lidaglassware.com\/fr\/wp-json\/wp\/v2\/comments?post=86"}],"wp:featuredmedia":[{"embeddable":true,"href":"https:\/\/lidaglassware.com\/fr\/wp-json\/wp\/v2\/media\/90"}],"wp:attachment":[{"href":"https:\/\/lidaglassware.com\/fr\/wp-json\/wp\/v2\/media?parent=86"}],"curies":[{"name":"wp","href":"https:\/\/api.w.org\/{rel}","templated":true}]}}