{"id":860,"date":"2021-07-12T23:21:00","date_gmt":"2021-07-13T07:21:00","guid":{"rendered":"https:\/\/lidaglassware.com\/?post_type=product&#038;p=860"},"modified":"2022-09-27T00:21:05","modified_gmt":"2022-09-27T08:21:05","slug":"beverage-highball-glass-12oz","status":"publish","type":"product","link":"https:\/\/lidaglassware.com\/fr\/produit\/beverage-highball-glass-12oz\/","title":{"rendered":"Verre \u00e0 boisson\/highball 12oz"},"content":{"rendered":"<ul class=\"product-point\">\n<li>Capacit\u00e9 : 12 onces<\/li>\n<li>Taille: 79x145mm<\/li>\n<li>Poids : 340g<\/li>\n<li>Logo\u00a0: Passe au lave-vaisselle<\/li>\n<\/ul>\n<p>\u2022 des highballs \u00e0 cocktail minces<br \/>\n\u2022 Mat\u00e9riau\u00a0: verre sodocalcique<br \/>\n\u2022 Lave-vaisselle<br \/>\n\u2022 Base \u00e0 bulles lourde<br \/>\n\u2022 Parfait pour une grande vari\u00e9t\u00e9 de boissons, y compris les cocktails, les boissons gazeuses ou les mixeurs<br \/>\n\u2022 Id\u00e9al pour un usage commercial ou domestique<\/p>\n<p>Fabriqu\u00e9s avec du verre de haute qualit\u00e9 et un design mince, ces verres offrent style et durabilit\u00e9. Id\u00e9al pour un usage quotidien \u00e0 la maison ou dans un bar.<\/p>","protected":false},"excerpt":{"rendered":"<p>Ce verre Highball est la meilleure solution pour les fournisseurs de bars ou toute personne cherchant \u00e0 stocker de la verrerie de haute qualit\u00e9 pour des \u00e9v\u00e9nements sp\u00e9ciaux, des f\u00eates ou des cadeaux.<\/p>","protected":false},"featured_media":861,"comment_status":"open","ping_status":"closed","template":"","meta":[],"class_list":["post-860","product","type-product","status-publish","has-post-thumbnail","hentry","product_cat-tumbler-glasses","product_tag-hiball-glasses","product_tag-promotional-glassware","product_tag-tumbler"],"_links":{"self":[{"href":"https:\/\/lidaglassware.com\/fr\/wp-json\/wp\/v2\/product\/860","targetHints":{"allow":["GET"]}}],"collection":[{"href":"https:\/\/lidaglassware.com\/fr\/wp-json\/wp\/v2\/product"}],"about":[{"href":"https:\/\/lidaglassware.com\/fr\/wp-json\/wp\/v2\/types\/product"}],"replies":[{"embeddable":true,"href":"https:\/\/lidaglassware.com\/fr\/wp-json\/wp\/v2\/comments?post=860"}],"wp:featuredmedia":[{"embeddable":true,"href":"https:\/\/lidaglassware.com\/fr\/wp-json\/wp\/v2\/media\/861"}],"wp:attachment":[{"href":"https:\/\/lidaglassware.com\/fr\/wp-json\/wp\/v2\/media?parent=860"}],"curies":[{"name":"wp","href":"https:\/\/api.w.org\/{rel}","templated":true}]}}