{"id":892,"date":"2021-07-13T18:30:03","date_gmt":"2021-07-14T02:30:03","guid":{"rendered":"https:\/\/lidaglassware.com\/?post_type=product&#038;p=892"},"modified":"2024-01-15T21:55:23","modified_gmt":"2024-01-16T05:55:23","slug":"glass-beer-mug-15oz","status":"publish","type":"product","link":"https:\/\/lidaglassware.com\/fr\/produit\/glass-beer-mug-15oz\/","title":{"rendered":"Chope \u00e0 bi\u00e8re en verre 15oz"},"content":{"rendered":"<div class=\"product-point-title\">Caract\u00e9ristiques<\/div>\n<ul class=\"product-point\">\n<li>Conception de chope \u00e0 bi\u00e8re classique<\/li>\n<li>Poign\u00e9e solide avec repose-pouce<\/li>\n<li>\u00c9galement connu sous le nom de Stein, Tankard, Pub Glass ou Draft Mug<\/li>\n<li>Id\u00e9al pour les bars, restaurants, tavernes, pubs et bars sportifs<\/li>\n<\/ul>\n<div class=\"product-point-title\">Information additionnelle<\/div>\n<ul class=\"product-point\">\n<li>Capacit\u00e9 : 15 onces<\/li>\n<li>Mesure 16,37 onces. \/484 ml. une fois rempli \u00e0 ras bord<\/li>\n<li>Taille: 80x80x148mm<\/li>\n<li>Poids : 650g<\/li>\n<li>Emballage\u00a0: 2 pi\u00e8ces\/bo\u00eete, 24 pi\u00e8ces\/ctn<\/li>\n<li>Taille du carton : 37x32x33cm<\/li>\n<\/ul>\n<div class=\"product-point-title\">Entretien et instructions<\/div>\n<ul class=\"product-point\">\n<li>Lave-vaisselle<\/li>\n<\/ul>","protected":false},"excerpt":{"rendered":"<p>C&#039;est la chope \u00e0 bi\u00e8re la plus vendue depuis de nombreuses ann\u00e9es. Le meilleur choix pour les revendeurs d&#039;articles de bar. Egalement pour les marques de vins qui organisent des \u00e9v\u00e9nements. C&#039;est le meilleur pour promouvoir votre image de marque.<\/p>","protected":false},"featured_media":3472,"comment_status":"open","ping_status":"closed","template":"","meta":[],"class_list":["post-892","product","type-product","status-publish","has-post-thumbnail","hentry","product_cat-beer-glasses","product_tag-beer-mugs","product_tag-glassware","product_tag-promotional-glassware"],"_links":{"self":[{"href":"https:\/\/lidaglassware.com\/fr\/wp-json\/wp\/v2\/product\/892","targetHints":{"allow":["GET"]}}],"collection":[{"href":"https:\/\/lidaglassware.com\/fr\/wp-json\/wp\/v2\/product"}],"about":[{"href":"https:\/\/lidaglassware.com\/fr\/wp-json\/wp\/v2\/types\/product"}],"replies":[{"embeddable":true,"href":"https:\/\/lidaglassware.com\/fr\/wp-json\/wp\/v2\/comments?post=892"}],"wp:featuredmedia":[{"embeddable":true,"href":"https:\/\/lidaglassware.com\/fr\/wp-json\/wp\/v2\/media\/3472"}],"wp:attachment":[{"href":"https:\/\/lidaglassware.com\/fr\/wp-json\/wp\/v2\/media?parent=892"}],"curies":[{"name":"wp","href":"https:\/\/api.w.org\/{rel}","templated":true}]}}