{"id":939,"date":"2021-07-15T16:57:33","date_gmt":"2021-07-16T00:57:33","guid":{"rendered":"https:\/\/lidaglassware.com\/?post_type=product&#038;p=939"},"modified":"2022-09-27T17:29:46","modified_gmt":"2022-09-28T01:29:46","slug":"v-shape-shot-glasses-2-8oz-80ml","status":"publish","type":"product","link":"https:\/\/lidaglassware.com\/fr\/produit\/verres-a-shot-en-forme-de-v-2-8oz-80ml\/","title":{"rendered":"Verres \u00e0 shot en forme de V 2,8 oz \/ 80 ml"},"content":{"rendered":"<h2>Verres \u00e0 shot en forme de V 2,8 oz \/ 80 ml<\/h2>\n<p>&nbsp;<\/p>\n<p><span style=\"color: #000000;\">D&#039;une contenance de 8cl, ce V-Shape <a style=\"color: #000000;\" href=\"http:\/\/www.itsglassware.com\/product-category\/shot-glasses\/\" target=\"_blank\" rel=\"noopener\">Verres \u00e0 liqueur<\/a> sont id\u00e9aux pour servir une vari\u00e9t\u00e9 de spiritueux et de liqueurs. La base lourde rend \u00e9galement ces verres \u00e0 shot id\u00e9aux pour les slammers, tandis que diff\u00e9rentes marques apportent un look unique \u00e0 votre collection de verrerie.<\/span><\/p>","protected":false},"excerpt":{"rendered":"<p>V-Shape Shot Glasses 2.8oz \/ 80ml &nbsp; With a 8cl capacity, this V-Shape Shot Glasses are ideal for serving up a variety of spirits and liqueurs. The heavyweight base also makes these shot glasses ideal for slammers, while different marks\u00a0bring a unique look to your glassware collection.<\/p>","protected":false},"featured_media":978,"comment_status":"closed","ping_status":"closed","template":"","meta":[],"class_list":["post-939","product","type-product","status-publish","has-post-thumbnail","hentry","product_cat-branded-glasses","product_cat-shot-glasses","product_tag-shot-glasses"],"_links":{"self":[{"href":"https:\/\/lidaglassware.com\/fr\/wp-json\/wp\/v2\/product\/939","targetHints":{"allow":["GET"]}}],"collection":[{"href":"https:\/\/lidaglassware.com\/fr\/wp-json\/wp\/v2\/product"}],"about":[{"href":"https:\/\/lidaglassware.com\/fr\/wp-json\/wp\/v2\/types\/product"}],"replies":[{"embeddable":true,"href":"https:\/\/lidaglassware.com\/fr\/wp-json\/wp\/v2\/comments?post=939"}],"wp:featuredmedia":[{"embeddable":true,"href":"https:\/\/lidaglassware.com\/fr\/wp-json\/wp\/v2\/media\/978"}],"wp:attachment":[{"href":"https:\/\/lidaglassware.com\/fr\/wp-json\/wp\/v2\/media?parent=939"}],"curies":[{"name":"wp","href":"https:\/\/api.w.org\/{rel}","templated":true}]}}