{"id":940,"date":"2021-07-15T16:57:33","date_gmt":"2021-07-16T00:57:33","guid":{"rendered":"https:\/\/lidaglassware.com\/?post_type=product&#038;p=940"},"modified":"2024-01-15T22:32:50","modified_gmt":"2024-01-16T06:32:50","slug":"mini-shooter-glasses-1-2oz-35ml","status":"publish","type":"product","link":"https:\/\/lidaglassware.com\/fr\/produit\/mini-verres-a-shooter-1-2oz-35ml\/","title":{"rendered":"Mini verres \u00e0 shooter 1,2 oz \/ 35 ml"},"content":{"rendered":"<p>Rendez vos f\u00eates fluides en toute simplicit\u00e9 avec le Brim <a href=\"http:\/\/www.itsglassware.com\/product-category\/shot-glasses\/\" target=\"_blank\" rel=\"noopener\"><span style=\"color: #000000;\">Lunettes de tir<\/span><\/a>. Il n&#039;est pas n\u00e9cessaire de bricoler pour essayer de mesurer un tir parfait, remplissez simplement ce verre jusqu&#039;au sommet et vous obtenez instantan\u00e9ment un shooter\u00a0!<\/p>\n<p>&nbsp;<\/p>\n<h2><strong>Caract\u00e9ristiques du produit des mini lunettes de tir\u00a0:<\/strong><\/h2>\n<ol>\n<li><strong>Format compact:<\/strong> Ces verres sont plus petits que les verres \u00e0 shooter traditionnels, contenant g\u00e9n\u00e9ralement entre 1 et 2 onces, parfaits pour les s\u00e9ances de d\u00e9gustation et le contr\u00f4le de la taille des portions.<\/li>\n<li><strong>Conception:<\/strong> Les mini lunettes Shooter pr\u00e9sentent souvent un design \u00e9pur\u00e9 et \u00e9l\u00e9gant, avec des lignes \u00e9pur\u00e9es et une finition transparente qui met en valeur la couleur et la clart\u00e9 de l&#039;esprit \u00e0 l&#039;int\u00e9rieur.<\/li>\n<li><strong>Mat\u00e9riel de qualit\u00e9 :<\/strong> Fabriqu\u00e9s \u00e0 partir de verre de haute qualit\u00e9, ils sont durables et adapt\u00e9s \u00e0 un usage domestique et commercial.<\/li>\n<li><strong>Prise en main confortable\u00a0:<\/strong> Con\u00e7us pour tenir confortablement dans la main, leur taille et leur forme les rendent faciles \u00e0 tenir et \u00e0 siroter.<\/li>\n<li><strong>Polyvalence:<\/strong> Id\u00e9al pour une vari\u00e9t\u00e9 de spiritueux, notamment la vodka, la tequila et les liqueurs haut de gamme, ainsi que pour servir des mini cocktails ou des desserts.<\/li>\n<li><strong>Id\u00e9al pour les d\u00e9gustations :<\/strong> Leur petite taille les rend parfaits pour les d\u00e9gustations de spiritueux, permettant aux invit\u00e9s de d\u00e9guster une vari\u00e9t\u00e9 de boissons sans surconsommation.<\/li>\n<li><strong>Facile \u00e0 nettoyer:<\/strong> G\u00e9n\u00e9ralement lavables au lave-vaisselle, ils sont faciles \u00e0 nettoyer et \u00e0 entretenir, ce qui en fait un choix pratique pour une utilisation r\u00e9guli\u00e8re.<\/li>\n<li><strong>Appel esth\u00e9tique\u00a0:<\/strong> Les mini verres \u00e0 shooter peuvent rehausser la pr\u00e9sentation de vos spiritueux ou mini cocktails, ajoutant une touche de sophistication \u00e0 votre \u00e9v\u00e9nement ou \u00e0 votre bar.<\/li>\n<li><strong>Conception empilable\u00a0:<\/strong> De nombreux mini verres \u00e0 shooter sont con\u00e7us pour \u00eatre empilables, \u00e9conomisant ainsi de l&#039;espace dans votre placard ou votre bar.<\/li>\n<li><strong>Parfait pour les f\u00eates :<\/strong> Id\u00e9al pour une utilisation lors de f\u00eates, d&#039;\u00e9v\u00e9nements ou dans un bar o\u00f9 vous souhaitez offrir un petit go\u00fbt concentr\u00e9 d&#039;une boisson.<\/li>\n<\/ol>","protected":false},"excerpt":{"rendered":"<p>Les mini verres Shooter sont le m\u00e9lange parfait de plaisir et de praticit\u00e9, offrant une d\u00e9licieuse fa\u00e7on de savourer vos liqueurs pr\u00e9f\u00e9r\u00e9es \u00e0 petites doses. Ces verres sont une version plus petite du verre \u00e0 shooter classique, con\u00e7u pour d\u00e9guster des spiritueux de mani\u00e8re plus contr\u00f4l\u00e9e et \u00e9l\u00e9gante. Leur taille compacte les rend id\u00e9ales pour les d\u00e9gustations, vous permettant de d\u00e9guster une vari\u00e9t\u00e9 de boissons sans exc\u00e8s. Que ce soit pour une d\u00e9gustation de spiritueux sophistiqu\u00e9e, une r\u00e9union d\u00e9contract\u00e9e ou dans le cadre d&#039;une collection de bar \u00e0 domicile, les mini verres Shooter ajoutent une touche de raffinement et rehausseront assur\u00e9ment toute r\u00e9union sociale.<\/p>","protected":false},"featured_media":4070,"comment_status":"closed","ping_status":"closed","template":"","meta":[],"class_list":["post-940","product","type-product","status-publish","has-post-thumbnail","hentry","product_cat-branded-glasses","product_cat-shot-glasses","product_tag-shot-glasses"],"_links":{"self":[{"href":"https:\/\/lidaglassware.com\/fr\/wp-json\/wp\/v2\/product\/940","targetHints":{"allow":["GET"]}}],"collection":[{"href":"https:\/\/lidaglassware.com\/fr\/wp-json\/wp\/v2\/product"}],"about":[{"href":"https:\/\/lidaglassware.com\/fr\/wp-json\/wp\/v2\/types\/product"}],"replies":[{"embeddable":true,"href":"https:\/\/lidaglassware.com\/fr\/wp-json\/wp\/v2\/comments?post=940"}],"wp:featuredmedia":[{"embeddable":true,"href":"https:\/\/lidaglassware.com\/fr\/wp-json\/wp\/v2\/media\/4070"}],"wp:attachment":[{"href":"https:\/\/lidaglassware.com\/fr\/wp-json\/wp\/v2\/media?parent=940"}],"curies":[{"name":"wp","href":"https:\/\/api.w.org\/{rel}","templated":true}]}}