{"id":941,"date":"2021-07-15T16:57:34","date_gmt":"2021-07-16T00:57:34","guid":{"rendered":"https:\/\/lidaglassware.com\/?post_type=product&#038;p=941"},"modified":"2024-01-15T22:28:20","modified_gmt":"2024-01-16T06:28:20","slug":"shot-glass-tankards-0-9oz-25ml","status":"publish","type":"product","link":"https:\/\/lidaglassware.com\/fr\/produit\/chopes-verres-a-shot-0-9oz-25ml\/","title":{"rendered":"Chopes en verre \u00e0 shot 0,9 oz \/ 25 ml"},"content":{"rendered":"<p>Le <span style=\"color: #000000;\"><a style=\"color: #000000;\" href=\"http:\/\/www.itsglassware.com\/product-category\/shot-glasses\/\" target=\"_blank\" rel=\"noopener\">Verre \u00e0 liqueur<\/a> <\/span>Les chopes offrent un aspect traditionnel au service de shots et de spiritueux. Avec un design de chope traditionnelle miniaturis\u00e9e, ces mini verres \u00e0 bi\u00e8re offrent une fa\u00e7on vraiment unique de servir les shooters.<\/p>\n<p>Pour une boisson inoubliable, remplissez simplement de votre spiritueux pr\u00e9f\u00e9r\u00e9 et servez-la lors des f\u00eates.<\/p>","protected":false},"excerpt":{"rendered":"<p>Les chopes en verre \u00e0 shot combinent le charme et la robustesse des chopes traditionnelles avec la taille compacte d&#039;un verre \u00e0 shot, cr\u00e9ant une fa\u00e7on unique et d\u00e9licieuse de profiter de vos spiritueux pr\u00e9f\u00e9r\u00e9s. Ces mini chopes, souvent dot\u00e9es d&#039;une poign\u00e9e et d&#039;une base robuste, offrent une nouvelle touche au design classique des verres \u00e0 shot. Parfaites pour ceux qui appr\u00e9cient une touche de style ancien dans leurs verres, ces chopes sont parfaites pour les soir\u00e9es \u00e0 th\u00e8me, comme objets de collection ou pour ajouter un peu de plaisir \u00e0 votre exp\u00e9rience habituelle de consommation de shots. Leur design distinctif en fait non seulement un sujet de conversation, mais offre \u00e9galement une prise en main confortable, am\u00e9liorant ainsi le plaisir de vos photos.<\/p>","protected":false},"featured_media":4069,"comment_status":"closed","ping_status":"closed","template":"","meta":[],"class_list":["post-941","product","type-product","status-publish","has-post-thumbnail","hentry","product_cat-shot-glasses","product_tag-glassware","product_tag-promotional-glassware","product_tag-shot-glasses"],"_links":{"self":[{"href":"https:\/\/lidaglassware.com\/fr\/wp-json\/wp\/v2\/product\/941","targetHints":{"allow":["GET"]}}],"collection":[{"href":"https:\/\/lidaglassware.com\/fr\/wp-json\/wp\/v2\/product"}],"about":[{"href":"https:\/\/lidaglassware.com\/fr\/wp-json\/wp\/v2\/types\/product"}],"replies":[{"embeddable":true,"href":"https:\/\/lidaglassware.com\/fr\/wp-json\/wp\/v2\/comments?post=941"}],"wp:featuredmedia":[{"embeddable":true,"href":"https:\/\/lidaglassware.com\/fr\/wp-json\/wp\/v2\/media\/4069"}],"wp:attachment":[{"href":"https:\/\/lidaglassware.com\/fr\/wp-json\/wp\/v2\/media?parent=941"}],"curies":[{"name":"wp","href":"https:\/\/api.w.org\/{rel}","templated":true}]}}