{"id":943,"date":"2021-07-15T16:57:34","date_gmt":"2021-07-16T00:57:34","guid":{"rendered":"https:\/\/lidaglassware.com\/?post_type=product&#038;p=943"},"modified":"2021-07-19T00:10:45","modified_gmt":"2021-07-19T08:10:45","slug":"city-shot-glasses-1-4oz-40ml","status":"publish","type":"product","link":"https:\/\/lidaglassware.com\/fr\/produit\/verres-a-shot-city-1-4oz-40ml\/","title":{"rendered":"Verres \u00e0 shot City 1,4 oz \/ 40 ml"},"content":{"rendered":"<p>Id\u00e9ale pour tous les esprits, cette City <a href=\"http:\/\/www.itsglassware.com\" target=\"_blank\" rel=\"noopener\">Verres \u00e0 liqueur<\/a>\u00a0 sont le parfait d\u00e9but de f\u00eate. Ce design offre un verre plus \u00e9l\u00e9gant avec un dessus large et une base \u00e9paisse et lourde, contribuant \u00e0 offrir un look audacieux pour accompagner vos boissons.<\/p>","protected":false},"excerpt":{"rendered":"<p>Id\u00e9als pour tous les esprits, ces verres \u00e0 shot City sont parfaits pour d\u00e9marrer une f\u00eate. Ce design offre un verre plus \u00e9l\u00e9gant avec un dessus large et une base \u00e9paisse et lourde, contribuant \u00e0 offrir un look audacieux pour accompagner vos boissons.<\/p>","protected":false},"featured_media":994,"comment_status":"closed","ping_status":"closed","template":"","meta":[],"class_list":["post-943","product","type-product","status-publish","has-post-thumbnail","hentry","product_cat-branded-glasses","product_cat-shot-glasses"],"_links":{"self":[{"href":"https:\/\/lidaglassware.com\/fr\/wp-json\/wp\/v2\/product\/943","targetHints":{"allow":["GET"]}}],"collection":[{"href":"https:\/\/lidaglassware.com\/fr\/wp-json\/wp\/v2\/product"}],"about":[{"href":"https:\/\/lidaglassware.com\/fr\/wp-json\/wp\/v2\/types\/product"}],"replies":[{"embeddable":true,"href":"https:\/\/lidaglassware.com\/fr\/wp-json\/wp\/v2\/comments?post=943"}],"wp:featuredmedia":[{"embeddable":true,"href":"https:\/\/lidaglassware.com\/fr\/wp-json\/wp\/v2\/media\/994"}],"wp:attachment":[{"href":"https:\/\/lidaglassware.com\/fr\/wp-json\/wp\/v2\/media?parent=943"}],"curies":[{"name":"wp","href":"https:\/\/api.w.org\/{rel}","templated":true}]}}