{"id":948,"date":"2021-07-15T16:57:34","date_gmt":"2021-07-16T00:57:34","guid":{"rendered":"https:\/\/lidaglassware.com\/?post_type=product&#038;p=948"},"modified":"2022-09-27T01:22:23","modified_gmt":"2022-09-27T09:22:23","slug":"bullet-shot-glasses-2-6oz-75ml","status":"publish","type":"product","link":"https:\/\/lidaglassware.com\/fr\/produit\/verres-a-shot-balle-2-6oz-75ml\/","title":{"rendered":"Verres \u00e0 shot Bullet 2,6 oz \/ 75 ml"},"content":{"rendered":"<h2>Verres \u00e0 shot Bullet de 75 ml<\/h2>\n<p><span style=\"color: #333333;\">Ce verre \u00e0 shot Bullet est un plus grand des <a style=\"color: #333333;\" href=\"http:\/\/www.itsglassware.com\/product\/bullet-shot-glasses-40ml\/\" target=\"_blank\" rel=\"noopener\">balle tir\u00e9e 40ml\/1.5oz<\/a>. Les deux ont la forme similaire mais diff\u00e8rent au niveau du volume. Vous pouvez choisir celui que vous aimez.<\/span><\/p>\n<p><span style=\"color: #333333;\">Le\u00a0<a style=\"color: #333333;\" href=\"http:\/\/www.itsglassware.com\/product-category\/shot-glasses\/\" target=\"_blank\" rel=\"noopener\">verre \u00e0 liqueur<\/a> est parfait pour se balancer en arri\u00e8re et claquer ces tireurs qui font pleurer les yeux. Contenant 40 ml du shot de votre choix, le verre \u00e0 shot Bullet est id\u00e9al pour tout, du slammer de tequila au verre de whisky.<\/span><\/p>\n<p><span style=\"color: #333333;\">La base \u00e9paisse conf\u00e8re \u00e0 ce verre une r\u00e9sistance et une robustesse suppl\u00e9mentaires, vous offrant ainsi une tranquillit\u00e9 d&#039;esprit lorsque vous distribuez des photos dangereuses entre amis.<\/span><\/p>\n<p><span style=\"color: #333333;\">De WIKI<\/span><\/p>\n<p><span style=\"color: #333333;\">UN <b>verre \u00e0 liqueur<\/b> est un petit <a class=\"mw-redirect\" style=\"color: #333333;\" title=\"Verre (verres)\" href=\"https:\/\/en.wikipedia.org\/wiki\/Glass_(drinkware)\" target=\"_blank\" rel=\"noopener\">verre<\/a> con\u00e7u pour contenir ou mesurer <a style=\"color: #333333;\" title=\"Boisson distill\u00e9e\" href=\"https:\/\/en.wikipedia.org\/wiki\/Distilled_beverage\" target=\"_blank\" rel=\"noopener\">spiritueux ou alcool<\/a>, qui se boit soit directement du verre (\u00ab un shot \u00bb), soit vers\u00e9 dans un <a style=\"color: #333333;\" title=\"Cocktail\" href=\"https:\/\/en.wikipedia.org\/wiki\/Cocktail\" target=\"_blank\" rel=\"noopener\">cocktail<\/a>. Un \u00ab shot \u00bb d\u2019alcool n\u2019est pas la m\u00eame chose qu\u2019un \u00ab<a style=\"color: #333333;\" title=\"Shooter (boisson)\" href=\"https:\/\/en.wikipedia.org\/wiki\/Shooter_(drink)\" target=\"_blank\" rel=\"noopener\">tireur<\/a>&#8220;.<\/span><\/p>\n<p><span style=\"color: #333333;\">Verres \u00e0 shot d\u00e9cor\u00e9s d&#039;une grande vari\u00e9t\u00e9 de <a style=\"color: #333333;\" title=\"Toast (honneur)\" href=\"https:\/\/en.wikipedia.org\/wiki\/Toast_(honor)\" target=\"_blank\" rel=\"noopener\">toasts<\/a>, les publicit\u00e9s et les images humoristiques sont populaires <a style=\"color: #333333;\" title=\"Souvenir\" href=\"https:\/\/en.wikipedia.org\/wiki\/Souvenir\" target=\"_blank\" rel=\"noopener\">des souvenirs<\/a> et <a style=\"color: #333333;\" title=\"Brasserie\" href=\"https:\/\/en.wikipedia.org\/wiki\/Breweriana\" target=\"_blank\" rel=\"noopener\">objets de collection<\/a>.<\/span><\/p>","protected":false},"excerpt":{"rendered":"<p>Mat\u00e9riau du verre \u00e0 shot : verre sodocalcique.<\/p>\n<p>Base lourde<\/p>\n<p>Coffret cadeau disponible<\/p>\n<p>Lave-vaisselle<\/p>\n<p>Id\u00e9al pour les shooters, ap\u00e9ritifs et digestifs<\/p>","protected":false},"featured_media":1015,"comment_status":"closed","ping_status":"closed","template":"","meta":[],"class_list":["post-948","product","type-product","status-publish","has-post-thumbnail","hentry","product_cat-shot-glasses","product_tag-promotional-glassware","product_tag-shot-glasses"],"_links":{"self":[{"href":"https:\/\/lidaglassware.com\/fr\/wp-json\/wp\/v2\/product\/948","targetHints":{"allow":["GET"]}}],"collection":[{"href":"https:\/\/lidaglassware.com\/fr\/wp-json\/wp\/v2\/product"}],"about":[{"href":"https:\/\/lidaglassware.com\/fr\/wp-json\/wp\/v2\/types\/product"}],"replies":[{"embeddable":true,"href":"https:\/\/lidaglassware.com\/fr\/wp-json\/wp\/v2\/comments?post=948"}],"wp:featuredmedia":[{"embeddable":true,"href":"https:\/\/lidaglassware.com\/fr\/wp-json\/wp\/v2\/media\/1015"}],"wp:attachment":[{"href":"https:\/\/lidaglassware.com\/fr\/wp-json\/wp\/v2\/media?parent=948"}],"curies":[{"name":"wp","href":"https:\/\/api.w.org\/{rel}","templated":true}]}}