{"id":949,"date":"2021-07-15T16:57:34","date_gmt":"2021-07-16T00:57:34","guid":{"rendered":"https:\/\/lidaglassware.com\/?post_type=product&#038;p=949"},"modified":"2021-07-20T17:47:44","modified_gmt":"2021-07-21T01:47:44","slug":"heart-shaped-glass-votive-candle-holders-60ml","status":"publish","type":"product","link":"https:\/\/lidaglassware.com\/fr\/produit\/bougeoirs-votifs-en-verre-en-forme-coeur-60ml\/","title":{"rendered":"Bougeoirs votifs en verre en forme de c\u0153ur 60 ml"},"content":{"rendered":"<h2>Bougeoirs votifs en verre 60 ml<\/h2>\n<p>Ce bougeoir votif en verre est sp\u00e9cial par sa forme de c\u0153ur. C&#039;est unique !<\/p>\n<p>Si vous voulez battre le march\u00e9 normal des bougies, vous devez concevoir la v\u00f4tre pour la concurrence, pour le profit. Nous vous attendons ici pour r\u00e9aliser ce que vous pensez et ce dont vous avez besoin.<\/p>\n<p>Nous avons diff\u00e9rentes solutions pour vous. Il suffit d&#039;appeler ou d&#039;envoyer un e-mail\u00a0!<\/p>","protected":false},"excerpt":{"rendered":"<p>Glass Votive Candle Holders 60ml This votive glass candle holder is special at its heart shape. It is unique! If you want to beat the normal market of candle, you need to design your own for the competition, for the profit. We are here waiting for you, to realize what you think and what you [&hellip;]<\/p>","protected":false},"featured_media":1019,"comment_status":"closed","ping_status":"closed","template":"","meta":[],"class_list":["post-949","product","type-product","status-publish","has-post-thumbnail","hentry","product_cat-glass-candle-holders"],"_links":{"self":[{"href":"https:\/\/lidaglassware.com\/fr\/wp-json\/wp\/v2\/product\/949","targetHints":{"allow":["GET"]}}],"collection":[{"href":"https:\/\/lidaglassware.com\/fr\/wp-json\/wp\/v2\/product"}],"about":[{"href":"https:\/\/lidaglassware.com\/fr\/wp-json\/wp\/v2\/types\/product"}],"replies":[{"embeddable":true,"href":"https:\/\/lidaglassware.com\/fr\/wp-json\/wp\/v2\/comments?post=949"}],"wp:featuredmedia":[{"embeddable":true,"href":"https:\/\/lidaglassware.com\/fr\/wp-json\/wp\/v2\/media\/1019"}],"wp:attachment":[{"href":"https:\/\/lidaglassware.com\/fr\/wp-json\/wp\/v2\/media?parent=949"}],"curies":[{"name":"wp","href":"https:\/\/api.w.org\/{rel}","templated":true}]}}