{"id":950,"date":"2021-07-15T16:57:34","date_gmt":"2021-07-16T00:57:34","guid":{"rendered":"https:\/\/lidaglassware.com\/?post_type=product&#038;p=950"},"modified":"2022-09-27T16:39:46","modified_gmt":"2022-09-28T00:39:46","slug":"square-shot-glasses-2-1oz-60ml","status":"publish","type":"product","link":"https:\/\/lidaglassware.com\/fr\/produit\/square-shot-glasses-2-1oz-60ml\/","title":{"rendered":"Verres \u00e0 shot carr\u00e9s 2,1 oz \/ 60 ml"},"content":{"rendered":"<h2>Verres \u00e0 shot carr\u00e9s 60ml<\/h2>\n<p>&nbsp;<\/p>\n<p><span style=\"color: #000000;\">Cette place <a style=\"color: #000000;\" href=\"http:\/\/www.itsglassware.com\/product-category\/shot-glasses\/\" target=\"_blank\" rel=\"noopener\">verres \u00e0 liqueur<\/a> sont diff\u00e9rents des verres ronds normaux. Ils sont de forme carr\u00e9e. L&#039;\u00e9paisseur est d&#039;environ 7 mm au coin. Du haut, il brille comme des diamants.<\/span><\/p>\n<p><span style=\"color: #000000;\">Le logo est \u00e9galement fortement sugg\u00e9r\u00e9. Tout en le tenant dans les mains, le poids lourd vous rappelle de profiter.<\/span><\/p>\n<p>&nbsp;<\/p>\n<p><span style=\"color: #000000;\">De WIKI<\/span><\/p>\n<p><span style=\"color: #000000;\">UN <b>verre \u00e0 liqueur<\/b> est un petit <a class=\"mw-redirect\" style=\"color: #000000;\" title=\"Verre (verres)\" href=\"https:\/\/en.wikipedia.org\/wiki\/Glass_(drinkware)\" target=\"_blank\" rel=\"noopener\">verre<\/a> con\u00e7u pour contenir ou mesurer <a style=\"color: #000000;\" title=\"Boisson distill\u00e9e\" href=\"https:\/\/en.wikipedia.org\/wiki\/Distilled_beverage\" target=\"_blank\" rel=\"noopener\">spiritueux ou alcool<\/a>, qui se boit soit directement du verre (\u00ab un shot \u00bb), soit vers\u00e9 dans un <a style=\"color: #000000;\" title=\"Cocktail\" href=\"https:\/\/en.wikipedia.org\/wiki\/Cocktail\" target=\"_blank\" rel=\"noopener\">cocktail<\/a>. Un \u00ab shot \u00bb d\u2019alcool n\u2019est pas la m\u00eame chose qu\u2019un \u00ab<a style=\"color: #000000;\" title=\"Shooter (boisson)\" href=\"https:\/\/en.wikipedia.org\/wiki\/Shooter_(drink)\" target=\"_blank\" rel=\"noopener\">tireur<\/a>&#8220;.<\/span><\/p>\n<p><span style=\"color: #000000;\">Verres \u00e0 shot d\u00e9cor\u00e9s d&#039;une grande vari\u00e9t\u00e9 de <a style=\"color: #000000;\" title=\"Toast (honneur)\" href=\"https:\/\/en.wikipedia.org\/wiki\/Toast_(honor)\" target=\"_blank\" rel=\"noopener\">toasts<\/a>, les publicit\u00e9s et les images humoristiques sont populaires <a style=\"color: #000000;\" title=\"Souvenir\" href=\"https:\/\/en.wikipedia.org\/wiki\/Souvenir\" target=\"_blank\" rel=\"noopener\">des souvenirs<\/a> et <a style=\"color: #000000;\" title=\"Brasserie\" href=\"https:\/\/en.wikipedia.org\/wiki\/Breweriana\" target=\"_blank\" rel=\"noopener\">objets de collection<\/a>.<\/span><\/p>","protected":false},"excerpt":{"rendered":"<p>Tr\u00e8s clair, juste pour image, quand on verse le spiritueux ou l&#039;alcool dans les verres, quel moment heureux quand on boit de bas en haut !<\/p>","protected":false},"featured_media":1023,"comment_status":"closed","ping_status":"closed","template":"","meta":[],"class_list":["post-950","product","type-product","status-publish","has-post-thumbnail","hentry","product_cat-shot-glasses","product_tag-shot-glasses"],"_links":{"self":[{"href":"https:\/\/lidaglassware.com\/fr\/wp-json\/wp\/v2\/product\/950","targetHints":{"allow":["GET"]}}],"collection":[{"href":"https:\/\/lidaglassware.com\/fr\/wp-json\/wp\/v2\/product"}],"about":[{"href":"https:\/\/lidaglassware.com\/fr\/wp-json\/wp\/v2\/types\/product"}],"replies":[{"embeddable":true,"href":"https:\/\/lidaglassware.com\/fr\/wp-json\/wp\/v2\/comments?post=950"}],"wp:featuredmedia":[{"embeddable":true,"href":"https:\/\/lidaglassware.com\/fr\/wp-json\/wp\/v2\/media\/1023"}],"wp:attachment":[{"href":"https:\/\/lidaglassware.com\/fr\/wp-json\/wp\/v2\/media?parent=950"}],"curies":[{"name":"wp","href":"https:\/\/api.w.org\/{rel}","templated":true}]}}