{"id":951,"date":"2021-07-15T16:57:35","date_gmt":"2021-07-16T00:57:35","guid":{"rendered":"https:\/\/lidaglassware.com\/?post_type=product&#038;p=951"},"modified":"2022-09-27T17:27:53","modified_gmt":"2022-09-28T01:27:53","slug":"tequila-patron-shot-glasses-2-4oz-70ml","status":"publish","type":"product","link":"https:\/\/lidaglassware.com\/fr\/produit\/tequila-patron-shot-glasses-2-4oz-70ml\/","title":{"rendered":"Verres \u00e0 shot Tequila Patron 2,4 oz \/ 70 ml"},"content":{"rendered":"<h2>Verres \u00e0 shot Tequila Patron 2,4 oz \/ 70 ml<\/h2>\n<p><span style=\"color: #000000;\">Ce verre est pour Tequila Parton, un verre personnalis\u00e9. Le logo de l&#039;abeille est emboss\u00e9 sur le verre, ce qui constitue le meilleur moyen de promouvoir votre marque.<\/span><\/p>\n<p><span style=\"color: #000000;\">Id\u00e9ale pour tous les esprits, cette City <a style=\"color: #000000;\" href=\"http:\/\/www.itsglassware.com\/product-category\/shot-glasses\/\" target=\"_blank\" rel=\"noopener\">Verres \u00e0 liqueur<\/a>\u00a0 sont le parfait d\u00e9but de f\u00eate. Ce design offre un verre plus \u00e9l\u00e9gant avec un dessus large et une base \u00e9paisse et lourde, contribuant \u00e0 offrir un look audacieux pour accompagner vos boissons.<\/span><\/p>\n<p>&nbsp;<\/p>\n<h1 id=\"firstHeading\" class=\"firstHeading\" lang=\"en\"><span style=\"color: #000000;\">Verre \u00e0 liqueur<\/span><\/h1>\n<div id=\"bodyContent\" class=\"mw-body-content\">\n<div id=\"siteSub\"><span style=\"color: #000000;\">Un article de Wikip\u00e9dia, l&#039;encyclop\u00e9die libre<\/span><\/div>\n<div id=\"contentSub\"><\/div>\n<div id=\"jump-to-nav\" class=\"mw-jump\"><\/div>\n<div id=\"mw-content-text\" class=\"mw-content-ltr\" dir=\"ltr\" lang=\"en\">\n<div class=\"thumb tright\">\n<div class=\"thumbinner\">\n<p><span style=\"color: #000000;\"><a class=\"image\" style=\"color: #000000;\" href=\"https:\/\/en.wikipedia.org\/wiki\/File:Three_shotglasses.jpg\" target=\"_blank\" rel=\"noopener\"><img decoding=\"async\" class=\"thumbimage\" src=\"https:\/\/upload.wikimedia.org\/wikipedia\/commons\/thumb\/f\/fb\/Three_shotglasses.jpg\/220px-Three_shotglasses.jpg\" srcset=\"\/\/upload.wikimedia.org\/wikipedia\/commons\/thumb\/f\/fb\/Three_shotglasses.jpg\/330px-Three_shotglasses.jpg 1.5x, \/\/upload.wikimedia.org\/wikipedia\/commons\/thumb\/f\/fb\/Three_shotglasses.jpg\/440px-Three_shotglasses.jpg 2x\" alt=\"\" width=\"220\" height=\"174\" data-file-width=\"3136\" data-file-height=\"2480\"><\/a><\/span><\/p>\n<div class=\"thumbcaption\">\n<div class=\"magnify\"><\/div>\n<p><span style=\"color: #000000;\">Trois verres \u00e0 shot de forme et de taille variables<\/span><\/p>\n<\/div>\n<\/div>\n<\/div>\n<div class=\"thumb tright\">\n<div class=\"thumbinner\">\n<p><span style=\"color: #000000;\"><a class=\"image\" style=\"color: #000000;\" href=\"https:\/\/en.wikipedia.org\/wiki\/File:Novelty_Shot_Glasses.JPG\" target=\"_blank\" rel=\"noopener\"><img decoding=\"async\" class=\"thumbimage\" src=\"https:\/\/upload.wikimedia.org\/wikipedia\/commons\/thumb\/0\/0b\/Novelty_Shot_Glasses.JPG\/220px-Novelty_Shot_Glasses.JPG\" srcset=\"\/\/upload.wikimedia.org\/wikipedia\/commons\/thumb\/0\/0b\/Novelty_Shot_Glasses.JPG\/330px-Novelty_Shot_Glasses.JPG 1.5x, \/\/upload.wikimedia.org\/wikipedia\/commons\/thumb\/0\/0b\/Novelty_Shot_Glasses.JPG\/440px-Novelty_Shot_Glasses.JPG 2x\" alt=\"\" width=\"220\" height=\"121\" data-file-width=\"3048\" data-file-height=\"1683\"><\/a><\/span><\/p>\n<div class=\"thumbcaption\">\n<div class=\"magnify\"><\/div>\n<p><span style=\"color: #000000;\">Verres \u00e0 shot avec une vari\u00e9t\u00e9 de designs. Les verres \u00e0 shot comme ceux-ci sont souvent collectionn\u00e9s comme articles de nouveaut\u00e9.<\/span><\/p>\n<\/div>\n<\/div>\n<\/div>\n<p><span style=\"color: #000000;\">UN <b>verre \u00e0 liqueur<\/b> est un petit <a class=\"mw-redirect\" style=\"color: #000000;\" title=\"Verre (verres)\" href=\"https:\/\/en.wikipedia.org\/wiki\/Glass_(drinkware)\" target=\"_blank\" rel=\"noopener\">verre<\/a> con\u00e7u pour contenir ou mesurer <a style=\"color: #000000;\" title=\"Boisson distill\u00e9e\" href=\"https:\/\/en.wikipedia.org\/wiki\/Distilled_beverage\" target=\"_blank\" rel=\"noopener\">spiritueux ou alcool<\/a>, qui se boit soit directement du verre (\u00ab un shot \u00bb), soit vers\u00e9 dans un <a style=\"color: #000000;\" title=\"Cocktail\" href=\"https:\/\/en.wikipedia.org\/wiki\/Cocktail\" target=\"_blank\" rel=\"noopener\">cocktail<\/a>. Un \u00ab shot \u00bb d\u2019alcool n\u2019est pas la m\u00eame chose qu\u2019un \u00ab<a style=\"color: #000000;\" title=\"Shooter (boisson)\" href=\"https:\/\/en.wikipedia.org\/wiki\/Shooter_(drink)\" target=\"_blank\" rel=\"noopener\">tireur<\/a>&#8220;.<\/span><\/p>\n<p><span style=\"color: #000000;\">Verres \u00e0 shot d\u00e9cor\u00e9s d&#039;une grande vari\u00e9t\u00e9 de <a style=\"color: #000000;\" title=\"Toast (honneur)\" href=\"https:\/\/en.wikipedia.org\/wiki\/Toast_(honor)\" target=\"_blank\" rel=\"noopener\">toasts<\/a>, les publicit\u00e9s et les images humoristiques sont populaires <a style=\"color: #000000;\" title=\"Souvenir\" href=\"https:\/\/en.wikipedia.org\/wiki\/Souvenir\" target=\"_blank\" rel=\"noopener\">des souvenirs<\/a> et <a style=\"color: #000000;\" title=\"Brasserie\" href=\"https:\/\/en.wikipedia.org\/wiki\/Breweriana\" target=\"_blank\" rel=\"noopener\">objets de collection<\/a>.<\/span><\/p>\n<\/div>\n<\/div>","protected":false},"excerpt":{"rendered":"<p>Tequila Patron Shot Glasses 2.4oz \/ 70ml This glass is for Tequila Parton, a custom glass.\u00a0The bee logo is embossed on the glass, which is the best way to promote your brand. Ideal for any spirits, this City Shot Glasses\u00a0 are the perfect party starter. This design offers a more stylish glass with a wide [&hellip;]<\/p>","protected":false},"featured_media":1027,"comment_status":"closed","ping_status":"closed","template":"","meta":[],"class_list":["post-951","product","type-product","status-publish","has-post-thumbnail","hentry","product_cat-branded-glasses","product_cat-shot-glasses","product_tag-branded-glasses","product_tag-shot-glasses"],"_links":{"self":[{"href":"https:\/\/lidaglassware.com\/fr\/wp-json\/wp\/v2\/product\/951","targetHints":{"allow":["GET"]}}],"collection":[{"href":"https:\/\/lidaglassware.com\/fr\/wp-json\/wp\/v2\/product"}],"about":[{"href":"https:\/\/lidaglassware.com\/fr\/wp-json\/wp\/v2\/types\/product"}],"replies":[{"embeddable":true,"href":"https:\/\/lidaglassware.com\/fr\/wp-json\/wp\/v2\/comments?post=951"}],"wp:featuredmedia":[{"embeddable":true,"href":"https:\/\/lidaglassware.com\/fr\/wp-json\/wp\/v2\/media\/1027"}],"wp:attachment":[{"href":"https:\/\/lidaglassware.com\/fr\/wp-json\/wp\/v2\/media?parent=951"}],"curies":[{"name":"wp","href":"https:\/\/api.w.org\/{rel}","templated":true}]}}