{"id":953,"date":"2021-07-15T16:57:35","date_gmt":"2021-07-16T00:57:35","guid":{"rendered":"https:\/\/lidaglassware.com\/?post_type=product&#038;p=953"},"modified":"2021-07-20T17:47:18","modified_gmt":"2021-07-21T01:47:18","slug":"glass-votive-candle-holders-110ml","status":"publish","type":"product","link":"https:\/\/lidaglassware.com\/fr\/produit\/glass-votive-candle-holders-110ml\/","title":{"rendered":"Bougeoirs votifs en verre 110 ml"},"content":{"rendered":"<h2>Bougeoirs votifs en verre 110 ml<\/h2>\n<p>Un bougeoir en verre plus grand et populaire.<\/p>\n<p>Si vous voulez battre le march\u00e9 normal des bougies, vous devez concevoir la v\u00f4tre pour la concurrence, pour le profit. Nous vous attendons ici pour r\u00e9aliser ce que vous pensez et ce dont vous avez besoin.<\/p>\n<p>Nous avons diff\u00e9rentes solutions pour vous. Il suffit d&#039;appeler ou d&#039;envoyer un e-mail\u00a0!<\/p>","protected":false},"excerpt":{"rendered":"<p>Bougeoirs en verre 110 ml. De grands bougeoirs en verre tr\u00e8s appr\u00e9ci\u00e9s. Pour vous d\u00e9marquer sur le march\u00e9 des bougies, cr\u00e9ez votre propre mod\u00e8le et gagnez en rentabilit\u00e9. Nous sommes \u00e0 votre \u00e9coute pour concr\u00e9tiser vos id\u00e9es et vos besoins. Nous vous proposons diff\u00e9rentes solutions. [\u2026]<\/p>","protected":false},"featured_media":1035,"comment_status":"closed","ping_status":"closed","template":"","meta":[],"class_list":["post-953","product","type-product","status-publish","has-post-thumbnail","hentry","product_cat-glass-candle-holders"],"_links":{"self":[{"href":"https:\/\/lidaglassware.com\/fr\/wp-json\/wp\/v2\/product\/953","targetHints":{"allow":["GET"]}}],"collection":[{"href":"https:\/\/lidaglassware.com\/fr\/wp-json\/wp\/v2\/product"}],"about":[{"href":"https:\/\/lidaglassware.com\/fr\/wp-json\/wp\/v2\/types\/product"}],"replies":[{"embeddable":true,"href":"https:\/\/lidaglassware.com\/fr\/wp-json\/wp\/v2\/comments?post=953"}],"wp:featuredmedia":[{"embeddable":true,"href":"https:\/\/lidaglassware.com\/fr\/wp-json\/wp\/v2\/media\/1035"}],"wp:attachment":[{"href":"https:\/\/lidaglassware.com\/fr\/wp-json\/wp\/v2\/media?parent=953"}],"curies":[{"name":"wp","href":"https:\/\/api.w.org\/{rel}","templated":true}]}}