{"id":956,"date":"2021-07-15T16:57:35","date_gmt":"2021-07-16T00:57:35","guid":{"rendered":"https:\/\/lidaglassware.com\/?post_type=product&#038;p=956"},"modified":"2022-09-27T16:33:22","modified_gmt":"2022-09-28T00:33:22","slug":"round-whiskey-tumblers-8oz-225ml","status":"publish","type":"product","link":"https:\/\/lidaglassware.com\/fr\/produit\/round-whiskey-tumblers-8oz-225ml\/","title":{"rendered":"Gobelets \u00e0 whisky ronds 8oz \/ 225ml"},"content":{"rendered":"<h2>Gobelets \u00e0 whisky ronds 8oz \/ 225ml<\/h2>\n<p>&nbsp;<\/p>\n<p>Ces gobelets \u00e0 whisky ronds conviennent aussi bien aux environnements commerciaux qu&#039;\u00e0 la maison, ces verres \u00e0 whisky ont \u00e9t\u00e9 fabriqu\u00e9s \u00e0 partir de verre sodocalcique. Et ils peuvent r\u00e9sister \u00e0 une utilisation intensive au quotidien.<\/p>\n<p>Ce verre \u00e0 whisky\/verre \u00e0 l&#039;ancienne est produit par press\u00e9 \u00e0 la machine. Il montre une clart\u00e9 sup\u00e9rieure et un bord fin. Vous pouvez avoir votre propre pr\u00e9sentation de boisson.<\/p>\n<p>Convient pour une utilisation dans des environnements commerciaux comme les restaurants, les pubs, les f\u00eates, etc. J&#039;esp\u00e8re que vous vous amuserez avec ces gobelets \u00e0 l&#039;ancienne en diamant.<\/p>\n<p>&nbsp;<\/p>\n<div class=\"mw-body-content\">\n<h4 id=\"firstHeading\" class=\"firstHeading\" lang=\"en\"><span style=\"color: #000000;\">Verre \u00e0 l&#039;ancienne<\/span><\/h4>\n<div id=\"bodyContent\" class=\"mw-body-content\">\n<div id=\"siteSub\"><span style=\"color: #000000;\">Un article de Wikip\u00e9dia, l&#039;encyclop\u00e9die libre<\/span><\/div>\n<div id=\"contentSub\"><\/div>\n<div id=\"jump-to-nav\" class=\"mw-jump\"><span style=\"color: #000000;\">Un verre \u00e0 l&#039;ancienne, traditionnellement utilis\u00e9 pour servir <a style=\"color: #000000;\" title=\"Boisson distill\u00e9e\" href=\"https:\/\/en.wikipedia.org\/wiki\/Distilled_beverage\" target=\"_blank\" rel=\"noopener\">esprits<\/a><\/span><\/div>\n<div id=\"mw-content-text\" class=\"mw-content-ltr\" dir=\"ltr\" lang=\"en\">\n<p><span style=\"color: #000000;\">Le <b>Verre \u00e0 l&#039;ancienne<\/b> ou <b>verre \u00e0 whisky<\/b> est un court <a style=\"color: #000000;\" title=\"Gobelet (verre)\" href=\"https:\/\/en.wikipedia.org\/wiki\/Tumbler_(glass)\" target=\"_blank\" rel=\"noopener\">verre<\/a> utilis\u00e9 pour servir le bronzage <a style=\"color: #000000;\" title=\"Boisson distill\u00e9e\" href=\"https:\/\/en.wikipedia.org\/wiki\/Distilled_beverage\" target=\"_blank\" rel=\"noopener\">esprits<\/a>, tel que <a style=\"color: #000000;\" title=\"Whisky\" href=\"https:\/\/en.wikipedia.org\/wiki\/Whisky\" target=\"_blank\" rel=\"noopener\">whisky<\/a>, avec <a class=\"mw-redirect\" style=\"color: #000000;\" title=\"Gla\u00e7ons\" href=\"https:\/\/en.wikipedia.org\/wiki\/Ice_cubes\" target=\"_blank\" rel=\"noopener\">gla\u00e7ons<\/a> (&quot;avec des gla\u00e7ons&quot;). Il est \u00e9galement normalement utilis\u00e9 pour servir certains <a style=\"color: #000000;\" title=\"Cocktail\" href=\"https:\/\/en.wikipedia.org\/wiki\/Cocktail\" target=\"_blank\" rel=\"noopener\">cocktails<\/a>, comme le <a style=\"color: #000000;\" title=\"D\u00e9mod\u00e9\" href=\"https:\/\/en.wikipedia.org\/wiki\/Old_Fashioned\" target=\"_blank\" rel=\"noopener\">D\u00e9mod\u00e9<\/a>, d&#039;o\u00f9 il tire son nom.<\/span><\/p>\n<p><span style=\"color: #000000;\">Les verres \u00e0 l&#039;ancienne ont g\u00e9n\u00e9ralement un bord large et une base \u00e9paisse, de sorte que les ingr\u00e9dients non liquides d&#039;un cocktail peuvent \u00eatre \u00e9cras\u00e9s \u00e0 l&#039;aide d&#039;un <a style=\"color: #000000;\" title=\"Pilon\" href=\"https:\/\/en.wikipedia.org\/wiki\/Muddler\" target=\"_blank\" rel=\"noopener\">pilon<\/a> avant que les principaux ingr\u00e9dients liquides ne soient ajout\u00e9s.<\/span><\/p>\n<p><span style=\"color: #000000;\">Les verres \u00e0 l&#039;ancienne contiennent g\u00e9n\u00e9ralement 180 \u00e0 300 ml (6 \u00e0 10 US fl oz).<sup id=\"cite_ref-1\" class=\"reference\"><a style=\"color: #000000;\" href=\"https:\/\/en.wikipedia.org\/wiki\/Old_Fashioned_glass#cite_note-1\" target=\"_blank\" rel=\"noopener\">[1]<\/a><\/sup><sup id=\"cite_ref-Rathbun_2-0\" class=\"reference\"><a style=\"color: #000000;\" href=\"https:\/\/en.wikipedia.org\/wiki\/Old_Fashioned_glass#cite_note-Rathbun-2\" target=\"_blank\" rel=\"noopener\">[2]<\/a><\/sup> Un verre double Old Fashioned (parfois appel\u00e9 par les d\u00e9taillants un <b>DOF<\/b> verre) contient 350 \u00e0 470 ml (12 \u00e0 16 US fl oz).<sup id=\"cite_ref-Rathbun_2-1\" class=\"reference\"><a style=\"color: #000000;\" href=\"https:\/\/en.wikipedia.org\/wiki\/Old_Fashioned_glass#cite_note-Rathbun-2\" target=\"_blank\" rel=\"noopener\">[2]<\/a><\/sup><sup id=\"cite_ref-3\" class=\"reference\"><a style=\"color: #000000;\" href=\"https:\/\/en.wikipedia.org\/wiki\/Old_Fashioned_glass#cite_note-3\" target=\"_blank\" rel=\"noopener\">[3]<\/a><\/sup><\/span><\/p>\n<\/div>\n<\/div>\n<\/div>","protected":false},"excerpt":{"rendered":"<p>Round Whiskey Tumblers 8oz \/ 225ml &nbsp; This Round whiskey tumblers are suitable for commercial settings as well as at home, these whikisy glasses have been made from soda lime glass. And they can withstand heavy everyday use. This whiskey glass\/Old fashioned glass\u00a0is produced by machine pressed. It shows the superior clarity and a fine [&hellip;]<\/p>","protected":false},"featured_media":1048,"comment_status":"closed","ping_status":"closed","template":"","meta":[],"class_list":["post-956","product","type-product","status-publish","has-post-thumbnail","hentry","product_cat-whiskey-glasses","product_tag-whiskey-glass"],"_links":{"self":[{"href":"https:\/\/lidaglassware.com\/fr\/wp-json\/wp\/v2\/product\/956","targetHints":{"allow":["GET"]}}],"collection":[{"href":"https:\/\/lidaglassware.com\/fr\/wp-json\/wp\/v2\/product"}],"about":[{"href":"https:\/\/lidaglassware.com\/fr\/wp-json\/wp\/v2\/types\/product"}],"replies":[{"embeddable":true,"href":"https:\/\/lidaglassware.com\/fr\/wp-json\/wp\/v2\/comments?post=956"}],"wp:featuredmedia":[{"embeddable":true,"href":"https:\/\/lidaglassware.com\/fr\/wp-json\/wp\/v2\/media\/1048"}],"wp:attachment":[{"href":"https:\/\/lidaglassware.com\/fr\/wp-json\/wp\/v2\/media?parent=956"}],"curies":[{"name":"wp","href":"https:\/\/api.w.org\/{rel}","templated":true}]}}