{"id":958,"date":"2021-07-15T16:57:35","date_gmt":"2021-07-16T00:57:35","guid":{"rendered":"https:\/\/lidaglassware.com\/?post_type=product&#038;p=958"},"modified":"2021-07-19T00:33:51","modified_gmt":"2021-07-19T08:33:51","slug":"round-whiskey-tumblers-8-5oz-240ml","status":"publish","type":"product","link":"https:\/\/lidaglassware.com\/fr\/produit\/round-whiskey-tumblers-8-5oz-240ml\/","title":{"rendered":"Gobelets \u00e0 whisky ronds 8,5 oz \/ 240 ml"},"content":{"rendered":"<h2>Gobelets \u00e0 whisky ronds 8,5 oz \/ 240 ml<\/h2>\n<p>Ces gobelets \u00e0 whisky ronds conviennent aussi bien aux environnements commerciaux qu&#039;\u00e0 la maison, ces verres \u00e0 whisky ont \u00e9t\u00e9 fabriqu\u00e9s \u00e0 partir de verre sodocalcique. Et ils peuvent r\u00e9sister \u00e0 une utilisation intensive au quotidien.<\/p>\n<p>Convient pour une utilisation dans des environnements commerciaux comme les restaurants, les pubs, les f\u00eates, etc. J&#039;esp\u00e8re que vous vous amuserez avec ces gobelets \u00e0 l&#039;ancienne en diamant.<\/p>","protected":false},"excerpt":{"rendered":"<p>Ce verre \u00e0 whisky\/verre \u00e0 l&#039;ancienne est produit par press\u00e9 \u00e0 la machine. Il montre une clart\u00e9 sup\u00e9rieure et un bord fin. Vous pouvez avoir votre propre pr\u00e9sentation de boisson.<\/p>","protected":false},"featured_media":1057,"comment_status":"closed","ping_status":"closed","template":"","meta":[],"class_list":["post-958","product","type-product","status-publish","has-post-thumbnail","hentry","product_cat-whiskey-glasses","product_tag-whiskey-glass"],"_links":{"self":[{"href":"https:\/\/lidaglassware.com\/fr\/wp-json\/wp\/v2\/product\/958","targetHints":{"allow":["GET"]}}],"collection":[{"href":"https:\/\/lidaglassware.com\/fr\/wp-json\/wp\/v2\/product"}],"about":[{"href":"https:\/\/lidaglassware.com\/fr\/wp-json\/wp\/v2\/types\/product"}],"replies":[{"embeddable":true,"href":"https:\/\/lidaglassware.com\/fr\/wp-json\/wp\/v2\/comments?post=958"}],"wp:featuredmedia":[{"embeddable":true,"href":"https:\/\/lidaglassware.com\/fr\/wp-json\/wp\/v2\/media\/1057"}],"wp:attachment":[{"href":"https:\/\/lidaglassware.com\/fr\/wp-json\/wp\/v2\/media?parent=958"}],"curies":[{"name":"wp","href":"https:\/\/api.w.org\/{rel}","templated":true}]}}