{"id":961,"date":"2021-07-15T16:57:36","date_gmt":"2021-07-16T00:57:36","guid":{"rendered":"https:\/\/lidaglassware.com\/?post_type=product&#038;p=961"},"modified":"2021-07-20T17:46:24","modified_gmt":"2021-07-21T01:46:24","slug":"glass-votive-candle-holders-square-cube","status":"publish","type":"product","link":"https:\/\/lidaglassware.com\/fr\/produit\/bougeoirs-votifs-en-verre-cube-carre\/","title":{"rendered":"Bougeoirs votifs en verre (cube carr\u00e9)"},"content":{"rendered":"<h2>Bougeoirs votifs en verre (cube carr\u00e9)<\/h2>\n<p>Le verre transparent permet aux bougies de cr\u00e9er un \u00e9clat enchanteur pour toute occasion.<\/p>\n<p>Si vous voulez battre le march\u00e9 normal des bougies, vous devez concevoir la v\u00f4tre pour la concurrence, pour le profit. Nous vous attendons ici pour r\u00e9aliser ce que vous pensez et ce dont vous avez besoin.<\/p>\n<p>Nous avons diff\u00e9rentes solutions pour vous. Il suffit d&#039;appeler ou d&#039;envoyer un e-mail\u00a0!<\/p>","protected":false},"excerpt":{"rendered":"<p>Cr\u00e9ez un paysage de table incroyable pour les mariages et les d\u00eeners ou faites briller une belle luminescence qui g\u00e9n\u00e8re une ambiance \u00e9l\u00e9gante dans vos chambres, salles de bains ou partout o\u00f9 vous voulez cette lune paisible et relaxante que seule la lueur des bougies offre.<\/p>","protected":false},"featured_media":1070,"comment_status":"closed","ping_status":"closed","template":"","meta":[],"class_list":["post-961","product","type-product","status-publish","has-post-thumbnail","hentry","product_cat-glass-candle-holders","product_tag-glass-candle-holder"],"_links":{"self":[{"href":"https:\/\/lidaglassware.com\/fr\/wp-json\/wp\/v2\/product\/961","targetHints":{"allow":["GET"]}}],"collection":[{"href":"https:\/\/lidaglassware.com\/fr\/wp-json\/wp\/v2\/product"}],"about":[{"href":"https:\/\/lidaglassware.com\/fr\/wp-json\/wp\/v2\/types\/product"}],"replies":[{"embeddable":true,"href":"https:\/\/lidaglassware.com\/fr\/wp-json\/wp\/v2\/comments?post=961"}],"wp:featuredmedia":[{"embeddable":true,"href":"https:\/\/lidaglassware.com\/fr\/wp-json\/wp\/v2\/media\/1070"}],"wp:attachment":[{"href":"https:\/\/lidaglassware.com\/fr\/wp-json\/wp\/v2\/media?parent=961"}],"curies":[{"name":"wp","href":"https:\/\/api.w.org\/{rel}","templated":true}]}}