{"id":962,"date":"2021-07-15T16:57:36","date_gmt":"2021-07-16T00:57:36","guid":{"rendered":"https:\/\/lidaglassware.com\/?post_type=product&#038;p=962"},"modified":"2021-07-19T00:13:56","modified_gmt":"2021-07-19T08:13:56","slug":"printed-shot-glasses-1-8oz-50ml","status":"publish","type":"product","link":"https:\/\/lidaglassware.com\/fr\/produit\/printed-shot-glasses-1-8oz-50ml\/","title":{"rendered":"Verres \u00e0 shot imprim\u00e9s 1,8 oz \/ 50 ml"},"content":{"rendered":"<h2>Verres \u00e0 shot imprim\u00e9s 1,8 oz \/ 50 ml<\/h2>\n<ul>\n<li>C&#039;est un verre \u00e0 shot amusant \u00e0 ajouter \u00e0 votre collection<\/li>\n<li>Un excellent cadeau pour les vacances, les anniversaires et plus encore<\/li>\n<li>Imprim\u00e9 avec votre propre marque ou images sur ce verre \u00e0 shot de 1,8 oz<\/li>\n<\/ul>\n<p>\u00c0 quand remonte la derni\u00e8re fois qu\u2019une grande histoire a commenc\u00e9 avec quelqu\u2019un mangeant une salade ? Ce verre \u00e0 shot imprim\u00e9 est le moyen id\u00e9al pour commencer n&#039;importe quelle f\u00eate !<\/p>\n<p>Il vous est sugg\u00e9r\u00e9 de cr\u00e9er votre propre marque dessus\u00a0! Faites le plein maintenant pour avoir des lunettes pr\u00eates \u00e0 satisfaire votre client.<\/p>\n<p>&nbsp;<\/p>","protected":false},"excerpt":{"rendered":"<p>Printed Shot Glasses 1.8oz \/ 50ml It&#8217;s a fun shot glass to add to your collection Makes a great gift for holidays, birthdays and more Printed with your own brand or images on this 1.8oz Shot glass When was the last time a great story started with someone eating a salad? This printed shot glass [&hellip;]<\/p>","protected":false},"featured_media":1076,"comment_status":"closed","ping_status":"closed","template":"","meta":[],"class_list":["post-962","product","type-product","status-publish","has-post-thumbnail","hentry","product_cat-shot-glasses","product_tag-shot-glasses"],"_links":{"self":[{"href":"https:\/\/lidaglassware.com\/fr\/wp-json\/wp\/v2\/product\/962","targetHints":{"allow":["GET"]}}],"collection":[{"href":"https:\/\/lidaglassware.com\/fr\/wp-json\/wp\/v2\/product"}],"about":[{"href":"https:\/\/lidaglassware.com\/fr\/wp-json\/wp\/v2\/types\/product"}],"replies":[{"embeddable":true,"href":"https:\/\/lidaglassware.com\/fr\/wp-json\/wp\/v2\/comments?post=962"}],"wp:featuredmedia":[{"embeddable":true,"href":"https:\/\/lidaglassware.com\/fr\/wp-json\/wp\/v2\/media\/1076"}],"wp:attachment":[{"href":"https:\/\/lidaglassware.com\/fr\/wp-json\/wp\/v2\/media?parent=962"}],"curies":[{"name":"wp","href":"https:\/\/api.w.org\/{rel}","templated":true}]}}