{"id":965,"date":"2021-07-15T16:57:36","date_gmt":"2021-07-16T00:57:36","guid":{"rendered":"https:\/\/lidaglassware.com\/?post_type=product&#038;p=965"},"modified":"2021-07-19T00:44:05","modified_gmt":"2021-07-19T08:44:05","slug":"mini-glass-coffee-cup-2-8oz-80ml","status":"publish","type":"product","link":"https:\/\/lidaglassware.com\/fr\/produit\/mini-verre-tasse-a-cafe-2-8oz-80ml\/","title":{"rendered":"Mini tasse \u00e0 caf\u00e9 en verre 2,8 oz \/ 80 ml"},"content":{"rendered":"<h2>Mini tasse \u00e0 caf\u00e9 en verre 2,8 oz \/ 80 ml<\/h2>\n<p>Le verre \u00e0 shot mini tasse contient environ 3 onces de votre liqueur pr\u00e9f\u00e9r\u00e9e. Ils sont adorables et amusants \u00e0 prendre en photo. Un excellent sujet de conversation lors de n\u2019importe quel cocktail ou \u00e0 avoir comme accessoire de bar\u00a0! Ils mesurent 3 pouces de hauteur avec un diam\u00e8tre de bouche de 2 pouces. La jolie petite poign\u00e9e de tasse et le design cr\u00e9atif de ce verre \u00e0 shot constituent \u00e9galement de superbes pi\u00e8ces d\u00e9coratives.<\/p>\n<div class=\"mw-body-content\"><\/div>","protected":false},"excerpt":{"rendered":"<p>Mini Glass Coffee Cup 2.8oz \/ 80ml The mini mug glass shot glass holds approximately 3\u00a0ounce of your favorite liquor. They are adorable and fun to take shots out of. A great conversation piece at any cocktail party or to have as a bar accessory! They stand 3\u00a0inches tall with a 2\u00a0inch mouth diameter. The [&hellip;]<\/p>","protected":false},"featured_media":1089,"comment_status":"closed","ping_status":"closed","template":"","meta":[],"class_list":["post-965","product","type-product","status-publish","has-post-thumbnail","hentry","product_cat-coffee-glasses","product_tag-glass-coffee-mug"],"_links":{"self":[{"href":"https:\/\/lidaglassware.com\/fr\/wp-json\/wp\/v2\/product\/965","targetHints":{"allow":["GET"]}}],"collection":[{"href":"https:\/\/lidaglassware.com\/fr\/wp-json\/wp\/v2\/product"}],"about":[{"href":"https:\/\/lidaglassware.com\/fr\/wp-json\/wp\/v2\/types\/product"}],"replies":[{"embeddable":true,"href":"https:\/\/lidaglassware.com\/fr\/wp-json\/wp\/v2\/comments?post=965"}],"wp:featuredmedia":[{"embeddable":true,"href":"https:\/\/lidaglassware.com\/fr\/wp-json\/wp\/v2\/media\/1089"}],"wp:attachment":[{"href":"https:\/\/lidaglassware.com\/fr\/wp-json\/wp\/v2\/media?parent=965"}],"curies":[{"name":"wp","href":"https:\/\/api.w.org\/{rel}","templated":true}]}}