{"id":977,"date":"2021-07-15T16:59:39","date_gmt":"2021-07-16T00:59:39","guid":{"rendered":"https:\/\/lidaglassware.com\/?post_type=product&#038;p=977"},"modified":"2021-07-19T00:42:33","modified_gmt":"2021-07-19T08:42:33","slug":"glass-coffee-mug-7-8oz-220ml","status":"publish","type":"product","link":"https:\/\/lidaglassware.com\/fr\/produit\/tasse-a-cafe-en-verre-7-8oz-220ml\/","title":{"rendered":"Tasse \u00e0 caf\u00e9 en verre 7,8 oz \/ 220 ml"},"content":{"rendered":"<h2>Tasse \u00e0 caf\u00e9 en verre 7,8 oz \/ 220 ml<\/h2>\n<p>En tant que sp\u00e9cialiste de la verrerie, nous proposons une large s\u00e9lection de produits durables et \u00e9l\u00e9gants pour r\u00e9pondre \u00e0 vos nombreux besoins. Dans cette grande tradition, la forme et le toucher de haute qualit\u00e9 de cette tasse polyvalente en font un compl\u00e9ment parfait \u00e0 tout caf\u00e9 ou buffet de petit-d\u00e9jeuner d&#039;h\u00f4tel. Offrant une brillance et une clart\u00e9 in\u00e9gal\u00e9es, ce verre indique instantan\u00e9ment que vos clients re\u00e7oivent le meilleur produit et service possible.<\/p>\n<p>Il vous est sugg\u00e9r\u00e9 de cr\u00e9er votre propre marque dessus\u00a0! Faites le plein maintenant pour avoir des lunettes pr\u00eates \u00e0 satisfaire votre client.<\/p>\n<p>Nous avons tellement plus de verres \u00e0 caf\u00e9 pour votre s\u00e9lection\u00a0!<\/p>\n<div class=\"mw-body-content\"><\/div>","protected":false},"excerpt":{"rendered":"<p>Glass Coffee Mug 7.8oz \/ 220ml As a specialist of glassware, providing a wide selection of durable and elegant products to suit your many needs. In that grand tradition, the high-quality form and feel of this all-purpose mug make it a perfect addition to any coffee shop or hotel breakfast buffet. Offering unparalleled brilliance and [&hellip;]<\/p>","protected":false},"featured_media":1102,"comment_status":"closed","ping_status":"closed","template":"","meta":[],"class_list":["post-977","product","type-product","status-publish","has-post-thumbnail","hentry","product_cat-coffee-glasses","product_tag-glass-coffee-mug"],"_links":{"self":[{"href":"https:\/\/lidaglassware.com\/fr\/wp-json\/wp\/v2\/product\/977","targetHints":{"allow":["GET"]}}],"collection":[{"href":"https:\/\/lidaglassware.com\/fr\/wp-json\/wp\/v2\/product"}],"about":[{"href":"https:\/\/lidaglassware.com\/fr\/wp-json\/wp\/v2\/types\/product"}],"replies":[{"embeddable":true,"href":"https:\/\/lidaglassware.com\/fr\/wp-json\/wp\/v2\/comments?post=977"}],"wp:featuredmedia":[{"embeddable":true,"href":"https:\/\/lidaglassware.com\/fr\/wp-json\/wp\/v2\/media\/1102"}],"wp:attachment":[{"href":"https:\/\/lidaglassware.com\/fr\/wp-json\/wp\/v2\/media?parent=977"}],"curies":[{"name":"wp","href":"https:\/\/api.w.org\/{rel}","templated":true}]}}