{"id":2575,"date":"2023-09-01T01:39:39","date_gmt":"2023-09-01T09:39:39","guid":{"rendered":"https:\/\/lidaglassware.com\/?page_id=2575"},"modified":"2024-04-02T01:14:31","modified_gmt":"2024-04-02T09:14:31","slug":"quality-control","status":"publish","type":"page","link":"https:\/\/lidaglassware.com\/it\/quality-control\/","title":{"rendered":"Controllo di qualit\u00e0"},"content":{"rendered":"<div data-elementor-type=\"wp-page\" data-elementor-id=\"2575\" class=\"elementor elementor-2575\" data-elementor-post-type=\"page\">\n\t\t\t\t<div class=\"elementor-element elementor-element-3f19ff54 e-con-full e-flex e-con e-parent\" data-id=\"3f19ff54\" data-element_type=\"container\" data-settings=\"{&quot;background_background&quot;:&quot;classic&quot;}\">\n\t\t<div class=\"elementor-element elementor-element-1a609c8f e-flex e-con-boxed e-con e-child\" data-id=\"1a609c8f\" data-element_type=\"container\">\n\t\t\t\t\t<div class=\"e-con-inner\">\n\t\t\t\t<div class=\"elementor-element elementor-element-353ff6b0 elementor-widget elementor-widget-heading\" data-id=\"353ff6b0\" data-element_type=\"widget\" data-widget_type=\"heading.default\">\n\t\t\t\t<div class=\"elementor-widget-container\">\n\t\t\t<h1 class=\"elementor-heading-title elementor-size-default\">Controllo qualit\u00e0 presso Lida Glassware<\/h1>\t\t<\/div>\n\t\t\t\t<\/div>\n\t\t\t\t\t<\/div>\n\t\t\t\t<\/div>\n\t\t\t\t<div class=\"elementor-element elementor-element-5c969e5c elementor-widget elementor-widget-text-editor\" data-id=\"5c969e5c\" data-element_type=\"widget\" data-widget_type=\"text-editor.default\">\n\t\t\t\t<div class=\"elementor-widget-container\">\n\t\t\t\t\t\t\t<p>Stabilire un sistema di controllo qualit\u00e0 completo.<\/p>\t\t\t\t\t\t<\/div>\n\t\t\t\t<\/div>\n\t\t\t\t<div class=\"elementor-element elementor-element-dd3eca7 elementor-widget elementor-widget-woocommerce-breadcrumb\" data-id=\"dd3eca7\" data-element_type=\"widget\" data-widget_type=\"woocommerce-breadcrumb.default\">\n\t\t\t\t<div class=\"elementor-widget-container\">\n\t\t\t<nav class=\"woocommerce-breadcrumb\" data-no-translation=\"\" data-trp-gettext=\"\">Casa<\/nav>\t\t<\/div>\n\t\t\t\t<\/div>\n\t\t\t\t<\/div>\n\t\t<div class=\"elementor-element elementor-element-6290723 e-flex e-con-boxed e-con e-parent\" data-id=\"6290723\" data-element_type=\"container\">\n\t\t\t\t\t<div class=\"e-con-inner\">\n\t\t<div class=\"elementor-element elementor-element-ef19482 e-con-full e-flex e-con e-child\" data-id=\"ef19482\" data-element_type=\"container\">\n\t\t\t\t<div class=\"elementor-element elementor-element-30ca2f6 elementor-widget elementor-widget-heading\" data-id=\"30ca2f6\" data-element_type=\"widget\" data-widget_type=\"heading.default\">\n\t\t\t\t<div class=\"elementor-widget-container\">\n\t\t\t<h2 class=\"elementor-heading-title elementor-size-default\">La perfezione sta nei dettagli<\/h2>\t\t<\/div>\n\t\t\t\t<\/div>\n\t\t\t\t<\/div>\n\t\t<div class=\"elementor-element elementor-element-36d2cbb e-con-full e-flex e-con e-child\" data-id=\"36d2cbb\" data-element_type=\"container\">\n\t\t\t\t<div class=\"elementor-element elementor-element-d0fab3d elementor-widget elementor-widget-text-editor\" data-id=\"d0fab3d\" data-element_type=\"widget\" data-widget_type=\"text-editor.default\">\n\t\t\t\t<div class=\"elementor-widget-container\">\n\t\t\t\t\t\t\t<p>Quando si tratta di produrre bicchieri eccezionali, sono i piccoli dettagli a fare una grande differenza. Noi di Lida Glassware non ci limitiamo a produrre; creiamo. Dallo schizzo del progetto iniziale al trattamento superficiale finale, il nostro controllo di qualit\u00e0 e <span style=\"text-decoration: underline;\"><strong><a href=\"https:\/\/lidaglassware.com\/it\/glassware-manufacturing\/\" target=\"_blank\" rel=\"nofollow noopener\">reparto di produzione<\/a><\/strong><\/span> lavorare rigorosamente in ogni fase per il nostro impegno per la qualit\u00e0 e <span style=\"text-decoration: underline;\"><strong><a href=\"https:\/\/lidaglassware.com\/it\/customization\/\" target=\"_blank\" rel=\"nofollow noopener\">personalizzazione<\/a><\/strong><\/span>.\u00a0<\/p>\t\t\t\t\t\t<\/div>\n\t\t\t\t<\/div>\n\t\t\t\t<\/div>\n\t\t\t\t\t<\/div>\n\t\t\t\t<\/div>\n\t\t<div class=\"elementor-element elementor-element-32c11a4 e-flex e-con-boxed e-con e-parent\" data-id=\"32c11a4\" data-element_type=\"container\" data-settings=\"{&quot;background_background&quot;:&quot;classic&quot;}\">\n\t\t\t\t\t<div class=\"e-con-inner\">\n\t\t<div class=\"elementor-element elementor-element-eddcf34 e-con-full e-flex e-con e-child\" data-id=\"eddcf34\" data-element_type=\"container\">\n\t\t\t\t<div class=\"elementor-element elementor-element-ee3fdb9 elementor-widget elementor-widget-image\" data-id=\"ee3fdb9\" data-element_type=\"widget\" data-widget_type=\"image.default\">\n\t\t\t\t<div class=\"elementor-widget-container\">\n\t\t\t\t\t\t\t\t\t\t\t\t\t<img fetchpriority=\"high\" decoding=\"async\" width=\"1920\" height=\"1283\" src=\"https:\/\/lidaglassware.com\/wp-content\/uploads\/2023\/08\/Changing-Moulds.jpg\" class=\"attachment-full size-full wp-image-2556\" alt=\"Muffe\" srcset=\"https:\/\/lidaglassware.com\/wp-content\/uploads\/2023\/08\/Changing-Moulds.jpg 1920w, https:\/\/lidaglassware.com\/wp-content\/uploads\/2023\/08\/Changing-Moulds-300x200.jpg 300w, https:\/\/lidaglassware.com\/wp-content\/uploads\/2023\/08\/Changing-Moulds-1024x684.jpg 1024w, https:\/\/lidaglassware.com\/wp-content\/uploads\/2023\/08\/Changing-Moulds-768x513.jpg 768w, https:\/\/lidaglassware.com\/wp-content\/uploads\/2023\/08\/Changing-Moulds-1536x1026.jpg 1536w, https:\/\/lidaglassware.com\/wp-content\/uploads\/2023\/08\/Changing-Moulds-600x401.jpg 600w\" sizes=\"(max-width: 1920px) 100vw, 1920px\" \/>\t\t\t\t\t\t\t\t\t\t\t\t\t<\/div>\n\t\t\t\t<\/div>\n\t\t\t\t<\/div>\n\t\t<div class=\"elementor-element elementor-element-3bde7b8 e-con-full e-flex e-con e-child\" data-id=\"3bde7b8\" data-element_type=\"container\">\n\t\t\t\t<div class=\"elementor-element elementor-element-621df00 elementor-widget elementor-widget-text-editor\" data-id=\"621df00\" data-element_type=\"widget\" data-widget_type=\"text-editor.default\">\n\t\t\t\t<div class=\"elementor-widget-container\">\n\t\t\t\t\t\t\t<h2><strong>Ispezione dello stampaggio<\/strong><\/h2><p>L&#039;importanza dell&#039;ispezione dello stampaggio nel controllo qualit\u00e0 non pu\u00f2 essere sopravvalutata. \u00c8 il passaggio fondamentale che d\u00e0 il tono all&#039;intero processo produttivo. In questa fase cruciale occorre prestare attenzione a:<\/p><ol><li><p>Integrit\u00e0 dello stampo: verificare la presenza di crepe, deformit\u00e0 o usura che potrebbero influire sulla qualit\u00e0 del prodotto finale.<\/p><\/li><li><p>Precisione dimensionale: misura le dimensioni e le tolleranze per garantire che siano allineate alle specifiche di progettazione.<\/p><\/li><li><p>Propriet\u00e0 dei materiali: convalidare gli attributi termici e meccanici per assicurarsi che lo stampo possa resistere alle condizioni della produzione del vetro.<\/p><\/li><\/ol>\t\t\t\t\t\t<\/div>\n\t\t\t\t<\/div>\n\t\t\t\t<\/div>\n\t\t\t\t\t<\/div>\n\t\t\t\t<\/div>\n\t\t<div class=\"elementor-element elementor-element-561a003 e-flex e-con-boxed e-con e-parent\" data-id=\"561a003\" data-element_type=\"container\" data-settings=\"{&quot;background_background&quot;:&quot;classic&quot;}\">\n\t\t\t\t\t<div class=\"e-con-inner\">\n\t\t<div class=\"elementor-element elementor-element-a0bd3b0 e-con-full e-flex e-con e-child\" data-id=\"a0bd3b0\" data-element_type=\"container\">\n\t\t\t\t<div class=\"elementor-element elementor-element-4dc5ed4 elementor-widget elementor-widget-image\" data-id=\"4dc5ed4\" data-element_type=\"widget\" data-widget_type=\"image.default\">\n\t\t\t\t<div class=\"elementor-widget-container\">\n\t\t\t\t\t\t\t\t\t\t\t\t\t<img decoding=\"async\" width=\"800\" height=\"534\" src=\"https:\/\/lidaglassware.com\/wp-content\/uploads\/2023\/08\/Glass-Cup-Sample-1024x684.jpg\" class=\"attachment-large size-large wp-image-2531\" alt=\"Campioni gratuiti di vetreria\" srcset=\"https:\/\/lidaglassware.com\/wp-content\/uploads\/2023\/08\/Glass-Cup-Sample-1024x684.jpg 1024w, https:\/\/lidaglassware.com\/wp-content\/uploads\/2023\/08\/Glass-Cup-Sample-300x200.jpg 300w, https:\/\/lidaglassware.com\/wp-content\/uploads\/2023\/08\/Glass-Cup-Sample-768x513.jpg 768w, https:\/\/lidaglassware.com\/wp-content\/uploads\/2023\/08\/Glass-Cup-Sample-1536x1026.jpg 1536w, https:\/\/lidaglassware.com\/wp-content\/uploads\/2023\/08\/Glass-Cup-Sample-600x401.jpg 600w, https:\/\/lidaglassware.com\/wp-content\/uploads\/2023\/08\/Glass-Cup-Sample.jpg 1920w\" sizes=\"(max-width: 800px) 100vw, 800px\" \/>\t\t\t\t\t\t\t\t\t\t\t\t\t<\/div>\n\t\t\t\t<\/div>\n\t\t\t\t<\/div>\n\t\t<div class=\"elementor-element elementor-element-f34d7a0 e-con-full e-flex e-con e-child\" data-id=\"f34d7a0\" data-element_type=\"container\">\n\t\t\t\t<div class=\"elementor-element elementor-element-0076fca elementor-widget elementor-widget-text-editor\" data-id=\"0076fca\" data-element_type=\"widget\" data-widget_type=\"text-editor.default\">\n\t\t\t\t<div class=\"elementor-widget-container\">\n\t\t\t\t\t\t\t<h2><strong>Ispezione durante la produzione<\/strong><\/h2><p>L&#039;ispezione durante la produzione \u00e8 un passaggio fondamentale per garantire la qualit\u00e0 e la coerenza del prodotto. I principali focus durante questa fase includono:<\/p><ol><li><p>Controlli dimensionali: verificare che le dimensioni del prodotto siano allineate con le specifiche di progettazione.<\/p><\/li><li><p>Qualit\u00e0 della superficie: verificare la presenza di difetti, crepe o altri problemi di qualit\u00e0 sulla superficie della vetreria.<\/p><\/li><li><p>Propriet\u00e0 dei materiali: convalidare la composizione e le propriet\u00e0 fisiche del vetro per soddisfare gli standard di qualit\u00e0.<\/p><\/li><li><p>Parametri di processo: controlla tutte le apparecchiature di produzione e i parametri di processo per assicurarti che siano ottimizzati.<\/p><\/li><li><p>Ispezione intermedia del prodotto: controlli a campione nelle varie fasi della produzione consentono l&#039;identificazione precoce e la correzione dei problemi.<\/p><\/li><\/ol>\t\t\t\t\t\t<\/div>\n\t\t\t\t<\/div>\n\t\t\t\t<\/div>\n\t\t\t\t\t<\/div>\n\t\t\t\t<\/div>\n\t\t<div class=\"elementor-element elementor-element-6bd7394 e-flex e-con-boxed e-con e-parent\" data-id=\"6bd7394\" data-element_type=\"container\" data-settings=\"{&quot;background_background&quot;:&quot;classic&quot;}\">\n\t\t\t\t\t<div class=\"e-con-inner\">\n\t\t<div class=\"elementor-element elementor-element-150e727 e-con-full e-flex e-con e-child\" data-id=\"150e727\" data-element_type=\"container\">\n\t\t\t\t<div class=\"elementor-element elementor-element-e844073 elementor-widget elementor-widget-image\" data-id=\"e844073\" data-element_type=\"widget\" data-widget_type=\"image.default\">\n\t\t\t\t<div class=\"elementor-widget-container\">\n\t\t\t\t\t\t\t\t\t\t\t\t\t<img decoding=\"async\" width=\"800\" height=\"534\" src=\"https:\/\/lidaglassware.com\/wp-content\/uploads\/2023\/08\/Annealing-process-1024x684.jpg\" class=\"attachment-large size-large wp-image-2559\" alt=\"\" srcset=\"https:\/\/lidaglassware.com\/wp-content\/uploads\/2023\/08\/Annealing-process-1024x684.jpg 1024w, https:\/\/lidaglassware.com\/wp-content\/uploads\/2023\/08\/Annealing-process-300x200.jpg 300w, https:\/\/lidaglassware.com\/wp-content\/uploads\/2023\/08\/Annealing-process-768x513.jpg 768w, https:\/\/lidaglassware.com\/wp-content\/uploads\/2023\/08\/Annealing-process-1536x1026.jpg 1536w, https:\/\/lidaglassware.com\/wp-content\/uploads\/2023\/08\/Annealing-process-600x401.jpg 600w, https:\/\/lidaglassware.com\/wp-content\/uploads\/2023\/08\/Annealing-process.jpg 1920w\" sizes=\"(max-width: 800px) 100vw, 800px\">\t\t\t\t\t\t\t\t\t\t\t\t\t<\/div>\n\t\t\t\t<\/div>\n\t\t\t\t<\/div>\n\t\t<div class=\"elementor-element elementor-element-264510b e-con-full e-flex e-con e-child\" data-id=\"264510b\" data-element_type=\"container\">\n\t\t\t\t<div class=\"elementor-element elementor-element-4b66d6f elementor-widget elementor-widget-text-editor\" data-id=\"4b66d6f\" data-element_type=\"widget\" data-widget_type=\"text-editor.default\">\n\t\t\t\t<div class=\"elementor-widget-container\">\n\t\t\t\t\t\t\t<h2><strong>Ispezione finale\u00a0<\/strong><\/h2><p>L&#039;ispezione di qualit\u00e0 finale \u00e8 una fase fondamentale per garantire che la vetreria finita soddisfi tutti gli standard di qualit\u00e0 specificati. In questa fase l\u2019attenzione \u00e8 rivolta a:<\/p><ol><li><p>Ispezione visiva: esame della vetreria per eventuali difetti visivi come crepe, bolle o incoerenze nel design.<\/p><\/li><li><p>Precisione dimensionale: misurare le dimensioni per garantire che siano in linea con le specifiche fornite.<\/p><\/li><li><p>Test funzionali: controllo della vetreria per eventuali problemi funzionali, come stabilit\u00e0 e durata.<\/p><\/li><li><p>Campionamento finale: selezione casuale dei pezzi dal lotto finito per test pi\u00f9 rigorosi per confermare che soddisfino tutti i parametri di qualit\u00e0.<\/p><\/li><li><p>Documentazione: verificare che tutti i controlli di qualit\u00e0 siano stati documentati correttamente per la tracciabilit\u00e0 e la conformit\u00e0.<\/p><\/li><\/ol>\t\t\t\t\t\t<\/div>\n\t\t\t\t<\/div>\n\t\t\t\t<\/div>\n\t\t\t\t\t<\/div>\n\t\t\t\t<\/div>\n\t\t<div class=\"elementor-element elementor-element-7e7de8d0 e-flex e-con-boxed e-con e-parent\" data-id=\"7e7de8d0\" data-element_type=\"container\" data-settings=\"{&quot;background_background&quot;:&quot;classic&quot;}\">\n\t\t\t\t\t<div class=\"e-con-inner\">\n\t\t<div class=\"elementor-element elementor-element-671f4219 e-flex e-con-boxed e-con e-child\" data-id=\"671f4219\" data-element_type=\"container\">\n\t\t\t\t\t<div class=\"e-con-inner\">\n\t\t\t\t<div class=\"elementor-element elementor-element-7fb21d26 elementor-widget elementor-widget-heading\" data-id=\"7fb21d26\" data-element_type=\"widget\" data-widget_type=\"heading.default\">\n\t\t\t\t<div class=\"elementor-widget-container\">\n\t\t\t<h1 class=\"elementor-heading-title elementor-size-default\">Consulta i tuoi esperti di vendita in vetreria Lida<\/h1>\t\t<\/div>\n\t\t\t\t<\/div>\n\t\t\t\t\t<\/div>\n\t\t\t\t<\/div>\n\t\t\t\t<div class=\"elementor-element elementor-element-4b2ecd5b elementor-widget elementor-widget-text-editor\" data-id=\"4b2ecd5b\" data-element_type=\"widget\" data-widget_type=\"text-editor.default\">\n\t\t\t\t<div class=\"elementor-widget-container\">\n\t\t\t\t\t\t\t<p>Esploriamo insieme il mondo della vetreria, mantenendo sempre la qualit\u00e0 e l&#039;innovazione in prima linea.<\/p>\t\t\t\t\t\t<\/div>\n\t\t\t\t<\/div>\n\t\t<div class=\"elementor-element elementor-element-6887c528 e-flex e-con-boxed e-con e-child\" data-id=\"6887c528\" data-element_type=\"container\" data-settings=\"{&quot;background_background&quot;:&quot;classic&quot;}\">\n\t\t\t\t\t<div class=\"e-con-inner\">\n\t\t<div class=\"elementor-element elementor-element-473988cb e-con-full e-flex e-con e-child\" data-id=\"473988cb\" data-element_type=\"container\">\n\t\t\t\t<div class=\"elementor-element elementor-element-58a59fba elementor-align-center elementor-widget elementor-widget-button\" data-id=\"58a59fba\" data-element_type=\"widget\" data-widget_type=\"button.default\">\n\t\t\t\t<div class=\"elementor-widget-container\">\n\t\t\t\t\t<div class=\"elementor-button-wrapper\">\n\t\t\t<a class=\"elementor-button elementor-button-link elementor-size-md\" href=\"#elementor-action:action=popup:open&settings=eyJpZCI6IjQ2NiIsInRvZ2dsZSI6ZmFsc2V9\">\n\t\t\t\t\t\t<span class=\"elementor-button-content-wrapper\">\n\t\t\t\t\t\t<span class=\"elementor-button-icon\">\n\t\t\t\t\t\t\t<\/span>\n\t\t\t\t\t\t\t\t\t<span class=\"elementor-button-text\">RICHIEDI UN PREVENTIVO RAPIDO<\/span>\n\t\t\t\t\t<\/span>\n\t\t\t\t\t<\/a>\n\t\t<\/div>\n\t\t\t\t<\/div>\n\t\t\t\t<\/div>\n\t\t\t\t<\/div>\n\t\t<div class=\"elementor-element elementor-element-526f783c e-con-full e-flex e-con e-child\" data-id=\"526f783c\" data-element_type=\"container\">\n\t\t\t\t<div class=\"elementor-element elementor-element-1cc14265 elementor-align-center elementor-widget elementor-widget-button\" data-id=\"1cc14265\" data-element_type=\"widget\" data-widget_type=\"button.default\">\n\t\t\t\t<div class=\"elementor-widget-container\">\n\t\t\t\t\t<div class=\"elementor-button-wrapper\">\n\t\t\t<a class=\"elementor-button elementor-button-link elementor-size-md\" href=\"https:\/\/lidaglassware.com\/it\/products\/\">\n\t\t\t\t\t\t<span class=\"elementor-button-content-wrapper\">\n\t\t\t\t\t\t<span class=\"elementor-button-icon\">\n\t\t\t\t\t\t\t<\/span>\n\t\t\t\t\t\t\t\t\t<span class=\"elementor-button-text\">ESPLORA TUTTI I PRODOTTI<\/span>\n\t\t\t\t\t<\/span>\n\t\t\t\t\t<\/a>\n\t\t<\/div>\n\t\t\t\t<\/div>\n\t\t\t\t<\/div>\n\t\t\t\t<\/div>\n\t\t\t\t\t<\/div>\n\t\t\t\t<\/div>\n\t\t\t\t\t<\/div>\n\t\t\t\t<\/div>\n\t\t\t\t<\/div>","protected":false},"excerpt":{"rendered":"<p>Quality Control At Lida Glassware Etablishing a fulfilled quality control system. Perfection Lies In The Details When it comes to producing exceptional glassware, it&#8217;s the small details that make a big difference. At Lida Glassware, we don&#8217;t just manufacture; we craft. From the initial design sketch to the final surface treatment, our quality control and [&hellip;]<\/p>","protected":false},"author":1,"featured_media":0,"parent":0,"menu_order":0,"comment_status":"closed","ping_status":"closed","template":"","meta":{"footnotes":""},"class_list":["post-2575","page","type-page","status-publish","hentry"],"_links":{"self":[{"href":"https:\/\/lidaglassware.com\/it\/wp-json\/wp\/v2\/pages\/2575","targetHints":{"allow":["GET"]}}],"collection":[{"href":"https:\/\/lidaglassware.com\/it\/wp-json\/wp\/v2\/pages"}],"about":[{"href":"https:\/\/lidaglassware.com\/it\/wp-json\/wp\/v2\/types\/page"}],"author":[{"embeddable":true,"href":"https:\/\/lidaglassware.com\/it\/wp-json\/wp\/v2\/users\/1"}],"replies":[{"embeddable":true,"href":"https:\/\/lidaglassware.com\/it\/wp-json\/wp\/v2\/comments?post=2575"}],"version-history":[{"count":0,"href":"https:\/\/lidaglassware.com\/it\/wp-json\/wp\/v2\/pages\/2575\/revisions"}],"wp:attachment":[{"href":"https:\/\/lidaglassware.com\/it\/wp-json\/wp\/v2\/media?parent=2575"}],"curies":[{"name":"wp","href":"https:\/\/api.w.org\/{rel}","templated":true}]}}