{"id":1075,"date":"2021-07-15T17:16:04","date_gmt":"2021-07-16T01:16:04","guid":{"rendered":"https:\/\/lidaglassware.com\/?post_type=product&#038;p=1075"},"modified":"2022-09-27T01:54:32","modified_gmt":"2022-09-27T09:54:32","slug":"frosted-shot-glasses-3oz-85ml","status":"publish","type":"product","link":"https:\/\/lidaglassware.com\/it\/prodotto\/bicchierini-smerigliati-3oz-85ml\/","title":{"rendered":"Bicchieri da shot satinati da 3 once \/ 85 ml"},"content":{"rendered":"<h2>Bicchieri da shot satinati da 3 once \/ 85 ml<\/h2>\n<p>&quot;Frost&quot; \u00e8 un metodo di lavorazione unico sugli occhiali. Ci sono tre modi diversi. Uno \u00e8 satinato all&#039;interno, il secondo \u00e8 satinato esternamente e l&#039;ultimo \u00e8 completamente satinato. Generalmente, se il cliente non lo specifica, sceglieremo il completo satinato.<\/p>\n<h1 id=\"firstHeading\" class=\"firstHeading\" lang=\"en\"><span style=\"color: #000000;\">Bicchiere da shot<\/span><\/h1>\n<div id=\"bodyContent\" class=\"mw-body-content\">\n<div id=\"siteSub\"><span style=\"color: #000000;\">Da Wikipedia, l&#039;enciclopedia libera<\/span><\/div>\n<div id=\"contentSub\"><\/div>\n<div id=\"jump-to-nav\" class=\"mw-jump\"><\/div>\n<div id=\"mw-content-text\" class=\"mw-content-ltr\" dir=\"ltr\" lang=\"en\">\n<div class=\"thumb tright\">\n<div class=\"thumbinner\">\n<p><span style=\"color: #000000;\"><a class=\"image\" style=\"color: #000000;\" href=\"https:\/\/en.wikipedia.org\/wiki\/File:Three_shotglasses.jpg\" target=\"_blank\" rel=\"noopener\"><img decoding=\"async\" class=\"thumbimage\" src=\"https:\/\/upload.wikimedia.org\/wikipedia\/commons\/thumb\/f\/fb\/Three_shotglasses.jpg\/220px-Three_shotglasses.jpg\" srcset=\"\/\/upload.wikimedia.org\/wikipedia\/commons\/thumb\/f\/fb\/Three_shotglasses.jpg\/330px-Three_shotglasses.jpg 1.5x, \/\/upload.wikimedia.org\/wikipedia\/commons\/thumb\/f\/fb\/Three_shotglasses.jpg\/440px-Three_shotglasses.jpg 2x\" alt=\"\" width=\"220\" height=\"174\" data-file-width=\"3136\" data-file-height=\"2480\"><\/a><\/span><\/p>\n<div class=\"thumbcaption\">\n<div class=\"magnify\"><\/div>\n<p><span style=\"color: #000000;\">Tre bicchierini di varia forma e dimensione<\/span><\/p>\n<\/div>\n<\/div>\n<\/div>\n<div class=\"thumb tright\">\n<div class=\"thumbinner\">\n<p><span style=\"color: #000000;\"><a class=\"image\" style=\"color: #000000;\" href=\"https:\/\/en.wikipedia.org\/wiki\/File:Novelty_Shot_Glasses.JPG\" target=\"_blank\" rel=\"noopener\"><img decoding=\"async\" class=\"thumbimage\" src=\"https:\/\/upload.wikimedia.org\/wikipedia\/commons\/thumb\/0\/0b\/Novelty_Shot_Glasses.JPG\/220px-Novelty_Shot_Glasses.JPG\" srcset=\"\/\/upload.wikimedia.org\/wikipedia\/commons\/thumb\/0\/0b\/Novelty_Shot_Glasses.JPG\/330px-Novelty_Shot_Glasses.JPG 1.5x, \/\/upload.wikimedia.org\/wikipedia\/commons\/thumb\/0\/0b\/Novelty_Shot_Glasses.JPG\/440px-Novelty_Shot_Glasses.JPG 2x\" alt=\"\" width=\"220\" height=\"121\" data-file-width=\"3048\" data-file-height=\"1683\"><\/a><\/span><\/p>\n<div class=\"thumbcaption\">\n<div class=\"magnify\"><\/div>\n<p><span style=\"color: #000000;\">Bicchieri da shot con una variet\u00e0 di design. Bicchierini come questi vengono spesso collezionati come novit\u00e0.<\/span><\/p>\n<\/div>\n<\/div>\n<\/div>\n<p><span style=\"color: #000000;\">UN <b>bicchierino<\/b> \u00e8 un piccolo <a class=\"mw-redirect\" style=\"color: #000000;\" title=\"Vetro (bicchieri)\" href=\"https:\/\/en.wikipedia.org\/wiki\/Glass_(drinkware)\" target=\"_blank\" rel=\"noopener\">bicchiere<\/a> progettato per contenere o misurare <a style=\"color: #000000;\" title=\"Bevanda distillata\" href=\"https:\/\/en.wikipedia.org\/wiki\/Distilled_beverage\" target=\"_blank\" rel=\"noopener\">liquori o liquori<\/a>, che viene bevuto direttamente dal bicchiere (&quot;uno shot&quot;) o versato in un <a style=\"color: #000000;\" title=\"Cocktail\" href=\"https:\/\/en.wikipedia.org\/wiki\/Cocktail\" target=\"_blank\" rel=\"noopener\">cocktail<\/a>. Un \u201cshot\u201d di liquore non \u00e8 la stessa cosa di un \u201c<a style=\"color: #000000;\" title=\"Tiratore (bevanda)\" href=\"https:\/\/en.wikipedia.org\/wiki\/Shooter_(drink)\" target=\"_blank\" rel=\"noopener\">tiratore<\/a>&#8220;.<\/span><\/p>\n<p><span style=\"color: #000000;\">Bicchierini decorati con un&#039;ampia variet\u00e0 di <a style=\"color: #000000;\" title=\"Brindisi (onore)\" href=\"https:\/\/en.wikipedia.org\/wiki\/Toast_(honor)\" target=\"_blank\" rel=\"noopener\">toast<\/a>, pubblicit\u00e0 e immagini divertenti sono popolari <a style=\"color: #000000;\" title=\"Souvenir\" href=\"https:\/\/en.wikipedia.org\/wiki\/Souvenir\" target=\"_blank\" rel=\"noopener\">souvenir<\/a> E <a style=\"color: #000000;\" title=\"Breweriana\" href=\"https:\/\/en.wikipedia.org\/wiki\/Breweriana\" target=\"_blank\" rel=\"noopener\">oggetti da collezione<\/a>.<\/span><\/p>\n<\/div>\n<\/div>","protected":false},"excerpt":{"rendered":"<p>Frosted Shot Glasses 3oz \/ 85ml &#8220;Frost&#8221; is an unique processing method on the glasses. There are\u00a0three different ways. One is inside frosted, the second is outer frosted and the last is the\u00a0complete frosted. Generally, we will choose the complete frosted if the client doesn&#8217;t specify. Shot glass From Wikipedia, the free encyclopedia Three shot [&hellip;]<\/p>","protected":false},"featured_media":1195,"comment_status":"closed","ping_status":"closed","template":"","meta":[],"class_list":["post-1075","product","type-product","status-publish","has-post-thumbnail","hentry","product_cat-shot-glasses","product_tag-branded-glasses","product_tag-custom-glasses","product_tag-decorated-glasses","product_tag-liquor-promoting"],"_links":{"self":[{"href":"https:\/\/lidaglassware.com\/it\/wp-json\/wp\/v2\/product\/1075","targetHints":{"allow":["GET"]}}],"collection":[{"href":"https:\/\/lidaglassware.com\/it\/wp-json\/wp\/v2\/product"}],"about":[{"href":"https:\/\/lidaglassware.com\/it\/wp-json\/wp\/v2\/types\/product"}],"replies":[{"embeddable":true,"href":"https:\/\/lidaglassware.com\/it\/wp-json\/wp\/v2\/comments?post=1075"}],"wp:featuredmedia":[{"embeddable":true,"href":"https:\/\/lidaglassware.com\/it\/wp-json\/wp\/v2\/media\/1195"}],"wp:attachment":[{"href":"https:\/\/lidaglassware.com\/it\/wp-json\/wp\/v2\/media?parent=1075"}],"curies":[{"name":"wp","href":"https:\/\/api.w.org\/{rel}","templated":true}]}}